{"id":1184,"date":"2020-11-11T12:09:51","date_gmt":"2020-11-11T05:09:51","guid":{"rendered":"http:\/\/mangobay.wamvietnam.com\/?page_id=1184"},"modified":"2024-03-20T17:47:24","modified_gmt":"2024-03-20T10:47:24","slug":"reservations","status":"publish","type":"page","link":"https:\/\/mangobayphuquoc.com\/fr\/reservations\/","title":{"rendered":"R\u00e9servations"},"content":{"rendered":"<div class=\"wpb-content-wrapper\"><div class=\"vc_row wpb_row vc_row-fluid no-bottom-margins\"><div class=\"wpb_column vc_column_container vc_col-sm-12\"><div class=\"vc_column-inner\"><div class=\"wpb_wrapper\">\n\t<div class=\"wpb_raw_code wpb_raw_html wpb_content_element\" >\n\t\t<div class=\"wpb_wrapper\">\n\t\t\t<link rel=\"stylesheet\" href=\"\/\/code.jquery.com\/ui\/1.12.1\/themes\/base\/jquery-ui.css\">\n<script src=\"https:\/\/code.jquery.com\/jquery-1.12.4.js\"><\/script>\n<script src=\"https:\/\/code.jquery.com\/ui\/1.12.1\/jquery-ui.js\"><\/script>\n\t\t<\/div>\n\t<\/div>\n\n\t<div class=\"wpb_raw_code wpb_raw_js\" >\n\t\t<div class=\"wpb_wrapper\">\n\t\t\t  <script>\n  $( function() {\n    $( \"#datepicker1\" ).datepicker({\n      numberOfMonths: 2,\n      showButtonPanel: true,\n      dateFormat: \"yy-mm-dd\"\n    });\n\n    $( \"#datepicker2\" ).datepicker({\n      numberOfMonths: 2,\n      showButtonPanel: true,\n      dateFormat: \"yy-mm-dd\"\n    });\n  } );\n  <\/script>\n\t\t<\/div>\n\t<\/div>\n<\/div><\/div><\/div><\/div><div class=\"vc_row wpb_row vc_row-fluid vc_custom_1606162391991\"><div class=\"wpb_column vc_column_container vc_col-sm-12\"><div class=\"vc_column-inner\"><div class=\"wpb_wrapper\"><div class=\"vcex-spacing wpex-w-100 wpex-clear\" style=\"height:10px\"><\/div><div class=\"vcex-module vcex-heading wpex-text-2xl wpex-font-normal wpex-m-auto wpex-max-w-100 vcex-heading-bottom-border-w-color wpex-block wpex-text-center wpex-border-b-2 wpex-border-solid wpex-border-gray-200\" style=\"font-size:20px;font-weight:600;\"><span class=\"vcex-heading-inner wpex-inline-block wpex-clr wpex-relative wpex-pb-5 wpex-border-b-2 wpex-border-solid wpex-border-accent\">R\u00c9SERVEZ MAINTENANT<\/span><\/div><div class=\"vcex-spacing wpex-w-100 wpex-clear\" style=\"height:20px\"><\/div><div class=\"vcex-module vcex-heading wpex-text-2xl wpex-font-normal wpex-m-auto wpex-max-w-100 vcex-heading-plain wpex-block wpex-text-center\" style=\"font-size:32px;font-weight:600;\"><span class=\"vcex-heading-inner wpex-inline-block wpex-clr\">Complexe h\u00f4telier Mango Bay<\/span><\/div><div class=\"vcex-spacing wpex-w-100 wpex-clear\" style=\"height:20px\"><\/div>\n\t<div class=\"wpb_text_column wpb_content_element\" >\n\t\t<div class=\"wpb_wrapper\">\n\t\t\t<p style=\"text-align: center;\"><strong>Les clients qui r\u00e9servent directement aupr\u00e8s de notre h\u00f4tel <a href=\"mailto:reservations@mangobayphuquoc.com\">R\u00e9servations<\/a> recevra:<\/strong><\/p>\n<div id=\"campp_37cod\" style=\"text-align: center;\"><span id=\"campp_37cod_bfonc\" class=\"\" data-text=\"true\">20% de r\u00e9duction sur les services Spa &amp; FnB \u00e0 partir du 1er avril<\/span><\/div>\n<div id=\"campp_61ppj\" style=\"text-align: center;\"><span id=\"campp_61ppj_5ovk5\" class=\"\" data-text=\"true\">Petit d\u00e9jeuner d\u00e9gustation gastronomique quotidien pour deux personnes<\/span><\/div>\n<div id=\"campp_f0qga\" style=\"text-align: center;\"><span id=\"campp_f0qga_a6orr\" class=\"\" data-text=\"true\">Activit\u00e9s de vill\u00e9giature gratuites programm\u00e9es<\/span><\/div>\n<div id=\"campp_d345d\" style=\"text-align: center;\"><span id=\"campp_d345d_a424h\" class=\"\" data-text=\"true\">Wi-Fi gratuit<\/span><\/div>\n<div id=\"campp_amfan\" style=\"text-align: center;\"><span id=\"campp_amfan_d3ee1\" class=\"\" data-text=\"true\">Service de th\u00e9 de pr\u00e9paration \u00e0 la nuit de Mango Bay<\/span><\/div>\n\n\t\t<\/div>\n\t<\/div>\n<div class=\"vcex-spacing wpex-w-100 wpex-clear\" style=\"height:20px\"><\/div>\n\t<div class=\"wpb_raw_code wpb_raw_html wpb_content_element\" >\n\t\t<div class=\"wpb_wrapper\">\n\t\t\t<form class=\"booking-form\" method=\"get\" action=\"https:\/\/www.1hotelrez.com\/hotelbookings\/\" target=\"_blank\" data-trp-original-action=\"https:\/\/www.1hotelrez.com\/hotelbookings\/\">\n<div class=\"container\">\n<input type=\"hidden\" id=\"MPage\" name=\"MPage\" value=\"1\">\n<input type=\"hidden\" id=\"HotelID\" name=\"HotelID\" value=\"WBE-VN-2018-09-00002\">\n<input type=\"hidden\" id=\"ChainID\" name=\"ChainID\" value=\"WBG-VN-2018-09-00002\">\n<div class=\"form-date\">\n<input type=\"text\" class=\"form-control datepicker datepicker-from\" name=\"ChkInDate\" id=\"datepicker1\" placeholder=\"ENREGISTREMENT\" value=\"\">\n<input type=\"text\" class=\"form-control datepicker datepicker-to\" name=\"ChkOutDate\" id=\"datepicker2\" placeholder=\"V\u00c9RIFIER\" value=\"\">\n<input type=\"text\" class=\"form-control\" id=\"ATACode\" name=\"ATACode\" value=\"\" placeholder=\"CODE PROMOTIONNEL\" autocomplete=\"off\">\n<\/div>\n<div class=\"form-booking\">\n<button title=\"R\u00c9SERVEZ MAINTENANT\" type=\"submit\" class=\"vcex-button theme-button minimal-border\" style=\"width: 250px;padding: 15px;background: #b1915c;color: #fff;font-weight: 500;font-size: 16px;\">R\u00c9SERVEZ MAINTENANT<\/button>\n<\/div>\n<\/div>           \n<input type=\"hidden\" name=\"trp-form-language\" value=\"fr\"\/><\/form>\n\t\t<\/div>\n\t<\/div>\n<div class=\"vcex-spacing wpex-w-100 wpex-clear\" style=\"height:10px\"><\/div>\n\t<div class=\"wpb_text_column wpb_content_element\" >\n\t\t<div class=\"wpb_wrapper\">\n\t\t\t<p style=\"text-align: center;\"><span style=\"text-decoration: underline; color: #ff0000;\"><strong>OFFRES SPECIALES<\/strong><\/span><br \/>\n<a href=\"https:\/\/mangobayphuquoc.com\/fr\/offers\/\"><span style=\"color: #800000;\"><b>OFFRE EXCLUSIVE DE R\u00c9SERVATION DIRECTE<\/b><\/span><\/a><br \/>\n<span style=\"color: #800000;\"><strong><a style=\"color: #800000;\" href=\"https:\/\/mangobayphuquoc.com\/fr\/offers\/\">FORFAIT D\u00c9TOX POUR COUPLE<\/a><\/strong><\/span><\/p>\n\n\t\t<\/div>\n\t<\/div>\n<div class=\"vcex-spacing wpex-w-100 wpex-clear\" style=\"height:20px\"><\/div><div class=\"vc_separator wpb_content_element vc_separator_align_center vc_sep_width_100 vc_sep_border_width_2 vc_sep_pos_align_center vc_separator_no_text vc_sep_color_grey wpb_content_element  wpb_content_element\" ><span class=\"vc_sep_holder vc_sep_holder_l\"><span class=\"vc_sep_line\"><\/span><\/span><span class=\"vc_sep_holder vc_sep_holder_r\"><span class=\"vc_sep_line\"><\/span><\/span>\n<\/div><div class=\"vcex-spacing wpex-w-100 wpex-clear\" style=\"height:5px\"><\/div>\n\t<div class=\"wpb_text_column wpb_content_element\" >\n\t\t<div class=\"wpb_wrapper\">\n\t\t\t<p style=\"text-align: center;\">Ligne d&#039;assistance t\u00e9l\u00e9phonique : <a href=\"tel: 84969681820\">(+84) 96 968 1820<\/a> - E-mail:\u00a0<a class=\"text-primary transform-none\" href=\"mailto:reservations@mangobayphuquoc.com\">reservations@mangobayphuquoc.com<\/a><\/p>\n\n\t\t<\/div>\n\t<\/div>\n<\/div><\/div><\/div><\/div><div class=\"nk-awb  nk-awb-after-vc_row\" ><div class=\"nk-awb-wrap\" data-awb-type=\"image\" data-awb-image-background-size=\"cover\" data-awb-image-background-position=\"50% 50%\" data-awb-parallax=\"scroll\" data-awb-parallax-speed=\"0.5\" data-awb-parallax-mobile=\"false\" data-awb-mouse-parallax-size=\"30\" data-awb-mouse-parallax-speed=\"10000\"><div  class=\"nk-awb-inner\"><img loading=\"lazy\" decoding=\"async\" width=\"594\" height=\"1168\" src=\"https:\/\/mangobayphuquoc.com\/wp-content\/uploads\/2020\/11\/bg-palm.png\" class=\"jarallax-img\" alt=\"\" style=\"object-position: 50% 50%;\" srcset=\"https:\/\/mangobayphuquoc.com\/wp-content\/uploads\/2020\/11\/bg-palm.png 594w, https:\/\/mangobayphuquoc.com\/wp-content\/uploads\/2020\/11\/bg-palm-153x300.png 153w, https:\/\/mangobayphuquoc.com\/wp-content\/uploads\/2020\/11\/bg-palm-521x1024.png 521w, https:\/\/mangobayphuquoc.com\/wp-content\/uploads\/2020\/11\/bg-palm-500x983.png 500w\" sizes=\"auto, (max-width: 594px) 100vw, 594px\" \/><\/div><\/div><\/div>\n<\/div>","protected":false},"excerpt":{"rendered":"R\u00c9SERVEZ MAINTENANTMANGO BAY RESORT Les clients qui r\u00e9servent directement aupr\u00e8s de notre h\u00f4tel recevront : 20% de r\u00e9duction sur les services Spa &amp; FnB \u00e0 partir du 1er avril Petit-d\u00e9jeuner d\u00e9gustation gastronomique quotidien pour deux personnes Activit\u00e9s de vill\u00e9giature programm\u00e9es gratuites Wi-Fi gratuit Service de couverture au Mango Bay\u2026","protected":false},"author":1,"featured_media":0,"parent":0,"menu_order":12,"comment_status":"closed","ping_status":"closed","template":"","meta":{"footnotes":""},"class_list":["post-1184","page","type-page","status-publish","hentry","entry","no-media"],"yoast_head":"<!-- This site is optimized with the Yoast SEO plugin v27.2 - https:\/\/yoast.com\/product\/yoast-seo-wordpress\/ -->\n<title>Reservations - Mango Bay Resort Phu Quoc<\/title>\n<meta name=\"description\" content=\"Mango Bay Resort is an eco-friendly resort with beachfront bungalows, nestled amidst lush greenery, perfect for a nature retreat on Phu Quoc.\" \/>\n<meta name=\"robots\" content=\"index, follow, max-snippet:-1, max-image-preview:large, max-video-preview:-1\" \/>\n<link rel=\"canonical\" href=\"https:\/\/mangobayphuquoc.com\/fr\/reservations\/\" \/>\n<meta property=\"og:locale\" content=\"fr_FR\" \/>\n<meta property=\"og:type\" content=\"article\" \/>\n<meta property=\"og:title\" content=\"Reservations - Mango Bay Resort Phu Quoc\" \/>\n<meta property=\"og:description\" content=\"Mango Bay Resort is an eco-friendly resort with beachfront bungalows, nestled amidst lush greenery, perfect for a nature retreat on Phu Quoc.\" \/>\n<meta property=\"og:url\" content=\"https:\/\/mangobayphuquoc.com\/fr\/reservations\/\" \/>\n<meta property=\"og:site_name\" content=\"Mango Bay Resort Phu Quoc\" \/>\n<meta property=\"article:modified_time\" content=\"2024-03-20T10:47:24+00:00\" \/>\n<meta property=\"og:image\" content=\"https:\/\/mangobayphuquoc.com\/wp-content\/uploads\/2024\/08\/DAVID-MEDIA-MangoBay-Demo-4-17-1024x682.jpg\" \/>\n\t<meta property=\"og:image:width\" content=\"1024\" \/>\n\t<meta property=\"og:image:height\" content=\"682\" \/>\n\t<meta property=\"og:image:type\" content=\"image\/jpeg\" \/>\n<meta name=\"twitter:card\" content=\"summary_large_image\" \/>\n<meta name=\"twitter:label1\" content=\"Dur\u00e9e de lecture estim\u00e9e\" \/>\n\t<meta name=\"twitter:data1\" content=\"2 minutes\" \/>\n<!-- \/ Yoast SEO plugin. -->","yoast_head_json":{"title":"Reservations - Mango Bay Resort Phu Quoc","description":"Mango Bay Resort is an eco-friendly resort with beachfront bungalows, nestled amidst lush greenery, perfect for a nature retreat on Phu Quoc.","robots":{"index":"index","follow":"follow","max-snippet":"max-snippet:-1","max-image-preview":"max-image-preview:large","max-video-preview":"max-video-preview:-1"},"canonical":"https:\/\/mangobayphuquoc.com\/fr\/reservations\/","og_locale":"fr_FR","og_type":"article","og_title":"Reservations - Mango Bay Resort Phu Quoc","og_description":"Mango Bay Resort is an eco-friendly resort with beachfront bungalows, nestled amidst lush greenery, perfect for a nature retreat on Phu Quoc.","og_url":"https:\/\/mangobayphuquoc.com\/fr\/reservations\/","og_site_name":"Mango Bay Resort Phu Quoc","article_modified_time":"2024-03-20T10:47:24+00:00","og_image":[{"width":1024,"height":682,"url":"https:\/\/mangobayphuquoc.com\/wp-content\/uploads\/2024\/08\/DAVID-MEDIA-MangoBay-Demo-4-17-1024x682.jpg","type":"image\/jpeg"}],"twitter_card":"summary_large_image","twitter_misc":{"Dur\u00e9e de lecture estim\u00e9e":"2 minutes"},"schema":{"@context":"https:\/\/schema.org","@graph":[{"@type":"WebPage","@id":"https:\/\/mangobayphuquoc.com\/en\/reservations\/","url":"https:\/\/mangobayphuquoc.com\/en\/reservations\/","name":"Reservations - Mango Bay Resort Phu Quoc","isPartOf":{"@id":"https:\/\/mangobayphuquoc.com\/vi\/#website"},"datePublished":"2020-11-11T05:09:51+00:00","dateModified":"2024-03-20T10:47:24+00:00","description":"Mango Bay Resort is an eco-friendly resort with beachfront bungalows, nestled amidst lush greenery, perfect for a nature retreat on Phu Quoc.","breadcrumb":{"@id":"https:\/\/mangobayphuquoc.com\/en\/reservations\/#breadcrumb"},"inLanguage":"fr-FR","potentialAction":[{"@type":"ReadAction","target":["https:\/\/mangobayphuquoc.com\/en\/reservations\/"]}]},{"@type":"BreadcrumbList","@id":"https:\/\/mangobayphuquoc.com\/en\/reservations\/#breadcrumb","itemListElement":[{"@type":"ListItem","position":1,"name":"Home","item":"https:\/\/mangobayphuquoc.com\/"},{"@type":"ListItem","position":2,"name":"Reservations"}]},{"@type":"WebSite","@id":"https:\/\/mangobayphuquoc.com\/vi\/#website","url":"https:\/\/mangobayphuquoc.com\/vi\/","name":"Mango Bay Resort Phu Quoc","description":"#1 well-known Resort on Phu Quoc Island","publisher":{"@id":"https:\/\/mangobayphuquoc.com\/vi\/#organization"},"potentialAction":[{"@type":"SearchAction","target":{"@type":"EntryPoint","urlTemplate":"https:\/\/mangobayphuquoc.com\/vi\/?s={search_term_string}"},"query-input":{"@type":"PropertyValueSpecification","valueRequired":true,"valueName":"search_term_string"}}],"inLanguage":"fr-FR"},{"@type":"Organization","@id":"https:\/\/mangobayphuquoc.com\/vi\/#organization","name":"Mango Bay Resort Phu Quoc","url":"https:\/\/mangobayphuquoc.com\/vi\/","logo":{"@type":"ImageObject","inLanguage":"fr-FR","@id":"https:\/\/mangobayphuquoc.com\/vi\/#\/schema\/logo\/image\/","url":"https:\/\/mangobayphuquoc.com\/wp-content\/uploads\/2020\/10\/logo-white.png","contentUrl":"https:\/\/mangobayphuquoc.com\/wp-content\/uploads\/2020\/10\/logo-white.png","width":160,"height":52,"caption":"Mango Bay Resort Phu Quoc"},"image":{"@id":"https:\/\/mangobayphuquoc.com\/vi\/#\/schema\/logo\/image\/"}}]}},"_links":{"self":[{"href":"https:\/\/mangobayphuquoc.com\/fr\/wp-json\/wp\/v2\/pages\/1184","targetHints":{"allow":["GET"]}}],"collection":[{"href":"https:\/\/mangobayphuquoc.com\/fr\/wp-json\/wp\/v2\/pages"}],"about":[{"href":"https:\/\/mangobayphuquoc.com\/fr\/wp-json\/wp\/v2\/types\/page"}],"author":[{"embeddable":true,"href":"https:\/\/mangobayphuquoc.com\/fr\/wp-json\/wp\/v2\/users\/1"}],"replies":[{"embeddable":true,"href":"https:\/\/mangobayphuquoc.com\/fr\/wp-json\/wp\/v2\/comments?post=1184"}],"version-history":[{"count":47,"href":"https:\/\/mangobayphuquoc.com\/fr\/wp-json\/wp\/v2\/pages\/1184\/revisions"}],"predecessor-version":[{"id":2631,"href":"https:\/\/mangobayphuquoc.com\/fr\/wp-json\/wp\/v2\/pages\/1184\/revisions\/2631"}],"wp:attachment":[{"href":"https:\/\/mangobayphuquoc.com\/fr\/wp-json\/wp\/v2\/media?parent=1184"}],"curies":[{"name":"wp","href":"https:\/\/api.w.org\/{rel}","templated":true}]}}