{"id":2040,"date":"2020-12-19T12:05:31","date_gmt":"2020-12-19T05:05:31","guid":{"rendered":"http:\/\/mangobay.wamvietnam.com\/?page_id=2040"},"modified":"2021-01-20T10:12:11","modified_gmt":"2021-01-20T03:12:11","slug":"payment-methods","status":"publish","type":"page","link":"https:\/\/mangobayphuquoc.com\/fr\/payment-methods\/","title":{"rendered":"Modes de paiement"},"content":{"rendered":"<div class=\"wpb-content-wrapper\"><div data-vc-full-width=\"true\" data-vc-full-width-init=\"false\" class=\"vc_row wpb_row vc_row-fluid vc_custom_1611110440446 vc_row-o-full-height vc_row-o-columns-middle vc_row-flex wpex-vc_row-has-fill wpex-vc-row-stretched no-bottom-margins add-overlay-header-offset\"><div class=\"wpb_column vc_column_container vc_col-sm-3\"><div class=\"vc_column-inner\"><div class=\"wpb_wrapper\"><\/div><\/div><\/div><div class=\"wpb_column vc_column_container vc_col-sm-6\"><div class=\"vc_column-inner\"><div class=\"wpb_wrapper\"><h1 class=\"vcex-module vcex-heading wpex-text-2xl wpex-font-normal wpex-m-auto wpex-max-w-100 vcex-heading-plain wpex-block wpex-text-center  wpb_animate_when_almost_visible wpb_fadeInDown fadeInDown\" style=\"color:#ffffff;font-size:32px;text-transform:uppercase;\"><span class=\"vcex-heading-inner wpex-inline-block wpex-clr\">Modes de paiement<\/span><\/h1><div class=\"vcex-spacing wpex-w-100 wpex-clear\" style=\"height:30px\"><\/div><div class=\"vcex-module vcex-heading wpex-text-2xl wpex-font-normal wpex-m-auto wpex-max-w-100 vcex-heading-plain wpex-block wpex-text-center  wpb_animate_when_almost_visible wpb_fadeInDown fadeInDown\" style=\"color:#ffffff;font-size:12px;\"><a href=\"#explore\" class=\"wpex-no-underline local-scroll-link wpex-inherit-color wpex-hover-text-accent\"\"><span class=\"vcex-heading-inner wpex-inline-block wpex-clr\">FAITES D\u00c9FILER POUR D\u00c9COUVRIR<span class=\"vcex-icon-wrap wpex-ml-15\"><span class=\"ticon ticon-angle-double-down\" aria-hidden=\"true\"><\/span><\/span><\/span><\/a><\/div><\/div><\/div><\/div><div class=\"wpb_column vc_column_container vc_col-sm-3\"><div class=\"vc_column-inner\"><div class=\"wpb_wrapper\"><\/div><\/div><\/div><\/div><div class=\"vc_row-full-width vc_clearfix\"><\/div><div class=\"nk-awb  nk-awb-after-vc_row\" ><div class=\"nk-awb-wrap\" data-awb-type=\"image\" data-awb-image-background-size=\"cover\" data-awb-image-background-position=\"50% 50%\" data-awb-parallax=\"scroll\" data-awb-parallax-speed=\"0.6\" data-awb-parallax-mobile=\"false\" data-awb-mouse-parallax-size=\"60\" data-awb-mouse-parallax-speed=\"10000\"><div class=\"nk-awb-overlay\" style=\"background-color: rgba(0,0,0,0.5);\"><\/div><div  class=\"nk-awb-inner\"><img loading=\"lazy\" decoding=\"async\" width=\"2560\" height=\"1706\" src=\"https:\/\/mangobayphuquoc.com\/wp-content\/uploads\/2020\/11\/DSC07523-scaled.jpg\" class=\"jarallax-img\" alt=\"\" style=\"object-position: 50% 50%;\" srcset=\"https:\/\/mangobayphuquoc.com\/wp-content\/uploads\/2020\/11\/DSC07523-scaled.jpg 2560w, https:\/\/mangobayphuquoc.com\/wp-content\/uploads\/2020\/11\/DSC07523-300x200.jpg 300w, https:\/\/mangobayphuquoc.com\/wp-content\/uploads\/2020\/11\/DSC07523-1024x682.jpg 1024w, https:\/\/mangobayphuquoc.com\/wp-content\/uploads\/2020\/11\/DSC07523-768x512.jpg 768w, https:\/\/mangobayphuquoc.com\/wp-content\/uploads\/2020\/11\/DSC07523-1536x1024.jpg 1536w, https:\/\/mangobayphuquoc.com\/wp-content\/uploads\/2020\/11\/DSC07523-2048x1365.jpg 2048w, https:\/\/mangobayphuquoc.com\/wp-content\/uploads\/2020\/11\/DSC07523-500x333.jpg 500w, https:\/\/mangobayphuquoc.com\/wp-content\/uploads\/2020\/11\/DSC07523-800x533.jpg 800w, https:\/\/mangobayphuquoc.com\/wp-content\/uploads\/2020\/11\/DSC07523-1280x853.jpg 1280w, https:\/\/mangobayphuquoc.com\/wp-content\/uploads\/2020\/11\/DSC07523-1920x1280.jpg 1920w\" sizes=\"auto, (max-width: 2560px) 100vw, 2560px\" \/><\/div><\/div><\/div><div data-vc-full-width=\"true\" data-vc-full-width-init=\"false\" class=\"vc_row wpb_row vc_row-fluid vc_custom_1608354356803 wpex-vc_row-has-fill wpex-vc-row-stretched no-bottom-margins\" data-ls_id=\"#explore\"><div class=\"wpb_column vc_column_container vc_col-sm-12\"><div class=\"vc_column-inner\"><div class=\"wpb_wrapper\">\n\t<div class=\"wpb_text_column wpb_content_element wpb_animate_when_almost_visible wpb_fadeInUp fadeInUp\" >\n\t\t<div class=\"wpb_wrapper\">\n\t\t\t<h2>PAIEMENTS<\/h2>\n<p>Lorsque vous effectuez une r\u00e9servation, notre syst\u00e8me de r\u00e9servation vous enverra une confirmation par e-mail. Vous devrez payer la r\u00e9servation \u00e0 la date d&#039;\u00e9ch\u00e9ance de l&#039;une des mani\u00e8res suivantes :<\/p>\n<p><strong>Paiement en ligne par carte bancaire : carte bancaire, ou carte de paiement internationale.<\/strong><br \/>\n\u2022 C&#039;est un moyen de paiement en ligne rapide et pratique pour ceux qui souhaitent r\u00e9server \u00e0 l&#039;avance.<br \/>\n\u2022 Pour r\u00e9gler la r\u00e9servation :<br \/>\n\u2022 Le syst\u00e8me de r\u00e9servation vous redirigera vers la page de paiement en ligne. Vous suivrez les instructions pour payer la r\u00e9servation.<br \/>\n\u2022 Lorsque le syst\u00e8me de r\u00e9servation n&#039;est pas connect\u00e9 au paiement en ligne, nous vous enverrons un lien vers la page de paiement en ligne de la banque avec laquelle nous coop\u00e9rons. Vous suivez les instructions pour payer la r\u00e9servation.<br \/>\n\u2022 Si pass\u00e9 le d\u00e9lai de r\u00e9servation, le r\u00e8glement reste impay\u00e9, nous nous r\u00e9servons le droit d&#039;annuler unilat\u00e9ralement votre r\u00e9servation.<\/p>\n<p><strong>Payez hors ligne par carte bancaire : carte bancaire ou carte de paiement internationale.<\/strong><br \/>\n\u2022 Lorsque le formulaire de paiement en ligne n&#039;est pas pr\u00eat, nous vous enverrons un formulaire de \u00ab Paiement par carte de cr\u00e9dit autoris\u00e9 \u00bb, veuillez remplir toutes les informations, signer et fournir une copie de la carte d&#039;identit\u00e9, une copie du passeport \/ carte d&#039;identit\u00e9 pour garantir la r\u00e9servation, et nous le retourner.<br \/>\n\u2022 Si vous souhaitez utiliser la carte que vous nous avez fournie pour r\u00e9gler votre r\u00e9servation, nous d\u00e9biterons la carte \u00e0 la date pr\u00e9vue. Veuillez apporter votre carte et la pr\u00e9senter \u00e0 notre personnel lors de l&#039;enregistrement pour v\u00e9rification du titulaire de la carte. Dans le cas contraire, votre r\u00e9servation devra \u00eatre r\u00e9gl\u00e9e avec une autre carte ou en esp\u00e8ces. Nous vous rembourserons ensuite le montant sur la carte que nous avons d\u00e9bit\u00e9e. Cela prendra un certain temps, en moyenne environ 21 jours ouvrables, pour que vous receviez les fonds sur votre compte de carte.<br \/>\n\u2022 Si vous souhaitez r\u00e9gler la r\u00e9servation avec une autre carte, veuillez nous en informer. Nous ne d\u00e9biterons pas la carte fournie. Cependant, nous bloquerons un montant \u00e9gal au montant de la r\u00e9servation sur cette carte \u00e0 la date d&#039;\u00e9ch\u00e9ance du paiement.<br \/>\n\u2022 Nous facturerons sur la carte fournie si vous ne vous enregistrez pas comme r\u00e9serv\u00e9 \u00e0 la date d&#039;arriv\u00e9e (non-pr\u00e9sentation) et aucun remboursement.<br \/>\n\u2022 Nous exigeons que le titulaire de la carte soit un client s\u00e9journant \u00e0 l&#039;h\u00f4tel.<br \/>\n\u2022 Nous nous r\u00e9servons le droit d&#039;annuler unilat\u00e9ralement votre r\u00e9servation si vous ne fournissez pas d&#039;informations suffisantes ou si nous ne recevons pas de r\u00e9ponse de votre part \u00e0 la date d&#039;\u00e9ch\u00e9ance du paiement.<\/p>\n<p><strong>Mode de paiement par virement bancaire :<\/strong><br \/>\n\u2022 Il s&#039;agit d&#039;un mode de paiement qui n&#039;utilise pas de carte bancaire, pour les clients qui souhaitent r\u00e9server \u00e0 l&#039;avance<br \/>\n\u2022 Nous vous enverrons les informations de votre compte \u00e0 votre adresse e-mail<br \/>\n\u2022 Veuillez transf\u00e9rer l&#039;argent sur le compte de l&#039;h\u00f4tel. Lors du virement, indiquez le nom de l&#039;exp\u00e9diteur, son num\u00e9ro de t\u00e9l\u00e9phone, le num\u00e9ro de confirmation de la r\u00e9servation et pr\u00e9venez-nous afin que nous puissions v\u00e9rifier le montant transf\u00e9r\u00e9.<br \/>\n\u2022 Apr\u00e8s avoir re\u00e7u l&#039;argent, nous vous contacterons pour confirmer<br \/>\n\u2022 Si pass\u00e9 le d\u00e9lai de r\u00e9servation, le r\u00e8glement reste impay\u00e9, nous nous r\u00e9servons le droit d&#039;annuler unilat\u00e9ralement votre r\u00e9servation.<\/p>\n<p><strong>Mode de paiement direct :<\/strong><br \/>\n\u2022 Il s&#039;agit d&#039;un mode de paiement flexible, qui vous permet de r\u00e9server directement \u00e0 la r\u00e9ception de l&#039;h\u00f4tel. Selon l&#039;accord conclu, vous r\u00e9glerez la facture directement \u00e0 la r\u00e9ception avant ou apr\u00e8s avoir utilis\u00e9 le service.<\/p>\n<h2>POLITIQUE DE S\u00c9CURIT\u00c9 DES PAIEMENTS :<\/h2>\n<p>Nous ne conservons aucune information relative \u00e0 la carte de cr\u00e9dit ou au compte bancaire que vous utilisez sur le site Web via la passerelle de paiement tierce.<br \/>\nLe syst\u00e8me de paiement par carte sur le site Web est fourni par des partenaires de passerelle de paiement autoris\u00e9s \u00e0 op\u00e9rer l\u00e9galement au Vietnam. Par cons\u00e9quent, nos normes de s\u00e9curit\u00e9 de paiement par carte garantissent le respect des normes de s\u00e9curit\u00e9 des partenaires de passerelle de paiement.<\/p>\n\n\t\t<\/div>\n\t<\/div>\n<\/div><\/div><\/div><\/div><div class=\"vc_row-full-width vc_clearfix\"><\/div>\n<\/div>","protected":false},"excerpt":{"rendered":"Modes de paiement","protected":false},"author":1,"featured_media":0,"parent":0,"menu_order":16,"comment_status":"closed","ping_status":"closed","template":"","meta":{"footnotes":""},"class_list":["post-2040","page","type-page","status-publish","hentry","entry","no-media"],"yoast_head":"<!-- This site is optimized with the Yoast SEO plugin v27.2 - https:\/\/yoast.com\/product\/yoast-seo-wordpress\/ -->\n<title>Payment Methods - Mango Bay Resort Phu Quoc<\/title>\n<meta name=\"description\" content=\"Mango Bay Resort is an eco-friendly resort with beachfront bungalows, nestled amidst lush greenery, perfect for a nature retreat on Phu Quoc.\" \/>\n<meta name=\"robots\" content=\"index, follow, max-snippet:-1, max-image-preview:large, max-video-preview:-1\" \/>\n<link rel=\"canonical\" href=\"https:\/\/mangobayphuquoc.com\/fr\/payment-methods\/\" \/>\n<meta property=\"og:locale\" content=\"fr_FR\" \/>\n<meta property=\"og:type\" content=\"article\" \/>\n<meta property=\"og:title\" content=\"Payment Methods - Mango Bay Resort Phu Quoc\" \/>\n<meta property=\"og:description\" content=\"Mango Bay Resort is an eco-friendly resort with beachfront bungalows, nestled amidst lush greenery, perfect for a nature retreat on Phu Quoc.\" \/>\n<meta property=\"og:url\" content=\"https:\/\/mangobayphuquoc.com\/fr\/payment-methods\/\" \/>\n<meta property=\"og:site_name\" content=\"Mango Bay Resort Phu Quoc\" \/>\n<meta property=\"article:modified_time\" content=\"2021-01-20T03:12:11+00:00\" \/>\n<meta property=\"og:image\" content=\"https:\/\/mangobayphuquoc.com\/wp-content\/uploads\/2024\/08\/DAVID-MEDIA-MangoBay-Demo-4-17-1024x682.jpg\" \/>\n\t<meta property=\"og:image:width\" content=\"1024\" \/>\n\t<meta property=\"og:image:height\" content=\"682\" \/>\n\t<meta property=\"og:image:type\" content=\"image\/jpeg\" \/>\n<meta name=\"twitter:card\" content=\"summary_large_image\" \/>\n<meta name=\"twitter:label1\" content=\"Dur\u00e9e de lecture estim\u00e9e\" \/>\n\t<meta name=\"twitter:data1\" content=\"4 minutes\" \/>\n<!-- \/ Yoast SEO plugin. -->","yoast_head_json":{"title":"Payment Methods - Mango Bay Resort Phu Quoc","description":"Mango Bay Resort is an eco-friendly resort with beachfront bungalows, nestled amidst lush greenery, perfect for a nature retreat on Phu Quoc.","robots":{"index":"index","follow":"follow","max-snippet":"max-snippet:-1","max-image-preview":"max-image-preview:large","max-video-preview":"max-video-preview:-1"},"canonical":"https:\/\/mangobayphuquoc.com\/fr\/payment-methods\/","og_locale":"fr_FR","og_type":"article","og_title":"Payment Methods - Mango Bay Resort Phu Quoc","og_description":"Mango Bay Resort is an eco-friendly resort with beachfront bungalows, nestled amidst lush greenery, perfect for a nature retreat on Phu Quoc.","og_url":"https:\/\/mangobayphuquoc.com\/fr\/payment-methods\/","og_site_name":"Mango Bay Resort Phu Quoc","article_modified_time":"2021-01-20T03:12:11+00:00","og_image":[{"width":1024,"height":682,"url":"https:\/\/mangobayphuquoc.com\/wp-content\/uploads\/2024\/08\/DAVID-MEDIA-MangoBay-Demo-4-17-1024x682.jpg","type":"image\/jpeg"}],"twitter_card":"summary_large_image","twitter_misc":{"Dur\u00e9e de lecture estim\u00e9e":"4 minutes"},"schema":{"@context":"https:\/\/schema.org","@graph":[{"@type":"WebPage","@id":"https:\/\/mangobayphuquoc.com\/payment-methods\/","url":"https:\/\/mangobayphuquoc.com\/payment-methods\/","name":"Payment Methods - Mango Bay Resort Phu Quoc","isPartOf":{"@id":"https:\/\/mangobayphuquoc.com\/vi\/#website"},"datePublished":"2020-12-19T05:05:31+00:00","dateModified":"2021-01-20T03:12:11+00:00","description":"Mango Bay Resort is an eco-friendly resort with beachfront bungalows, nestled amidst lush greenery, perfect for a nature retreat on Phu Quoc.","breadcrumb":{"@id":"https:\/\/mangobayphuquoc.com\/payment-methods\/#breadcrumb"},"inLanguage":"fr-FR","potentialAction":[{"@type":"ReadAction","target":["https:\/\/mangobayphuquoc.com\/payment-methods\/"]}]},{"@type":"BreadcrumbList","@id":"https:\/\/mangobayphuquoc.com\/payment-methods\/#breadcrumb","itemListElement":[{"@type":"ListItem","position":1,"name":"Home","item":"https:\/\/mangobayphuquoc.com\/"},{"@type":"ListItem","position":2,"name":"Payment Methods"}]},{"@type":"WebSite","@id":"https:\/\/mangobayphuquoc.com\/vi\/#website","url":"https:\/\/mangobayphuquoc.com\/vi\/","name":"Mango Bay Resort Phu Quoc","description":"#1 well-known Resort on Phu Quoc Island","publisher":{"@id":"https:\/\/mangobayphuquoc.com\/vi\/#organization"},"potentialAction":[{"@type":"SearchAction","target":{"@type":"EntryPoint","urlTemplate":"https:\/\/mangobayphuquoc.com\/vi\/?s={search_term_string}"},"query-input":{"@type":"PropertyValueSpecification","valueRequired":true,"valueName":"search_term_string"}}],"inLanguage":"fr-FR"},{"@type":"Organization","@id":"https:\/\/mangobayphuquoc.com\/vi\/#organization","name":"Mango Bay Resort Phu Quoc","url":"https:\/\/mangobayphuquoc.com\/vi\/","logo":{"@type":"ImageObject","inLanguage":"fr-FR","@id":"https:\/\/mangobayphuquoc.com\/vi\/#\/schema\/logo\/image\/","url":"https:\/\/mangobayphuquoc.com\/wp-content\/uploads\/2020\/10\/logo-white.png","contentUrl":"https:\/\/mangobayphuquoc.com\/wp-content\/uploads\/2020\/10\/logo-white.png","width":160,"height":52,"caption":"Mango Bay Resort Phu Quoc"},"image":{"@id":"https:\/\/mangobayphuquoc.com\/vi\/#\/schema\/logo\/image\/"}}]}},"_links":{"self":[{"href":"https:\/\/mangobayphuquoc.com\/fr\/wp-json\/wp\/v2\/pages\/2040","targetHints":{"allow":["GET"]}}],"collection":[{"href":"https:\/\/mangobayphuquoc.com\/fr\/wp-json\/wp\/v2\/pages"}],"about":[{"href":"https:\/\/mangobayphuquoc.com\/fr\/wp-json\/wp\/v2\/types\/page"}],"author":[{"embeddable":true,"href":"https:\/\/mangobayphuquoc.com\/fr\/wp-json\/wp\/v2\/users\/1"}],"replies":[{"embeddable":true,"href":"https:\/\/mangobayphuquoc.com\/fr\/wp-json\/wp\/v2\/comments?post=2040"}],"version-history":[{"count":6,"href":"https:\/\/mangobayphuquoc.com\/fr\/wp-json\/wp\/v2\/pages\/2040\/revisions"}],"predecessor-version":[{"id":2137,"href":"https:\/\/mangobayphuquoc.com\/fr\/wp-json\/wp\/v2\/pages\/2040\/revisions\/2137"}],"wp:attachment":[{"href":"https:\/\/mangobayphuquoc.com\/fr\/wp-json\/wp\/v2\/media?parent=2040"}],"curies":[{"name":"wp","href":"https:\/\/api.w.org\/{rel}","templated":true}]}}