{"id":2130,"date":"2021-01-20T09:29:28","date_gmt":"2021-01-20T02:29:28","guid":{"rendered":"https:\/\/mangobayphuquoc.com\/?page_id=2130"},"modified":"2024-04-01T07:57:34","modified_gmt":"2024-04-01T00:57:34","slug":"general-terms","status":"publish","type":"page","link":"https:\/\/mangobayphuquoc.com\/fr\/general-terms\/","title":{"rendered":"Conditions g\u00e9n\u00e9rales"},"content":{"rendered":"<div class=\"wpb-content-wrapper\"><div data-vc-full-width=\"true\" data-vc-full-width-init=\"false\" class=\"vc_row wpb_row vc_row-fluid vc_custom_1611109374115 vc_row-o-full-height vc_row-o-columns-middle vc_row-flex wpex-vc_row-has-fill wpex-vc-row-stretched no-bottom-margins add-overlay-header-offset\"><div class=\"wpb_column vc_column_container vc_col-sm-3\"><div class=\"vc_column-inner\"><div class=\"wpb_wrapper\"><\/div><\/div><\/div><div class=\"wpb_column vc_column_container vc_col-sm-6\"><div class=\"vc_column-inner\"><div class=\"wpb_wrapper\"><h1 class=\"vcex-module vcex-heading wpex-text-2xl wpex-font-normal wpex-m-auto wpex-max-w-100 vcex-heading-plain wpex-block wpex-text-center  wpb_animate_when_almost_visible wpb_fadeInDown fadeInDown\" style=\"color:#ffffff;font-size:32px;text-transform:uppercase;\"><span class=\"vcex-heading-inner wpex-inline-block wpex-clr\">Conditions g\u00e9n\u00e9rales<\/span><\/h1><div class=\"vcex-spacing wpex-w-100 wpex-clear\" style=\"height:30px\"><\/div><div class=\"vcex-module vcex-heading wpex-text-2xl wpex-font-normal wpex-m-auto wpex-max-w-100 vcex-heading-plain wpex-block wpex-text-center  wpb_animate_when_almost_visible wpb_fadeInDown fadeInDown\" style=\"color:#ffffff;font-size:12px;\"><a href=\"#explore\" class=\"wpex-no-underline local-scroll-link wpex-inherit-color wpex-hover-text-accent\"\"><span class=\"vcex-heading-inner wpex-inline-block wpex-clr\">FAITES D\u00c9FILER POUR D\u00c9COUVRIR<span class=\"vcex-icon-wrap wpex-ml-15\"><span class=\"ticon ticon-angle-double-down\" aria-hidden=\"true\"><\/span><\/span><\/span><\/a><\/div><\/div><\/div><\/div><div class=\"wpb_column vc_column_container vc_col-sm-3\"><div class=\"vc_column-inner\"><div class=\"wpb_wrapper\"><\/div><\/div><\/div><\/div><div class=\"vc_row-full-width vc_clearfix\"><\/div><div class=\"nk-awb  nk-awb-after-vc_row\" ><div class=\"nk-awb-wrap\" data-awb-type=\"image\" data-awb-image-background-size=\"cover\" data-awb-image-background-position=\"50% 50%\" data-awb-parallax=\"scroll\" data-awb-parallax-speed=\"0.6\" data-awb-parallax-mobile=\"false\" data-awb-mouse-parallax-size=\"60\" data-awb-mouse-parallax-speed=\"10000\"><div class=\"nk-awb-overlay\" style=\"background-color: rgba(0,0,0,0.4);\"><\/div><div  class=\"nk-awb-inner\"><img loading=\"lazy\" decoding=\"async\" width=\"2560\" height=\"1707\" src=\"https:\/\/mangobayphuquoc.com\/wp-content\/uploads\/2020\/11\/IMG_7861-2-scaled.jpg\" class=\"jarallax-img\" alt=\"\" style=\"object-position: 50% 50%;\" srcset=\"https:\/\/mangobayphuquoc.com\/wp-content\/uploads\/2020\/11\/IMG_7861-2-scaled.jpg 2560w, https:\/\/mangobayphuquoc.com\/wp-content\/uploads\/2020\/11\/IMG_7861-2-300x200.jpg 300w, https:\/\/mangobayphuquoc.com\/wp-content\/uploads\/2020\/11\/IMG_7861-2-1024x683.jpg 1024w, https:\/\/mangobayphuquoc.com\/wp-content\/uploads\/2020\/11\/IMG_7861-2-768x512.jpg 768w, https:\/\/mangobayphuquoc.com\/wp-content\/uploads\/2020\/11\/IMG_7861-2-1536x1024.jpg 1536w, https:\/\/mangobayphuquoc.com\/wp-content\/uploads\/2020\/11\/IMG_7861-2-2048x1365.jpg 2048w, https:\/\/mangobayphuquoc.com\/wp-content\/uploads\/2020\/11\/IMG_7861-2-500x333.jpg 500w, https:\/\/mangobayphuquoc.com\/wp-content\/uploads\/2020\/11\/IMG_7861-2-800x533.jpg 800w, https:\/\/mangobayphuquoc.com\/wp-content\/uploads\/2020\/11\/IMG_7861-2-1280x853.jpg 1280w, https:\/\/mangobayphuquoc.com\/wp-content\/uploads\/2020\/11\/IMG_7861-2-1920x1280.jpg 1920w\" sizes=\"auto, (max-width: 2560px) 100vw, 2560px\" \/><\/div><\/div><\/div><div data-vc-full-width=\"true\" data-vc-full-width-init=\"false\" class=\"vc_row wpb_row vc_row-fluid vc_custom_1608359869869 wpex-vc_row-has-fill wpex-vc-row-stretched no-bottom-margins\" data-ls_id=\"#explore\"><div class=\"wpb_column vc_column_container vc_col-sm-12\"><div class=\"vc_column-inner\"><div class=\"wpb_wrapper\">\n\t<div class=\"wpb_text_column wpb_content_element wpb_animate_when_almost_visible wpb_fadeInUp fadeInUp\" >\n\t\t<div class=\"wpb_wrapper\">\n\t\t\t<h2>GUIDE DE R\u00c9SERVATION<\/h2>\n<p>Apr\u00e8s avoir consult\u00e9 les informations sur la chambre fournies par le site Web pour effectuer une r\u00e9servation, les clients peuvent effectuer les op\u00e9rations suivantes :<br \/>\nOption 1 : Appelez directement le num\u00e9ro de t\u00e9l\u00e9phone de l&#039;h\u00f4tel (+84 9696 818 20) pour obtenir une consultation plus rapide et conna\u00eetre les informations exactes sur les chambres disponibles.<br \/>\nOption 2 : Rendez-vous directement \u00e0 l&#039;adresse de l&#039;h\u00f4tel sur le site Web pour effectuer une r\u00e9servation.<br \/>\nOption 3 : Envoyez votre r\u00e9servation par e-mail \u00e0 l&#039;adresse reservations@mangobayphuquoc.com<\/p>\n<h2>HEURE DE R\u00c9CEPTION DE LA CHAMBRE :<\/h2>\n<p>L&#039;enregistrement anticip\u00e9 est soumis \u00e0 disponibilit\u00e9 de l&#039;h\u00f4tel et un montant suppl\u00e9mentaire peut \u00eatre factur\u00e9 pour cette demande.<br \/>\nArriv\u00e9e \u00e0 partir de 14h00<br \/>\nD\u00e9part avant 12h00.<br \/>\nFrais d&#039;enregistrement anticip\u00e9 et de d\u00e9part tardif, veuillez contacter l&#039;h\u00f4tel : reservations@mangobayphuquoc.com<br \/>\n<em><strong>* Remarque : Autres services hors programme, factur\u00e9s normalement selon le prix\/r\u00e8glement de l&#039;h\u00f4tel.<\/strong><\/em><br \/>\nSous r\u00e9serve de disponibilit\u00e9 et de confirmation de l&#039;accord de Mango Bay. Les frais seront payables au moment de la confirmation de Mango Bay.<\/p>\n<h2>PROCESSUS DE R\u00c9SOLUTION DES PLAINTES<\/h2>\n<p>En cas de litige (apr\u00e8s r\u00e9servation), le Client peut se plaindre directement aupr\u00e8s de nous \u00e0 la Hotline de l&#039;h\u00f4tel ou \u00e0 l&#039;adresse email suivante :<br \/>\nHotline : (+84) 969681820 \u2013 (+84) 297 3 981 693<br \/>\nCourriel : reservations@mangobayphuquoc.com<br \/>\nLes r\u00e9clamations des clients seront re\u00e7ues et transf\u00e9r\u00e9es au service responsable dans les 24 heures et r\u00e9solues dans les plus brefs d\u00e9lais.<\/p>\n<h2>POLITIQUE DE CHANGEMENT DE CHAMBRE, DATE DE R\u00c9CEPTION DU CHANGEMENT DE CHAMBRE<\/h2>\n<p>Si vous souhaitez modifier la date d&#039;arriv\u00e9e \/ de d\u00e9part, ou changer la chambre ou le type de chambre, veuillez contacter notre service de r\u00e9servation pour obtenir de l&#039;aide.<\/p>\n<h2>POLITIQUE D&#039;ANNULATION<\/h2>\n<p>En fonction du type de chambre, la politique d&#039;annulation sera diff\u00e9rente. Voici la politique d&#039;annulation de base qui s&#039;applique lorsque la politique d&#039;annulation n&#039;est pas mentionn\u00e9e dans la r\u00e9servation ou sur la page de r\u00e9servation en ligne :<br \/>\n\u2022 En cas d&#039;annulation de la chambre par le client 7 jours avant la date d&#039;arriv\u00e9e pr\u00e9vue, le montant total pay\u00e9 sera rembours\u00e9.<br \/>\n\u2022 Si les clients annulent la r\u00e9servation dans les 7 jours suivant la date d&#039;enregistrement r\u00e9serv\u00e9e, nous facturerons 1 nuit de la r\u00e9servation.<br \/>\n\u2022 Si les clients annulent la r\u00e9servation dans les 48 heures suivant la date d&#039;enregistrement r\u00e9serv\u00e9e, nous facturerons des frais d&#039;acompte sur la r\u00e9servation.<br \/>\n\u2022 Dans le cas o\u00f9 le client a r\u00e9serv\u00e9 et pay\u00e9 mais ne s&#039;est pas enregistr\u00e9, nous facturerons le prix total de la chambre.<\/p>\n<h2>POLITIQUE DE REMBOURSEMENT<\/h2>\n<p style=\"margin: 0cm; background: #FEFEFE; vertical-align: baseline;\"><span style=\"font-size: 11.5pt; font-family: 'Segoe UI',sans-serif; color: #3c2313; letter-spacing: .75pt;\">Si le client a pay\u00e9 l&#039;acompte en totalit\u00e9, il devra payer le montant total de la r\u00e9servation. Mais en raison de conditions objectives, nous devrions annuler notre voyage. Nous envisagerons de rembourser le montant au client. Le remboursement sera bas\u00e9 sur la politique de chaque r\u00e9servation. Ce remboursement sera officiellement notifi\u00e9 par notre personnel au client par courrier \u00e9lectronique.<br \/>\n\u2022 Le d\u00e9lai de remboursement est de 7 \u00e0 21 jours ouvrables selon la banque.<\/span><\/p>\n<p>\u2022 Forme de remboursement : remboursement du compte bancaire ou de la carte encaiss\u00e9e.<br \/>\n\u2022 Co\u00fbt de remboursement : gratuit.<br \/>\n<em><strong>* Note:<\/strong><\/em><br \/>\nNous nous r\u00e9servons le droit de modifier les conditions, d&#039;annuler la politique \u00e0 tout moment sans pr\u00e9avis.<br \/>\nNous ne sommes pas responsables des indemnit\u00e9s, changements de date, de type de chambre\u2026 indirects, fortuits ou cons\u00e9cutifs ou en cas de force majeure (catastrophes naturelles, guerre\u2026).<\/p>\n\n\t\t<\/div>\n\t<\/div>\n<\/div><\/div><\/div><\/div><div class=\"vc_row-full-width vc_clearfix\"><\/div>\n<\/div>","protected":false},"excerpt":{"rendered":"Conditions g\u00e9n\u00e9rales","protected":false},"author":1,"featured_media":0,"parent":0,"menu_order":14,"comment_status":"closed","ping_status":"closed","template":"","meta":{"footnotes":""},"class_list":["post-2130","page","type-page","status-publish","hentry","entry","no-media"],"yoast_head":"<!-- This site is optimized with the Yoast SEO plugin v27.2 - https:\/\/yoast.com\/product\/yoast-seo-wordpress\/ -->\n<title>General Terms - Mango Bay Resort Phu Quoc<\/title>\n<meta name=\"description\" content=\"Mango Bay Resort is an eco-friendly resort with beachfront bungalows, nestled amidst lush greenery, perfect for a nature retreat on Phu Quoc.\" \/>\n<meta name=\"robots\" content=\"index, follow, max-snippet:-1, max-image-preview:large, max-video-preview:-1\" \/>\n<link rel=\"canonical\" href=\"https:\/\/mangobayphuquoc.com\/fr\/general-terms\/\" \/>\n<meta property=\"og:locale\" content=\"fr_FR\" \/>\n<meta property=\"og:type\" content=\"article\" \/>\n<meta property=\"og:title\" content=\"General Terms - Mango Bay Resort Phu Quoc\" \/>\n<meta property=\"og:description\" content=\"Mango Bay Resort is an eco-friendly resort with beachfront bungalows, nestled amidst lush greenery, perfect for a nature retreat on Phu Quoc.\" \/>\n<meta property=\"og:url\" content=\"https:\/\/mangobayphuquoc.com\/fr\/general-terms\/\" \/>\n<meta property=\"og:site_name\" content=\"Mango Bay Resort Phu Quoc\" \/>\n<meta property=\"article:modified_time\" content=\"2024-04-01T00:57:34+00:00\" \/>\n<meta property=\"og:image\" content=\"https:\/\/mangobayphuquoc.com\/wp-content\/uploads\/2024\/08\/DAVID-MEDIA-MangoBay-Demo-4-17-1024x682.jpg\" \/>\n\t<meta property=\"og:image:width\" content=\"1024\" \/>\n\t<meta property=\"og:image:height\" content=\"682\" \/>\n\t<meta property=\"og:image:type\" content=\"image\/jpeg\" \/>\n<meta name=\"twitter:card\" content=\"summary_large_image\" \/>\n<meta name=\"twitter:label1\" content=\"Dur\u00e9e de lecture estim\u00e9e\" \/>\n\t<meta name=\"twitter:data1\" content=\"3 minutes\" \/>\n<!-- \/ Yoast SEO plugin. -->","yoast_head_json":{"title":"General Terms - Mango Bay Resort Phu Quoc","description":"Mango Bay Resort is an eco-friendly resort with beachfront bungalows, nestled amidst lush greenery, perfect for a nature retreat on Phu Quoc.","robots":{"index":"index","follow":"follow","max-snippet":"max-snippet:-1","max-image-preview":"max-image-preview:large","max-video-preview":"max-video-preview:-1"},"canonical":"https:\/\/mangobayphuquoc.com\/fr\/general-terms\/","og_locale":"fr_FR","og_type":"article","og_title":"General Terms - Mango Bay Resort Phu Quoc","og_description":"Mango Bay Resort is an eco-friendly resort with beachfront bungalows, nestled amidst lush greenery, perfect for a nature retreat on Phu Quoc.","og_url":"https:\/\/mangobayphuquoc.com\/fr\/general-terms\/","og_site_name":"Mango Bay Resort Phu Quoc","article_modified_time":"2024-04-01T00:57:34+00:00","og_image":[{"width":1024,"height":682,"url":"https:\/\/mangobayphuquoc.com\/wp-content\/uploads\/2024\/08\/DAVID-MEDIA-MangoBay-Demo-4-17-1024x682.jpg","type":"image\/jpeg"}],"twitter_card":"summary_large_image","twitter_misc":{"Dur\u00e9e de lecture estim\u00e9e":"3 minutes"},"schema":{"@context":"https:\/\/schema.org","@graph":[{"@type":"WebPage","@id":"https:\/\/mangobayphuquoc.com\/general-terms\/","url":"https:\/\/mangobayphuquoc.com\/general-terms\/","name":"General Terms - Mango Bay Resort Phu Quoc","isPartOf":{"@id":"https:\/\/mangobayphuquoc.com\/vi\/#website"},"datePublished":"2021-01-20T02:29:28+00:00","dateModified":"2024-04-01T00:57:34+00:00","description":"Mango Bay Resort is an eco-friendly resort with beachfront bungalows, nestled amidst lush greenery, perfect for a nature retreat on Phu Quoc.","breadcrumb":{"@id":"https:\/\/mangobayphuquoc.com\/general-terms\/#breadcrumb"},"inLanguage":"fr-FR","potentialAction":[{"@type":"ReadAction","target":["https:\/\/mangobayphuquoc.com\/general-terms\/"]}]},{"@type":"BreadcrumbList","@id":"https:\/\/mangobayphuquoc.com\/general-terms\/#breadcrumb","itemListElement":[{"@type":"ListItem","position":1,"name":"Home","item":"https:\/\/mangobayphuquoc.com\/"},{"@type":"ListItem","position":2,"name":"General Terms"}]},{"@type":"WebSite","@id":"https:\/\/mangobayphuquoc.com\/vi\/#website","url":"https:\/\/mangobayphuquoc.com\/vi\/","name":"Mango Bay Resort Phu Quoc","description":"#1 well-known Resort on Phu Quoc Island","publisher":{"@id":"https:\/\/mangobayphuquoc.com\/vi\/#organization"},"potentialAction":[{"@type":"SearchAction","target":{"@type":"EntryPoint","urlTemplate":"https:\/\/mangobayphuquoc.com\/vi\/?s={search_term_string}"},"query-input":{"@type":"PropertyValueSpecification","valueRequired":true,"valueName":"search_term_string"}}],"inLanguage":"fr-FR"},{"@type":"Organization","@id":"https:\/\/mangobayphuquoc.com\/vi\/#organization","name":"Mango Bay Resort Phu Quoc","url":"https:\/\/mangobayphuquoc.com\/vi\/","logo":{"@type":"ImageObject","inLanguage":"fr-FR","@id":"https:\/\/mangobayphuquoc.com\/vi\/#\/schema\/logo\/image\/","url":"https:\/\/mangobayphuquoc.com\/wp-content\/uploads\/2020\/10\/logo-white.png","contentUrl":"https:\/\/mangobayphuquoc.com\/wp-content\/uploads\/2020\/10\/logo-white.png","width":160,"height":52,"caption":"Mango Bay Resort Phu Quoc"},"image":{"@id":"https:\/\/mangobayphuquoc.com\/vi\/#\/schema\/logo\/image\/"}}]}},"_links":{"self":[{"href":"https:\/\/mangobayphuquoc.com\/fr\/wp-json\/wp\/v2\/pages\/2130","targetHints":{"allow":["GET"]}}],"collection":[{"href":"https:\/\/mangobayphuquoc.com\/fr\/wp-json\/wp\/v2\/pages"}],"about":[{"href":"https:\/\/mangobayphuquoc.com\/fr\/wp-json\/wp\/v2\/types\/page"}],"author":[{"embeddable":true,"href":"https:\/\/mangobayphuquoc.com\/fr\/wp-json\/wp\/v2\/users\/1"}],"replies":[{"embeddable":true,"href":"https:\/\/mangobayphuquoc.com\/fr\/wp-json\/wp\/v2\/comments?post=2130"}],"version-history":[{"count":2,"href":"https:\/\/mangobayphuquoc.com\/fr\/wp-json\/wp\/v2\/pages\/2130\/revisions"}],"predecessor-version":[{"id":2633,"href":"https:\/\/mangobayphuquoc.com\/fr\/wp-json\/wp\/v2\/pages\/2130\/revisions\/2633"}],"wp:attachment":[{"href":"https:\/\/mangobayphuquoc.com\/fr\/wp-json\/wp\/v2\/media?parent=2130"}],"curies":[{"name":"wp","href":"https:\/\/api.w.org\/{rel}","templated":true}]}}