{"id":2779,"date":"2025-03-11T14:59:55","date_gmt":"2025-03-11T07:59:55","guid":{"rendered":"https:\/\/mangobayphuquoc.com\/?page_id=2779"},"modified":"2025-03-11T15:11:11","modified_gmt":"2025-03-11T08:11:11","slug":"superior-garden-view-rammed-earth-room","status":"publish","type":"page","link":"https:\/\/mangobayphuquoc.com\/fr\/accommodation\/superior-garden-view-rammed-earth-room\/","title":{"rendered":"Chambre Sup\u00e9rieure en Terre Cuite avec Vue sur le Jardin"},"content":{"rendered":"<div class=\"wpb-content-wrapper\"><div class=\"vc_row wpb_row vc_row-fluid vc_custom_1604099005061\"><div class=\"wpb_column vc_column_container vc_col-sm-12\"><div class=\"vc_column-inner\"><div class=\"wpb_wrapper\"><div class=\"wpex-slider-preloaderimg\"><img loading=\"lazy\" decoding=\"async\" data-no-lazy=\"1\" class=\"skip-lazy\" src=\"https:\/\/mangobayphuquoc.com\/wp-content\/uploads\/2025\/03\/Copy-of-DSC08076-1-copy-1280x680.jpg\" alt=\"\" width=\"1280\" height=\"680\" \/><\/div><div class=\"vcex-module wpex-slider slider-pro vcex-image-slider wpex-clr\"  data-loop=\"true\" data-auto-play-delay=\"3000\" data-fade-arrows=\"false\" data-animation-speed=\"600\" data-height-animation-duration=\"500\" data-thumbnail-height=\"70\" data-thumbnail-width=\"70\"><div class=\"wpex-slider-slides sp-slides\"><div class=\"wpex-slider-slide sp-slide\"><div class=\"wpex-slider-media\"><img loading=\"lazy\" decoding=\"async\" data-no-lazy=\"1\" class=\"skip-lazy\" src=\"https:\/\/mangobayphuquoc.com\/wp-content\/uploads\/2025\/03\/Copy-of-DSC08076-1-copy-1280x680.jpg\" alt=\"\" width=\"1280\" height=\"680\" \/><\/div><\/div><div class=\"wpex-slider-slide sp-slide\"><div class=\"wpex-slider-media\"><img loading=\"lazy\" decoding=\"async\" data-no-lazy=\"1\" class=\"skip-lazy\" src=\"https:\/\/mangobayphuquoc.com\/wp-content\/uploads\/2025\/03\/Copy-of-DSC08077-1-copy-1280x680.jpg\" alt=\"\" width=\"1280\" height=\"680\" \/><\/div><\/div><div class=\"wpex-slider-slide sp-slide\"><div class=\"wpex-slider-media\"><img loading=\"lazy\" decoding=\"async\" data-no-lazy=\"1\" class=\"skip-lazy\" src=\"https:\/\/mangobayphuquoc.com\/wp-content\/uploads\/2025\/03\/Copy-of-DSC08080-1-copy-1280x680.jpg\" alt=\"\" width=\"1280\" height=\"680\" \/><\/div><\/div><div class=\"wpex-slider-slide sp-slide\"><div class=\"wpex-slider-media\"><img loading=\"lazy\" decoding=\"async\" data-no-lazy=\"1\" class=\"skip-lazy\" src=\"https:\/\/mangobayphuquoc.com\/wp-content\/uploads\/2025\/03\/Copy-of-DSC08083-1-copy-1280x680.jpg\" alt=\"\" width=\"1280\" height=\"680\" \/><\/div><\/div><div class=\"wpex-slider-slide sp-slide\"><div class=\"wpex-slider-media\"><img loading=\"lazy\" decoding=\"async\" data-no-lazy=\"1\" class=\"skip-lazy\" src=\"https:\/\/mangobayphuquoc.com\/wp-content\/uploads\/2025\/03\/Copy-of-DSC08086-1-copy-1280x680.jpg\" alt=\"\" width=\"1280\" height=\"680\" \/><\/div><\/div><div class=\"wpex-slider-slide sp-slide\"><div class=\"wpex-slider-media\"><img loading=\"lazy\" decoding=\"async\" data-no-lazy=\"1\" class=\"skip-lazy\" src=\"https:\/\/mangobayphuquoc.com\/wp-content\/uploads\/2025\/03\/Copy-of-DSC08089-1-copy-1280x680.jpg\" alt=\"\" width=\"1280\" height=\"680\" \/><\/div><\/div><div class=\"wpex-slider-slide sp-slide\"><div class=\"wpex-slider-media\"><img loading=\"lazy\" decoding=\"async\" data-no-lazy=\"1\" class=\"skip-lazy\" src=\"https:\/\/mangobayphuquoc.com\/wp-content\/uploads\/2025\/03\/Copy-of-DSC08090-1-copy-1280x680.jpg\" alt=\"\" width=\"1280\" height=\"680\" \/><\/div><\/div><div class=\"wpex-slider-slide sp-slide\"><div class=\"wpex-slider-media\"><img loading=\"lazy\" decoding=\"async\" data-no-lazy=\"1\" class=\"skip-lazy\" src=\"https:\/\/mangobayphuquoc.com\/wp-content\/uploads\/2025\/03\/Copy-of-DSC08103-1-copy-1-1280x680.jpg\" alt=\"\" width=\"1280\" height=\"680\" \/><\/div><\/div><div class=\"wpex-slider-slide sp-slide\"><div class=\"wpex-slider-media\"><img loading=\"lazy\" decoding=\"async\" data-no-lazy=\"1\" class=\"skip-lazy\" src=\"https:\/\/mangobayphuquoc.com\/wp-content\/uploads\/2025\/03\/Copy-of-DSC08106-1-copy-1-1280x680.jpg\" alt=\"\" width=\"1280\" height=\"680\" \/><\/div><\/div><div class=\"wpex-slider-slide sp-slide\"><div class=\"wpex-slider-media\"><img loading=\"lazy\" decoding=\"async\" data-no-lazy=\"1\" class=\"skip-lazy\" src=\"https:\/\/mangobayphuquoc.com\/wp-content\/uploads\/2025\/03\/z6385943281716_55d53444e30f0d2da021b91972051e1d-1280x680.jpg\" alt=\"\" width=\"1280\" height=\"680\" \/><\/div><\/div><div class=\"wpex-slider-slide sp-slide\"><div class=\"wpex-slider-media\"><img loading=\"lazy\" decoding=\"async\" data-no-lazy=\"1\" class=\"skip-lazy\" src=\"https:\/\/mangobayphuquoc.com\/wp-content\/uploads\/2025\/03\/z6385943288911_8a73c16d0877ce4e87ec418f8e8ac6f7-1280x680.jpg\" alt=\"\" width=\"1280\" height=\"680\" \/><\/div><\/div><div class=\"wpex-slider-slide sp-slide\"><div class=\"wpex-slider-media\"><img loading=\"lazy\" decoding=\"async\" data-no-lazy=\"1\" class=\"skip-lazy\" src=\"https:\/\/mangobayphuquoc.com\/wp-content\/uploads\/2025\/03\/z6385943299131_f5fa634934464f76539ba392ee40eab5-1280x680.jpg\" alt=\"\" width=\"1280\" height=\"680\" \/><\/div><\/div><div class=\"wpex-slider-slide sp-slide\"><div class=\"wpex-slider-media\"><img loading=\"lazy\" decoding=\"async\" data-no-lazy=\"1\" class=\"skip-lazy\" src=\"https:\/\/mangobayphuquoc.com\/wp-content\/uploads\/2025\/03\/z6385943311785_4ff50f6998a60b3344d37a5d42b01f8b-1280x680.jpg\" alt=\"\" width=\"1280\" height=\"680\" \/><\/div><\/div><\/div><\/div><div class=\"vcex-spacing wpex-w-100 wpex-clear\" style=\"height:30px\"><\/div><div class=\"vcex-module vcex-heading wpex-text-2xl wpex-font-normal wpex-m-auto wpex-max-w-100 vcex-heading-plain wpex-block\" style=\"font-size:32px;font-weight:600;\"><span class=\"vcex-heading-inner wpex-inline-block wpex-clr\">Chambre Sup\u00e9rieure en Terre Cuite avec Vue sur le Jardin<\/span><\/div><div class=\"vcex-spacing wpex-w-100 wpex-clear\" style=\"height:30px\"><\/div><div class=\"vc_row wpb_row vc_inner vc_row-fluid vc_row-o-equal-height vc_row-flex\"><div class=\"wpb_column vc_column_container vc_col-sm-4 wpex-vc_col-has-fill\"><div class=\"vc_column-inner vc_custom_1604097360100\"><div class=\"wpb_wrapper\"><div class=\"vcex-module vcex-heading wpex-text-2xl wpex-font-normal wpex-m-auto wpex-max-w-100 vcex-heading-plain wpex-block\"><span class=\"vcex-heading-inner wpex-inline-block wpex-clr\">Grand lit<\/span><\/div><div class=\"vcex-spacing wpex-w-100 wpex-clear\" style=\"height:15px\"><\/div>\n\t<div class=\"wpb_text_column wpb_content_element\" >\n\t\t<div class=\"wpb_wrapper\">\n\t\t\t<p>Voir<br \/>\n<strong>Jardin<\/strong><\/p>\n<p>Lits<br \/>\n<strong>Grand lit<\/strong><\/p>\n<p>Capacit\u00e9 maximale<br \/>\n<strong>2 adultes maximum peuvent \u00eatre h\u00e9berg\u00e9s (Pas d&#039;enfant, pas de lit suppl\u00e9mentaire)<\/strong><\/p>\n<p>Taille<br \/>\n<strong>30 m\u00b2<\/strong><\/p>\n\n\t\t<\/div>\n\t<\/div>\n<div class=\"vcex-spacing wpex-w-100 wpex-clear\" style=\"height:15px\"><\/div><div class=\"theme-button-expanded-wrap theme-button-wrap wpex-clr\"><a href=\"https:\/\/www.1hotelrez.com\/hotelbookings2\/?MPage=1&#038;HotelID=WBE-VN-2018-09-00002&#038;ChainID=WBG-VN-2018-09-00002\" class=\"vcex-button theme-button expanded expanded\" target=\"_blank\" rel=\"noopener noreferrer\"><span class=\"theme-button-inner\">R\u00c9SERVEZ MAINTENANT<\/span><\/a><\/div> <\/div><\/div><\/div><div class=\"wpb_column vc_column_container vc_col-sm-8\"><div class=\"vc_column-inner\"><div class=\"wpb_wrapper\">\n\t<div class=\"wpb_text_column wpb_content_element\" >\n\t\t<div class=\"wpb_wrapper\">\n\t\t\t<p><span style=\"font-weight: 400;\">Un havre de paix nich\u00e9 dans un jardin tropical luxuriant, o\u00f9 vous pourrez ressentir le charme rustique des murs en terre et la simplicit\u00e9 d&#039;un cottage traditionnel. La spacieuse terrasse commune, reli\u00e9e au bungalow voisin, offre une sensation de chaleur et de connexion douce avec l&#039;environnement tout en pr\u00e9servant l&#039;intimit\u00e9 n\u00e9cessaire \u00e0 une d\u00e9tente compl\u00e8te.<\/span><\/p>\n\n\t\t<\/div>\n\t<\/div>\n<div class=\"vcex-spacing wpex-w-100 wpex-clear\" style=\"height:15px\"><\/div><div class=\"vcex-module vcex-heading wpex-text-2xl wpex-font-normal wpex-m-auto wpex-max-w-100 vcex-heading-plain wpex-block\"><span class=\"vcex-heading-inner wpex-inline-block wpex-clr\">Caract\u00e9ristiques de la chambre<\/span><\/div><div class=\"vcex-spacing wpex-w-100 wpex-clear\" style=\"height:15px\"><\/div>\n\t<div class=\"wpb_text_column wpb_content_element\" >\n\t\t<div class=\"wpb_wrapper\">\n\t\t\t<div class=\"vc_row wpb_row vc_row-fluid\">\n<div class=\"wpb_column vc_column_container vc_col-sm-4\">\n<div class=\"vc_column-inner\">\n<div class=\"wpb_wrapper\">\n<div class=\"vcex-module vcex-bullets vcex-bullets-gray\">\n<ul>\n<li>Brise du soir AC\u00ae<\/li>\n<li>Draps de lit en coton 100%<\/li>\n<li>Terrasse partag\u00e9e avec chaises longues et table<\/li>\n<li>Coffre-fort dans la chambre<\/li>\n<li>Salle de bain ferm\u00e9e<\/li>\n<li>Mini-bar<\/li>\n<\/ul>\n<\/div>\n<\/div>\n<\/div>\n<\/div>\n<div class=\"wpb_column vc_column_container vc_col-sm-4\">\n<div class=\"vc_column-inner\">\n<div class=\"wpb_wrapper\">\n<div class=\"vcex-module vcex-bullets vcex-bullets-gray\">\n<ul>\n<li>100% Gel douche\/Shampoing\/Lait corporel naturel d&#039;Azial<\/li>\n<li>Serviettes de bain et serviettes de plage<\/li>\n<li>Carafe \u00e0 eau et thermos<\/li>\n<li>Th\u00e9 et caf\u00e9<\/li>\n<li>Sac de plage<\/li>\n<\/ul>\n<\/div>\n<\/div>\n<\/div>\n<\/div>\n<div class=\"wpb_column vc_column_container vc_col-sm-4\">\n<div class=\"vc_column-inner\">\n<div class=\"wpb_wrapper\">\n<div class=\"vcex-module vcex-bullets vcex-bullets-gray\">\n<ul>\n<li>Tongs<\/li>\n<li>Moustiquaire<\/li>\n<li>Carte de l&#039;\u00eele<\/li>\n<li>Parapluie<\/li>\n<li>Serpentins et spray anti-moustiques<\/li>\n<li>Ventilateurs<\/li>\n<\/ul>\n<\/div>\n<\/div>\n<\/div>\n<\/div>\n<\/div>\n\n\t\t<\/div>\n\t<\/div>\n<\/div><\/div><\/div><\/div><\/div><\/div><\/div><\/div>\n<\/div>","protected":false},"excerpt":{"rendered":"Superior Garden View Rammed Earth RoomDouble Bed View Garden Beds Double Bed Maximum Occupancy 2 adults maximum can be accommodated (No kid, no extra bed) Size 30 sqm BOOK NOW A peaceful hideaway nestled in a lush tropical garden, where&hellip;","protected":false},"author":1,"featured_media":0,"parent":298,"menu_order":3,"comment_status":"closed","ping_status":"closed","template":"","meta":{"footnotes":""},"class_list":["post-2779","page","type-page","status-publish","hentry","entry","no-media"],"yoast_head":"<!-- This site is optimized with the Yoast SEO plugin v27.2 - https:\/\/yoast.com\/product\/yoast-seo-wordpress\/ -->\n<title>Superior Garden View Rammed Earth Room - Mango Bay Resort Phu Quoc<\/title>\n<meta name=\"description\" content=\"Mango Bay Resort is an eco-friendly resort with beachfront bungalows, nestled amidst lush greenery, perfect for a nature retreat on Phu Quoc.\" \/>\n<meta name=\"robots\" content=\"index, follow, max-snippet:-1, max-image-preview:large, max-video-preview:-1\" \/>\n<link rel=\"canonical\" href=\"https:\/\/mangobayphuquoc.com\/fr\/accommodation\/superior-garden-view-rammed-earth-room\/\" \/>\n<meta property=\"og:locale\" content=\"fr_FR\" \/>\n<meta property=\"og:type\" content=\"article\" \/>\n<meta property=\"og:title\" content=\"Superior Garden View Rammed Earth Room - Mango Bay Resort Phu Quoc\" \/>\n<meta property=\"og:description\" content=\"Mango Bay Resort is an eco-friendly resort with beachfront bungalows, nestled amidst lush greenery, perfect for a nature retreat on Phu Quoc.\" \/>\n<meta property=\"og:url\" content=\"https:\/\/mangobayphuquoc.com\/fr\/accommodation\/superior-garden-view-rammed-earth-room\/\" \/>\n<meta property=\"og:site_name\" content=\"Mango Bay Resort Phu Quoc\" \/>\n<meta property=\"article:modified_time\" content=\"2025-03-11T08:11:11+00:00\" \/>\n<meta property=\"og:image\" content=\"https:\/\/mangobayphuquoc.com\/wp-content\/uploads\/2024\/08\/DAVID-MEDIA-MangoBay-Demo-4-17-1024x682.jpg\" \/>\n\t<meta property=\"og:image:width\" content=\"1024\" \/>\n\t<meta property=\"og:image:height\" content=\"682\" \/>\n\t<meta property=\"og:image:type\" content=\"image\/jpeg\" \/>\n<meta name=\"twitter:card\" content=\"summary_large_image\" \/>\n<meta name=\"twitter:label1\" content=\"Dur\u00e9e de lecture estim\u00e9e\" \/>\n\t<meta name=\"twitter:data1\" content=\"1 minute\" \/>\n<!-- \/ Yoast SEO plugin. -->","yoast_head_json":{"title":"Superior Garden View Rammed Earth Room - Mango Bay Resort Phu Quoc","description":"Mango Bay Resort is an eco-friendly resort with beachfront bungalows, nestled amidst lush greenery, perfect for a nature retreat on Phu Quoc.","robots":{"index":"index","follow":"follow","max-snippet":"max-snippet:-1","max-image-preview":"max-image-preview:large","max-video-preview":"max-video-preview:-1"},"canonical":"https:\/\/mangobayphuquoc.com\/fr\/accommodation\/superior-garden-view-rammed-earth-room\/","og_locale":"fr_FR","og_type":"article","og_title":"Superior Garden View Rammed Earth Room - Mango Bay Resort Phu Quoc","og_description":"Mango Bay Resort is an eco-friendly resort with beachfront bungalows, nestled amidst lush greenery, perfect for a nature retreat on Phu Quoc.","og_url":"https:\/\/mangobayphuquoc.com\/fr\/accommodation\/superior-garden-view-rammed-earth-room\/","og_site_name":"Mango Bay Resort Phu Quoc","article_modified_time":"2025-03-11T08:11:11+00:00","og_image":[{"width":1024,"height":682,"url":"https:\/\/mangobayphuquoc.com\/wp-content\/uploads\/2024\/08\/DAVID-MEDIA-MangoBay-Demo-4-17-1024x682.jpg","type":"image\/jpeg"}],"twitter_card":"summary_large_image","twitter_misc":{"Dur\u00e9e de lecture estim\u00e9e":"1 minute"},"schema":{"@context":"https:\/\/schema.org","@graph":[{"@type":"WebPage","@id":"https:\/\/mangobayphuquoc.com\/accommodation\/superior-garden-view-rammed-earth-room\/","url":"https:\/\/mangobayphuquoc.com\/accommodation\/superior-garden-view-rammed-earth-room\/","name":"Superior Garden View Rammed Earth Room - Mango Bay Resort Phu Quoc","isPartOf":{"@id":"https:\/\/mangobayphuquoc.com\/vi\/#website"},"datePublished":"2025-03-11T07:59:55+00:00","dateModified":"2025-03-11T08:11:11+00:00","description":"Mango Bay Resort is an eco-friendly resort with beachfront bungalows, nestled amidst lush greenery, perfect for a nature retreat on Phu Quoc.","breadcrumb":{"@id":"https:\/\/mangobayphuquoc.com\/accommodation\/superior-garden-view-rammed-earth-room\/#breadcrumb"},"inLanguage":"fr-FR","potentialAction":[{"@type":"ReadAction","target":["https:\/\/mangobayphuquoc.com\/accommodation\/superior-garden-view-rammed-earth-room\/"]}]},{"@type":"BreadcrumbList","@id":"https:\/\/mangobayphuquoc.com\/accommodation\/superior-garden-view-rammed-earth-room\/#breadcrumb","itemListElement":[{"@type":"ListItem","position":1,"name":"Home","item":"https:\/\/mangobayphuquoc.com\/"},{"@type":"ListItem","position":2,"name":"Accommodation","item":"https:\/\/mangobayphuquoc.com\/accommodation\/"},{"@type":"ListItem","position":3,"name":"Superior Garden View Rammed Earth Room"}]},{"@type":"WebSite","@id":"https:\/\/mangobayphuquoc.com\/vi\/#website","url":"https:\/\/mangobayphuquoc.com\/vi\/","name":"Mango Bay Resort Phu Quoc","description":"#1 well-known Resort on Phu Quoc Island","publisher":{"@id":"https:\/\/mangobayphuquoc.com\/vi\/#organization"},"potentialAction":[{"@type":"SearchAction","target":{"@type":"EntryPoint","urlTemplate":"https:\/\/mangobayphuquoc.com\/vi\/?s={search_term_string}"},"query-input":{"@type":"PropertyValueSpecification","valueRequired":true,"valueName":"search_term_string"}}],"inLanguage":"fr-FR"},{"@type":"Organization","@id":"https:\/\/mangobayphuquoc.com\/vi\/#organization","name":"Mango Bay Resort Phu Quoc","url":"https:\/\/mangobayphuquoc.com\/vi\/","logo":{"@type":"ImageObject","inLanguage":"fr-FR","@id":"https:\/\/mangobayphuquoc.com\/vi\/#\/schema\/logo\/image\/","url":"https:\/\/mangobayphuquoc.com\/wp-content\/uploads\/2020\/10\/logo-white.png","contentUrl":"https:\/\/mangobayphuquoc.com\/wp-content\/uploads\/2020\/10\/logo-white.png","width":160,"height":52,"caption":"Mango Bay Resort Phu Quoc"},"image":{"@id":"https:\/\/mangobayphuquoc.com\/vi\/#\/schema\/logo\/image\/"}}]}},"_links":{"self":[{"href":"https:\/\/mangobayphuquoc.com\/fr\/wp-json\/wp\/v2\/pages\/2779","targetHints":{"allow":["GET"]}}],"collection":[{"href":"https:\/\/mangobayphuquoc.com\/fr\/wp-json\/wp\/v2\/pages"}],"about":[{"href":"https:\/\/mangobayphuquoc.com\/fr\/wp-json\/wp\/v2\/types\/page"}],"author":[{"embeddable":true,"href":"https:\/\/mangobayphuquoc.com\/fr\/wp-json\/wp\/v2\/users\/1"}],"replies":[{"embeddable":true,"href":"https:\/\/mangobayphuquoc.com\/fr\/wp-json\/wp\/v2\/comments?post=2779"}],"version-history":[{"count":3,"href":"https:\/\/mangobayphuquoc.com\/fr\/wp-json\/wp\/v2\/pages\/2779\/revisions"}],"predecessor-version":[{"id":2795,"href":"https:\/\/mangobayphuquoc.com\/fr\/wp-json\/wp\/v2\/pages\/2779\/revisions\/2795"}],"up":[{"embeddable":true,"href":"https:\/\/mangobayphuquoc.com\/fr\/wp-json\/wp\/v2\/pages\/298"}],"wp:attachment":[{"href":"https:\/\/mangobayphuquoc.com\/fr\/wp-json\/wp\/v2\/media?parent=2779"}],"curies":[{"name":"wp","href":"https:\/\/api.w.org\/{rel}","templated":true}]}}