{"id":818,"date":"2020-10-30T23:54:50","date_gmt":"2020-10-30T23:54:50","guid":{"rendered":"http:\/\/mangobay.wamvietnam.com\/?page_id=818"},"modified":"2020-10-30T23:56:54","modified_gmt":"2020-10-30T23:56:54","slug":"spa-menu","status":"publish","type":"page","link":"https:\/\/mangobayphuquoc.com\/fr\/spa\/spa-menu\/","title":{"rendered":"Menu du Spa"},"content":{"rendered":"<div class=\"wpb-content-wrapper\"><div class=\"vc_row wpb_row vc_row-fluid vc_custom_1604099005061\"><div class=\"wpb_column vc_column_container vc_col-sm-12\"><div class=\"vc_column-inner\"><div class=\"wpb_wrapper\"><div class=\"vcex-module vcex-heading wpex-text-2xl wpex-font-normal wpex-m-auto wpex-max-w-100 vcex-heading-plain wpex-block wpex-text-center\" style=\"font-size:32px;font-weight:600;\"><span class=\"vcex-heading-inner wpex-inline-block wpex-clr\">MENU SPA<\/span><\/div><div class=\"vcex-spacing wpex-w-100 wpex-clear\" style=\"height:30px\"><\/div><div class=\"vc_row wpb_row vc_inner vc_row-fluid vc_row-o-equal-height vc_row-flex\"><div class=\"wpb_column vc_column_container vc_col-sm-12 wpex-vc_col-has-fill\"><div class=\"vc_column-inner vc_custom_1604102210567\"><div class=\"wpb_wrapper\">\n\t<div class=\"wpb_text_column wpb_content_element\" >\n\t\t<div class=\"wpb_wrapper\">\n\t\t\t<p style=\"text-align: center;\"><span style=\"color: #800000;\"><strong>FORFAITS SPA<\/strong><\/span><br \/>\n<strong>Rajeunissement total<\/strong><br \/>\n<strong>2h \/ 1 430 000 VND<\/strong><br \/>\nLes soins de la t\u00eate aux pieds comprennent un massage de la t\u00eate, suivi d&#039;<br \/>\nun massage d&#039;Aromath\u00e9rapie et termin\u00e9 par une r\u00e9flexologie plantaire.<br \/>\n<strong>D\u00e9tente parfaite<\/strong><br \/>\n<strong>2h30 \/ 2 025 000 VND<\/strong><br \/>\nUn gommage complet du corps suivi d&#039;un massage du dos et du cou et termin\u00e9<br \/>\npar un soin du visage de votre choix.<br \/>\n<strong>Forfait combin\u00e9 asiatique<\/strong><br \/>\n<strong>2h 10m \/ 1 430 000 VND<\/strong><br \/>\nUne combinaison de 70 minutes de yoga comme des \u00e9tirements et un massage tha\u00ef,<br \/>\n20 minutes de massage des mains et 40 minutes de r\u00e9flexologie plantaire.<br \/>\n<strong>Forfait Solo Treat<\/strong><br \/>\n<strong>2h 20m \/ 1 770 000 VND<\/strong><br \/>\nUn massage signature relaxant du corps entier de 80 minutes termin\u00e9<br \/>\npar un soin du visage cocooning de votre choix et un massage du cuir chevelu.<\/p>\n<p style=\"text-align: center;\"><span style=\"color: #800000;\"><strong>SOIN DES ONGLES<\/strong><\/span><br \/>\n<strong>Manucure ordinaire<\/strong><br \/>\n<strong>30 minutes \/ 345 000 VND<\/strong><br \/>\nComprend la mise en forme des ongles, la coupe des cuticules et l&#039;application du vernis \u00e0 ongles de votre choix.<br \/>\n<strong>P\u00e9dicure et spa pour les pieds<\/strong><br \/>\n<strong>50 minutes \/ 620 000 VND<\/strong><br \/>\nVos ongles d&#039;orteils seront fa\u00e7onn\u00e9s, vos cuticules nettoy\u00e9es et vos callosit\u00e9s \u00e9limin\u00e9es. Vos pieds et vos demi-jambes seront ensuite l\u00e9g\u00e8rement exfoli\u00e9s \u00e0 l&#039;aide d&#039;un gommage au sel de mer, suivi de l&#039;application de la cr\u00e8me adoucissante pour la peau et du vernis \u00e0 ongles de votre choix.<\/p>\n<p style=\"text-align: center;\"><span style=\"color: #800000;\"><strong>SOINS DU VISAGE BIEN-\u00caTRE<\/strong><\/span><br \/>\n(Nettoyage du visage, gommage du visage. Massage du visage, du torse et des \u00e9paules, Masque facial termin\u00e9 par l&#039;application d&#039;une cr\u00e8me visage)<br \/>\n<strong>Soin du visage d\u00e9toxifiant<\/strong><br \/>\n<strong>50 minutes \/ 920 000 VND<\/strong><br \/>\nCe produit est destin\u00e9 aux peaux grasses. Il favorise l&#039;\u00e9quilibre de la peau et prot\u00e8ge les peaux \u00e0 tendance grasse.<br \/>\nIl est con\u00e7u pour apporter fra\u00eecheur, vitalit\u00e9 et \u00e9clat.<br \/>\n<strong>Soin du visage rafra\u00eechissant<\/strong><br \/>\n<strong>50 minutes \/ 920 000 VND<\/strong><br \/>\nConvient aux peaux normales ou mixtes. Les produits pour le visage utilis\u00e9s aident la peau \u00e0 maintenir un \u00e9quilibre hydrique naturel. Ils favorisent une peau d&#039;apparence jeune et am\u00e9liorent le teint, laissant la peau ferme, lisse et radieuse.<br \/>\n<strong>Soin du visage rajeunissant<\/strong><br \/>\n<strong>50 minutes \/ 920 000 VND<\/strong><br \/>\nCe soin du visage est destin\u00e9 aux peaux s\u00e8ches. Il s&#039;agit d&#039;un soin hydratant et nourrissant particuli\u00e8rement b\u00e9n\u00e9fique pour les peaux s\u00e8ches et matures, tout en favorisant la douceur. Ce soin du visage laisse la peau douce, revitalis\u00e9e et plus jeune.<\/p>\n<p style=\"text-align: center;\"><span style=\"color: #800000;\"><strong>TH\u00c9RAPIES CUTAN\u00c9ESTH\u00c9RAPIES CUTAN\u00c9ES<\/strong><\/span><br \/>\n<strong>Gommage corporel oc\u00e9anique<\/strong><br \/>\n<strong>50 minutes \/ 970 000 VND<\/strong><br \/>\nL&#039;huile essentielle de citronnelle et les sels marins r\u00e9veillent la circulation tout en \u00e9liminant la peau s\u00e8che et terne et les impuret\u00e9s.<br \/>\nLa peau est polie, liss\u00e9e et raffin\u00e9e pour r\u00e9v\u00e9ler un \u00e9clat frais.<br \/>\n<strong>Gommage corporel rafra\u00eechissant<\/strong><br \/>\n<strong>50 minutes \/ 970 000 VND<\/strong><br \/>\nLes algues, les extraits de th\u00e9 vert et les petits cristaux de sucre aident \u00e0 \u00e9liminer en douceur la peau s\u00e8che,<br \/>\ncar il redonne un \u00e9clat frais et une texture satin\u00e9e \u00e0 votre peau.<br \/>\n<strong>Soin apaisant pour les coups de soleil<\/strong><br \/>\n<strong>50 minutes \/ 970 000 VND<\/strong><br \/>\nUn traitement apaisant se concentre sur la zone touch\u00e9e en utilisant de l&#039;Aloe Vera frais et du concombre qui frottent doucement sur votre peau pour refroidir, apaiser et att\u00e9nuer les rougeurs de votre peau br\u00fbl\u00e9e par le soleil.<\/p>\n<p style=\"text-align: center;\"><strong><span style=\"color: #800000;\">MASSAGES TH\u00c9RAPIESMASSAGES TH\u00c9RAPIES<\/span><\/strong><br \/>\n<strong>Massage de la t\u00eate<\/strong><br \/>\n<strong>30 minutes \/ 510 000 VND<\/strong><br \/>\nTh\u00e9rapie de massage ax\u00e9e sur la t\u00eate et les \u00e9paules, cens\u00e9e \u00e9quilibrer l&#039;\u00e9nergie.<br \/>\nIl favorise la relaxation et rajeunit votre esprit et votre corps.<br \/>\n<strong>Massage du dos et du cou<\/strong><br \/>\n<strong>30 minutes \/ 510 000 VND<\/strong><br \/>\n<strong>50 minutes \/ 740 000 VND<\/strong><br \/>\nCe massage est con\u00e7u pour soulager les tensions musculaires et les tissus conjonctifs du bas du dos et des \u00e9paules. Il se concentre sur les muscles situ\u00e9s sous la surface des muscles sup\u00e9rieurs.<br \/>\n<strong>R\u00e9flexologie plantaire<\/strong><br \/>\n<strong>30 minutes \/ 390 000 VND<\/strong><br \/>\n<strong>50 minutes \/ 620 000 VND<\/strong><br \/>\nStimule et r\u00e9tablit les organes internes du corps et constitue un moyen efficace de soulager et de r\u00e9tablir l&#039;\u00e9quilibre naturel et le bien-\u00eatre. Le b\u00e2ton est press\u00e9 sur des points sp\u00e9cifiques des pieds pour lib\u00e9rer les tensions et aider \u00e0 am\u00e9liorer la circulation sanguine.<br \/>\n<strong>Massage aux pierres chaudes<\/strong><br \/>\n<strong>60 minutes \/ 970 000 VND<\/strong><br \/>\nIl s&#039;agit d&#039;utiliser des pierres lisses et chauff\u00e9es, qui aident \u00e0 d\u00e9tendre et \u00e0 soulager les tissus musculaires mous tendus et endommag\u00e9s de tout votre corps. Les techniques d&#039;un massage corporel r\u00e9gulier sont \u00e9galement appliqu\u00e9es.<br \/>\n<strong>Massage d&#039;aromath\u00e9rapie<\/strong><br \/>\n<strong>50 minutes \/ 740 000 VND<\/strong><br \/>\n<strong>80 minutes \/ 1 105 000 VND<\/strong><br \/>\nUn massage complet du corps avec de longs mouvements lents et rythm\u00e9s, en utilisant la paume et en p\u00e9trissant avec les pouces.<br \/>\nCe massage est utile pour r\u00e9duire la douleur et am\u00e9liorer la mauvaise circulation sanguine.<br \/>\n<strong>Massage Tha\u00eflandais<\/strong><br \/>\n<strong>50 minutes \/ 740 000 VND<\/strong><br \/>\n<strong>80 minutes \/ 1 105 000 VND<\/strong><br \/>\nCe massage utilise des \u00e9tirements passifs de type yoga et une l\u00e9g\u00e8re pression de la paume le long des lignes \u00e9nerg\u00e9tiques du corps pour augmenter la flexibilit\u00e9, soulager les tensions musculaires et articulaires et \u00e9quilibrer le m\u00e9ridien \u00e9nerg\u00e9tique du corps. Ce massage se concentre davantage sur les membres inf\u00e9rieurs.<br \/>\n<strong>Massage Signature Mango Bay<\/strong><br \/>\n<strong>80 minutes \/ 1 105 000 VND<\/strong><br \/>\nEn utilisant des mouvements lents et profonds pour cibler les couches internes des muscles, cela aide \u00e0 soulager les douleurs musculaires chroniques. Comprend un peu d&#039;\u00e9tirements du bas du dos pour soulager les crampes musculaires et augmenter la flexibilit\u00e9, l&#039;acupression pour lib\u00e9rer les blocages dans les m\u00e9ridiens \u00e9nerg\u00e9tiques.<br \/>\n<span style=\"color: #800000;\"><strong>(Tous nos prix incluent 10% de TVA et 5% de frais de service)<\/strong><\/span><\/p>\n\n\t\t<\/div>\n\t<\/div>\n<\/div><\/div><\/div><\/div><\/div><\/div><\/div><\/div>\n<\/div>","protected":false},"excerpt":{"rendered":"MENU SPA FORFAITS SPA Rajeunissement total 2h \/ 1 430 000 VND Un soin de la t\u00eate aux pieds comprenant un massage de la t\u00eate, suivi d&#039;un massage d&#039;aromath\u00e9rapie et termin\u00e9 par une r\u00e9flexologie des pieds. Relaxation parfaite 2h 30m \/ 2 025 000 VND Un gommage complet du corps\u2026","protected":false},"author":1,"featured_media":0,"parent":342,"menu_order":1,"comment_status":"closed","ping_status":"closed","template":"","meta":{"footnotes":""},"class_list":["post-818","page","type-page","status-publish","hentry","entry","no-media"],"yoast_head":"<!-- This site is optimized with the Yoast SEO plugin v27.2 - https:\/\/yoast.com\/product\/yoast-seo-wordpress\/ -->\n<title>Spa Menu - Mango Bay Resort Phu Quoc<\/title>\n<meta name=\"description\" content=\"Mango Bay Resort is an eco-friendly resort with beachfront bungalows, nestled amidst lush greenery, perfect for a nature retreat on Phu Quoc.\" \/>\n<meta name=\"robots\" content=\"index, follow, max-snippet:-1, max-image-preview:large, max-video-preview:-1\" \/>\n<link rel=\"canonical\" href=\"https:\/\/mangobayphuquoc.com\/fr\/spa\/spa-menu\/\" \/>\n<meta property=\"og:locale\" content=\"fr_FR\" \/>\n<meta property=\"og:type\" content=\"article\" \/>\n<meta property=\"og:title\" content=\"Spa Menu - Mango Bay Resort Phu Quoc\" \/>\n<meta property=\"og:description\" content=\"Mango Bay Resort is an eco-friendly resort with beachfront bungalows, nestled amidst lush greenery, perfect for a nature retreat on Phu Quoc.\" \/>\n<meta property=\"og:url\" content=\"https:\/\/mangobayphuquoc.com\/fr\/spa\/spa-menu\/\" \/>\n<meta property=\"og:site_name\" content=\"Mango Bay Resort Phu Quoc\" \/>\n<meta property=\"article:modified_time\" content=\"2020-10-30T23:56:54+00:00\" \/>\n<meta property=\"og:image\" content=\"https:\/\/mangobayphuquoc.com\/wp-content\/uploads\/2024\/08\/DAVID-MEDIA-MangoBay-Demo-4-17-1024x682.jpg\" \/>\n\t<meta property=\"og:image:width\" content=\"1024\" \/>\n\t<meta property=\"og:image:height\" content=\"682\" \/>\n\t<meta property=\"og:image:type\" content=\"image\/jpeg\" \/>\n<meta name=\"twitter:card\" content=\"summary_large_image\" \/>\n<meta name=\"twitter:label1\" content=\"Dur\u00e9e de lecture estim\u00e9e\" \/>\n\t<meta name=\"twitter:data1\" content=\"4 minutes\" \/>\n<!-- \/ Yoast SEO plugin. -->","yoast_head_json":{"title":"Spa Menu - Mango Bay Resort Phu Quoc","description":"Mango Bay Resort is an eco-friendly resort with beachfront bungalows, nestled amidst lush greenery, perfect for a nature retreat on Phu Quoc.","robots":{"index":"index","follow":"follow","max-snippet":"max-snippet:-1","max-image-preview":"max-image-preview:large","max-video-preview":"max-video-preview:-1"},"canonical":"https:\/\/mangobayphuquoc.com\/fr\/spa\/spa-menu\/","og_locale":"fr_FR","og_type":"article","og_title":"Spa Menu - Mango Bay Resort Phu Quoc","og_description":"Mango Bay Resort is an eco-friendly resort with beachfront bungalows, nestled amidst lush greenery, perfect for a nature retreat on Phu Quoc.","og_url":"https:\/\/mangobayphuquoc.com\/fr\/spa\/spa-menu\/","og_site_name":"Mango Bay Resort Phu Quoc","article_modified_time":"2020-10-30T23:56:54+00:00","og_image":[{"width":1024,"height":682,"url":"https:\/\/mangobayphuquoc.com\/wp-content\/uploads\/2024\/08\/DAVID-MEDIA-MangoBay-Demo-4-17-1024x682.jpg","type":"image\/jpeg"}],"twitter_card":"summary_large_image","twitter_misc":{"Dur\u00e9e de lecture estim\u00e9e":"4 minutes"},"schema":{"@context":"https:\/\/schema.org","@graph":[{"@type":"WebPage","@id":"https:\/\/mangobayphuquoc.com\/spa\/spa-menu\/","url":"https:\/\/mangobayphuquoc.com\/spa\/spa-menu\/","name":"Spa Menu - Mango Bay Resort Phu Quoc","isPartOf":{"@id":"https:\/\/mangobayphuquoc.com\/vi\/#website"},"datePublished":"2020-10-30T23:54:50+00:00","dateModified":"2020-10-30T23:56:54+00:00","description":"Mango Bay Resort is an eco-friendly resort with beachfront bungalows, nestled amidst lush greenery, perfect for a nature retreat on Phu Quoc.","breadcrumb":{"@id":"https:\/\/mangobayphuquoc.com\/spa\/spa-menu\/#breadcrumb"},"inLanguage":"fr-FR","potentialAction":[{"@type":"ReadAction","target":["https:\/\/mangobayphuquoc.com\/spa\/spa-menu\/"]}]},{"@type":"BreadcrumbList","@id":"https:\/\/mangobayphuquoc.com\/spa\/spa-menu\/#breadcrumb","itemListElement":[{"@type":"ListItem","position":1,"name":"Home","item":"https:\/\/mangobayphuquoc.com\/"},{"@type":"ListItem","position":2,"name":"Mango Bay Spa","item":"https:\/\/mangobayphuquoc.com\/spa\/"},{"@type":"ListItem","position":3,"name":"Spa Menu"}]},{"@type":"WebSite","@id":"https:\/\/mangobayphuquoc.com\/vi\/#website","url":"https:\/\/mangobayphuquoc.com\/vi\/","name":"Mango Bay Resort Phu Quoc","description":"#1 well-known Resort on Phu Quoc Island","publisher":{"@id":"https:\/\/mangobayphuquoc.com\/vi\/#organization"},"potentialAction":[{"@type":"SearchAction","target":{"@type":"EntryPoint","urlTemplate":"https:\/\/mangobayphuquoc.com\/vi\/?s={search_term_string}"},"query-input":{"@type":"PropertyValueSpecification","valueRequired":true,"valueName":"search_term_string"}}],"inLanguage":"fr-FR"},{"@type":"Organization","@id":"https:\/\/mangobayphuquoc.com\/vi\/#organization","name":"Mango Bay Resort Phu Quoc","url":"https:\/\/mangobayphuquoc.com\/vi\/","logo":{"@type":"ImageObject","inLanguage":"fr-FR","@id":"https:\/\/mangobayphuquoc.com\/vi\/#\/schema\/logo\/image\/","url":"https:\/\/mangobayphuquoc.com\/wp-content\/uploads\/2020\/10\/logo-white.png","contentUrl":"https:\/\/mangobayphuquoc.com\/wp-content\/uploads\/2020\/10\/logo-white.png","width":160,"height":52,"caption":"Mango Bay Resort Phu Quoc"},"image":{"@id":"https:\/\/mangobayphuquoc.com\/vi\/#\/schema\/logo\/image\/"}}]}},"_links":{"self":[{"href":"https:\/\/mangobayphuquoc.com\/fr\/wp-json\/wp\/v2\/pages\/818","targetHints":{"allow":["GET"]}}],"collection":[{"href":"https:\/\/mangobayphuquoc.com\/fr\/wp-json\/wp\/v2\/pages"}],"about":[{"href":"https:\/\/mangobayphuquoc.com\/fr\/wp-json\/wp\/v2\/types\/page"}],"author":[{"embeddable":true,"href":"https:\/\/mangobayphuquoc.com\/fr\/wp-json\/wp\/v2\/users\/1"}],"replies":[{"embeddable":true,"href":"https:\/\/mangobayphuquoc.com\/fr\/wp-json\/wp\/v2\/comments?post=818"}],"version-history":[{"count":4,"href":"https:\/\/mangobayphuquoc.com\/fr\/wp-json\/wp\/v2\/pages\/818\/revisions"}],"predecessor-version":[{"id":822,"href":"https:\/\/mangobayphuquoc.com\/fr\/wp-json\/wp\/v2\/pages\/818\/revisions\/822"}],"up":[{"embeddable":true,"href":"https:\/\/mangobayphuquoc.com\/fr\/wp-json\/wp\/v2\/pages\/342"}],"wp:attachment":[{"href":"https:\/\/mangobayphuquoc.com\/fr\/wp-json\/wp\/v2\/media?parent=818"}],"curies":[{"name":"wp","href":"https:\/\/api.w.org\/{rel}","templated":true}]}}