{"id":2017,"date":"2020-12-19T11:30:25","date_gmt":"2020-12-19T04:30:25","guid":{"rendered":"http:\/\/mangobay.wamvietnam.com\/?page_id=2017"},"modified":"2021-01-20T09:33:15","modified_gmt":"2021-01-20T02:33:15","slug":"privacy-policy","status":"publish","type":"page","link":"https:\/\/mangobayphuquoc.com\/vi\/privacy-policy\/","title":{"rendered":"Ch\u00ednh s\u00e1ch b\u1ea3o m\u1eadt"},"content":{"rendered":"<div class=\"wpb-content-wrapper\"><div data-vc-full-width=\"true\" data-vc-full-width-init=\"false\" class=\"vc_row wpb_row vc_row-fluid vc_custom_1611109374115 vc_row-o-full-height vc_row-o-columns-middle vc_row-flex wpex-vc_row-has-fill wpex-vc-row-stretched no-bottom-margins add-overlay-header-offset\"><div class=\"wpb_column vc_column_container vc_col-sm-3\"><div class=\"vc_column-inner\"><div class=\"wpb_wrapper\"><\/div><\/div><\/div><div class=\"wpb_column vc_column_container vc_col-sm-6\"><div class=\"vc_column-inner\"><div class=\"wpb_wrapper\"><h1 class=\"vcex-module vcex-heading wpex-text-2xl wpex-font-normal wpex-m-auto wpex-max-w-100 vcex-heading-plain wpex-block wpex-text-center  wpb_animate_when_almost_visible wpb_fadeInDown fadeInDown\" style=\"color:#ffffff;font-size:32px;text-transform:uppercase;\"><span class=\"vcex-heading-inner wpex-inline-block wpex-clr\">Ch\u00ednh s\u00e1ch b\u1ea3o m\u1eadt<\/span><\/h1><div class=\"vcex-spacing wpex-w-100 wpex-clear\" style=\"height:30px\"><\/div><div class=\"vcex-module vcex-heading wpex-text-2xl wpex-font-normal wpex-m-auto wpex-max-w-100 vcex-heading-plain wpex-block wpex-text-center  wpb_animate_when_almost_visible wpb_fadeInDown fadeInDown\" style=\"color:#ffffff;font-size:12px;\"><a href=\"#explore\" class=\"wpex-no-underline local-scroll-link wpex-inherit-color wpex-hover-text-accent\"\"><span class=\"vcex-heading-inner wpex-inline-block wpex-clr\">T\u00ecm hi\u1ec3u th\u00eam<span class=\"vcex-icon-wrap wpex-ml-15\"><span class=\"ticon ticon-angle-double-down\" aria-hidden=\"true\"><\/span><\/span><\/span><\/a><\/div><\/div><\/div><\/div><div class=\"wpb_column vc_column_container vc_col-sm-3\"><div class=\"vc_column-inner\"><div class=\"wpb_wrapper\"><\/div><\/div><\/div><\/div><div class=\"vc_row-full-width vc_clearfix\"><\/div><div class=\"nk-awb  nk-awb-after-vc_row\" ><div class=\"nk-awb-wrap\" data-awb-type=\"image\" data-awb-image-background-size=\"cover\" data-awb-image-background-position=\"50% 50%\" data-awb-parallax=\"scroll\" data-awb-parallax-speed=\"0.6\" data-awb-parallax-mobile=\"false\" data-awb-mouse-parallax-size=\"60\" data-awb-mouse-parallax-speed=\"10000\"><div class=\"nk-awb-overlay\" style=\"background-color: rgba(0,0,0,0.4);\"><\/div><div  class=\"nk-awb-inner\"><img loading=\"lazy\" decoding=\"async\" width=\"2560\" height=\"1707\" src=\"https:\/\/mangobayphuquoc.com\/wp-content\/uploads\/2020\/11\/IMG_7861-2-scaled.jpg\" class=\"jarallax-img\" alt=\"\" style=\"object-position: 50% 50%;\" srcset=\"https:\/\/mangobayphuquoc.com\/wp-content\/uploads\/2020\/11\/IMG_7861-2-scaled.jpg 2560w, https:\/\/mangobayphuquoc.com\/wp-content\/uploads\/2020\/11\/IMG_7861-2-300x200.jpg 300w, https:\/\/mangobayphuquoc.com\/wp-content\/uploads\/2020\/11\/IMG_7861-2-1024x683.jpg 1024w, https:\/\/mangobayphuquoc.com\/wp-content\/uploads\/2020\/11\/IMG_7861-2-768x512.jpg 768w, https:\/\/mangobayphuquoc.com\/wp-content\/uploads\/2020\/11\/IMG_7861-2-1536x1024.jpg 1536w, https:\/\/mangobayphuquoc.com\/wp-content\/uploads\/2020\/11\/IMG_7861-2-2048x1365.jpg 2048w, https:\/\/mangobayphuquoc.com\/wp-content\/uploads\/2020\/11\/IMG_7861-2-500x333.jpg 500w, https:\/\/mangobayphuquoc.com\/wp-content\/uploads\/2020\/11\/IMG_7861-2-800x533.jpg 800w, https:\/\/mangobayphuquoc.com\/wp-content\/uploads\/2020\/11\/IMG_7861-2-1280x853.jpg 1280w, https:\/\/mangobayphuquoc.com\/wp-content\/uploads\/2020\/11\/IMG_7861-2-1920x1280.jpg 1920w\" sizes=\"auto, (max-width: 2560px) 100vw, 2560px\" \/><\/div><\/div><\/div><div data-vc-full-width=\"true\" data-vc-full-width-init=\"false\" class=\"vc_row wpb_row vc_row-fluid vc_custom_1608359869869 wpex-vc_row-has-fill wpex-vc-row-stretched no-bottom-margins\" data-ls_id=\"#explore\"><div class=\"wpb_column vc_column_container vc_col-sm-12\"><div class=\"vc_column-inner\"><div class=\"wpb_wrapper\">\n\t<div class=\"wpb_text_column wpb_content_element wpb_animate_when_almost_visible wpb_fadeInUp fadeInUp\" >\n\t\t<div class=\"wpb_wrapper\">\n\t\t\t<p>B\u1ea3o v\u1ec7 d\u1eef li\u1ec7u c\u00e1 nh\u00e2n v\u00e0 g\u00e2y d\u1ef1ng \u0111\u01b0\u1ee3c ni\u1ec1m tin cho qu\u00fd kh\u00e1ch l\u00e0 v\u1ea5n \u0111\u1ec1 r\u1ea5t quan tr\u1ecdng v\u1edbi ch\u00fang t\u00f4i. Mango Bay t\u00f4n tr\u1ecdng v\u00e0 cam k\u1ebft s\u1ebd b\u1ea3o m\u1eadt nh\u1eefng th\u00f4ng tin mang t\u00ednh ri\u00eang t\u01b0 c\u1ee7a kh\u00e1ch h\u00e0ng. Xin vui l\u00f2ng \u0111\u1ecdc b\u1ea3n Ch\u00ednh s\u00e1ch b\u1ea3o m\u1eadt d\u01b0\u1edbi \u0111\u00e2y \u0111\u1ec3 hi\u1ec3u h\u01a1n nh\u1eefng cam k\u1ebft m\u00e0 ch\u00fang t\u00f4i th\u1ef1c hi\u1ec7n nh\u1eb1m t\u00f4n tr\u1ecdng v\u00e0 b\u1ea3o v\u1ec7 quy\u1ec1n l\u1ee3i c\u1ee7a ng\u01b0\u1eddi truy c\u1eadp.<br \/>Kh\u00e1ch h\u00e0ng c\u00f3 th\u1ec3 gh\u00e9 th\u0103m trang website mangobayphuquoc.com m\u00e0 kh\u00f4ng ph\u1ea3i cung c\u1ea5p b\u1ea5t k\u00ec th\u00f4ng tin c\u00e1 nh\u00e2n n\u00e0o.<\/p>\n<h2>PH\u1ea0M VI V\u00c0 M\u1ee4C \u0110\u00cdCH S\u1eec D\u1ee4NG TH\u00d4NG TIN<\/h2>\n<p>Th\u00f4ng tin m\u00e0 Ch\u00fang t\u00f4i thu th\u1eadp bao g\u1ed3m: h\u1ecd t\u00ean, s\u1ed1 \u0111i\u1ec7n tho\u1ea1i, \u0111\u1ecba ch\u1ec9, email.<br \/>Nh\u1eefng th\u00f4ng tin tr\u00ean s\u1ebd \u0111\u01b0\u1ee3c s\u1eed d\u1ee5ng cho m\u1ed9t ho\u1eb7c t\u1ea5t c\u1ea3 c\u00e1c m\u1ee5c \u0111\u00edch sau:<br \/>\u2022 Cung c\u1ea5p d\u1ecbch v\u1ee5 v\u00e0 th\u00f4ng tin qua trang website c\u1ee7a Ch\u00fang t\u00f4i theo y\u00eau c\u1ea7u c\u1ee7a Kh\u00e1ch h\u00e0ng.<br \/>\u2022 Th\u00f4ng b\u00e1o v\u1ec1 ho\u1ea1t \u0111\u1ed9ng c\u00f4ng ty, cung c\u1ea5p th\u00f4ng tin li\u00ean quan \u0111\u1ebfn d\u1ecbch v\u1ee5 v\u00e0 h\u1ed7 tr\u1ee3 Kh\u00e1ch h\u00e0ng.<br \/>\u2022 S\u1eed d\u1ee5ng th\u00f4ng tin Kh\u00e1ch h\u00e0ng cung c\u1ea5p \u0111\u1ec3 h\u1ed7 tr\u1ee3 qu\u1ea3n l\u00fd Kh\u00e1ch h\u00e0ng, nh\u1eadn di\u1ec7n nh\u00e2n kh\u1ea9u h\u1ecdc c\u1ee7a ng\u01b0\u1eddi s\u1eed d\u1ee5ng \u0111\u1ec3 t\u00f9y ch\u1ec9nh trang website sao cho ph\u00f9 h\u1ee3p v\u1edbi Kh\u00e1ch h\u00e0ng nh\u1ea5t.<br \/>\u2022 Ch\u00fang t\u00f4i s\u1ebd s\u1eed d\u1ee5ng th\u00f4ng tin c\u00e1 nh\u00e2n c\u1ee7a Kh\u00e1ch h\u00e0ng \u0111\u1ec3 g\u1eedi c\u00e1c th\u00f4ng tin \u01b0u \u0111\u00e3i khuy\u1ebfn m\u00e3i\/ti\u1ebfp th\u1ecb.<\/p>\n<h2>TH\u1edcI GIAN L\u01afU TR\u1eee TH\u00d4NG TIN<\/h2>\n<p>Th\u00f4ng tin c\u00e1 nh\u00e2n do Kh\u00e1ch h\u00e0ng cung c\u1ea5p tr\u00ean c\u00e1c h\u1ec7 th\u1ed1ng n\u1ed9i b\u1ed9 c\u1ee7a Ch\u00fang t\u00f4i trong qu\u00e1 tr\u00ecnh cung c\u1ea5p d\u1ecbch v\u1ee5 cho Kh\u00e1ch h\u00e0ng ho\u1eb7c cho \u0111\u1ebfn khi ho\u00e0n th\u00e0nh m\u1ee5c \u0111\u00edch thu th\u1eadp ho\u1eb7c khi Kh\u00e1ch h\u00e0ng c\u00f3 y\u00eau c\u1ea7u h\u1ee7y c\u00e1c th\u00f4ng tin \u0111\u00e3 cung c\u1ea5p.<\/p>\n<h2>\u0110\u1ecaA CH\u1ec8 C\u1ee6A \u0110\u01a0N V\u1eca THU TH\u1eacP V\u00c0 QU\u1ea2N L\u00dd TH\u00d4NG TIN C\u00c1 NH\u00c2N<\/h2>\n<p>Vi\u1ec7c thu th\u1eadp v\u00e0 qu\u1ea3n l\u00fd th\u00f4ng tin c\u00e1 nh\u00e2n c\u1ee7a Kh\u00e1ch h\u00e0ng \u0111\u01b0\u1ee3c th\u1ef1c hi\u1ec7n b\u1edfi MANGO BAY PH\u00da QU\u1ed0C ( KH\u00c1CH S\u1ea0N EO XO\u00c0I 2), t\u1ed5 3, \u1ea5p \u00d4ng Lang, x\u00e3 C\u1eeda D\u01b0\u01a1ng, huy\u1ec7n Ph\u00fa Qu\u1ed1c, t\u1ec9nh Ki\u00ean Giang. Ch\u00fang t\u00f4i s\u1ebd kh\u00f4ng giao quy\u1ec1n thu th\u1eadp v\u00e0 qu\u1ea3n l\u00fd th\u00f4ng tin cho b\u1ea5t k\u00ec m\u1ed9t b\u00ean th\u1ee9 ba n\u00e0o kh\u00e1c tr\u1eeb tr\u01b0\u1eddng h\u1ee3p c\u00f3 s\u1ef1 y\u00eau c\u1ea7u c\u1ee7a ph\u00e1p lu\u1eadt.<br \/>Ch\u00fang t\u00f4i c\u00f3 quy\u1ec1n thay \u0111\u1ed5i v\u00e0 ch\u1ec9nh s\u1eeda Quy \u0111\u1ecbnh B\u1ea3o m\u1eadt b\u1ea5t c\u1ee9 l\u00fac n\u00e0o t\u00f9y theo s\u1ef1 thay \u0111\u1ed5i c\u1ee7a Ch\u00fang t\u00f4i ho\u1eb7c do y\u00eau c\u1ea7u c\u1ee7a ph\u00e1p lu\u1eadt. M\u1ecdi s\u1ef1 thay \u0111\u1ed5i n\u00e0y \u0111\u1ec1u \u0111\u01b0\u1ee3c \u0111\u0103ng tr\u00ean trang website c\u1ee7a Ch\u00fang t\u00f4i.<br \/>N\u1ebfu Kh\u00e1ch h\u00e0ng c\u00f3 th\u1eafc m\u1eafc hay khi\u1ebfu n\u1ea1i, xin vui l\u00f2ng li\u00ean h\u1ec7 v\u1edbi Ch\u00fang t\u00f4i qua email  reservations@mangobayphuquoc.com<\/p>\n<h2>QUY\u1ec0N C\u1ee6A KH\u00c1CH H\u00c0NG \u0110\u1ed0I V\u1edaI TH\u00d4NG TIN C\u00c1 NH\u00c2N<\/h2>\n<p>Kh\u00e1ch h\u00e0ng c\u00f3 quy\u1ec1n cung c\u1ea5p th\u00f4ng tin c\u00e1 nh\u00e2n cho ch\u00fang t\u00f4i v\u00e0 c\u00f3 th\u1ec3 thay \u0111\u1ed5i quy\u1ebft \u0111\u1ecbnh \u0111\u00f3 b\u1ea5t c\u1ee9 l\u00fac n\u00e0o.<br \/>Kh\u00e1ch h\u00e0ng c\u00f3 quy\u1ec1n t\u1ef1 ki\u1ec3m tra, c\u1eadp nh\u1eadp, \u0111i\u1ec1u ch\u1ec9nh th\u00f4ng tin c\u00e1 nh\u00e2n c\u1ee7a m\u00ecnh ho\u1eb7c khi\u1ebfu n\u1ea1i v\u1ec1 vi\u1ec7c th\u00f4ng tin c\u00e1 nh\u00e2n b\u1ecb s\u1eed d\u1ee5ng sai m\u1ee5c \u0111\u00edch ho\u1eb7c ph\u1ea1m vi \u0111\u00e3 th\u00f4ng b\u00e1o b\u1eb1ng c\u00e1ch li\u00ean h\u1ec7 B\u1ed9 ph\u1eadn Ch\u0103m s\u00f3c kh\u00e1ch h\u00e0ng c\u1ee7a ch\u00fang t\u00f4i ho\u1eb7c qua email: reservations@mangobayphuquoc.com<br \/>N\u1ebfu kh\u00e1ch h\u00e0ng mu\u1ed1n t\u1eeb ch\u1ed1i vi\u1ec7c nh\u1eadn b\u1ea5t k\u1ef3 th\u00f4ng tin khuy\u1ebfn m\u1ea1i, qu\u1ea3ng c\u00e1o, email, b\u1ea3n tin, tin nh\u1eafn v\u0103n b\u1ea3n, cu\u1ed9c g\u1ecdi \u0111i\u1ec7n tho\u1ea1i v\u00e0 th\u01b0, Qu\u00fd kh\u00e1ch vui l\u00f2ng li\u00ean h\u1ec7 B\u1ed9 ph\u1eadn Ch\u0103m s\u00f3c kh\u00e1ch h\u00e0ng \u0111\u1ec3 \u0111\u01b0\u1ee3c tr\u1ee3 gi\u00fap.<\/p>\n\n\t\t<\/div>\n\t<\/div>\n<\/div><\/div><\/div><\/div><div class=\"vc_row-full-width vc_clearfix\"><\/div>\n<\/div>","protected":false},"excerpt":{"rendered":"Ch\u00ednh s\u00e1ch b\u1ea3o m\u1eadt","protected":false},"author":1,"featured_media":0,"parent":0,"menu_order":15,"comment_status":"closed","ping_status":"closed","template":"","meta":{"footnotes":""},"class_list":["post-2017","page","type-page","status-publish","hentry","entry","no-media"],"yoast_head":"<!-- This site is optimized with the Yoast SEO plugin v27.2 - https:\/\/yoast.com\/product\/yoast-seo-wordpress\/ -->\n<title>Privacy Policy - Mango Bay Resort Phu Quoc<\/title>\n<meta name=\"description\" content=\"Mango Bay Resort is an eco-friendly resort with beachfront bungalows, nestled amidst lush greenery, perfect for a nature retreat on Phu Quoc.\" \/>\n<meta name=\"robots\" content=\"index, follow, max-snippet:-1, max-image-preview:large, max-video-preview:-1\" \/>\n<link rel=\"canonical\" href=\"https:\/\/mangobayphuquoc.com\/vi\/privacy-policy\/\" \/>\n<meta property=\"og:locale\" content=\"vi_VN\" \/>\n<meta property=\"og:type\" content=\"article\" \/>\n<meta property=\"og:title\" content=\"Privacy Policy - Mango Bay Resort Phu Quoc\" \/>\n<meta property=\"og:description\" content=\"Mango Bay Resort is an eco-friendly resort with beachfront bungalows, nestled amidst lush greenery, perfect for a nature retreat on Phu Quoc.\" \/>\n<meta property=\"og:url\" content=\"https:\/\/mangobayphuquoc.com\/vi\/privacy-policy\/\" \/>\n<meta property=\"og:site_name\" content=\"Mango Bay Resort Phu Quoc\" \/>\n<meta property=\"article:modified_time\" content=\"2021-01-20T02:33:15+00:00\" \/>\n<meta property=\"og:image\" content=\"https:\/\/mangobayphuquoc.com\/wp-content\/uploads\/2024\/08\/DAVID-MEDIA-MangoBay-Demo-4-17-1024x682.jpg\" \/>\n\t<meta property=\"og:image:width\" content=\"1024\" \/>\n\t<meta property=\"og:image:height\" content=\"682\" \/>\n\t<meta property=\"og:image:type\" content=\"image\/jpeg\" \/>\n<meta name=\"twitter:card\" content=\"summary_large_image\" \/>\n<meta name=\"twitter:label1\" content=\"\u01af\u1edbc t\u00ednh th\u1eddi gian \u0111\u1ecdc\" \/>\n\t<meta name=\"twitter:data1\" content=\"3 ph\u00fat\" \/>\n<!-- \/ Yoast SEO plugin. -->","yoast_head_json":{"title":"Privacy Policy - Mango Bay Resort Phu Quoc","description":"Mango Bay Resort is an eco-friendly resort with beachfront bungalows, nestled amidst lush greenery, perfect for a nature retreat on Phu Quoc.","robots":{"index":"index","follow":"follow","max-snippet":"max-snippet:-1","max-image-preview":"max-image-preview:large","max-video-preview":"max-video-preview:-1"},"canonical":"https:\/\/mangobayphuquoc.com\/vi\/privacy-policy\/","og_locale":"vi_VN","og_type":"article","og_title":"Privacy Policy - Mango Bay Resort Phu Quoc","og_description":"Mango Bay Resort is an eco-friendly resort with beachfront bungalows, nestled amidst lush greenery, perfect for a nature retreat on Phu Quoc.","og_url":"https:\/\/mangobayphuquoc.com\/vi\/privacy-policy\/","og_site_name":"Mango Bay Resort Phu Quoc","article_modified_time":"2021-01-20T02:33:15+00:00","og_image":[{"width":1024,"height":682,"url":"https:\/\/mangobayphuquoc.com\/wp-content\/uploads\/2024\/08\/DAVID-MEDIA-MangoBay-Demo-4-17-1024x682.jpg","type":"image\/jpeg"}],"twitter_card":"summary_large_image","twitter_misc":{"\u01af\u1edbc t\u00ednh th\u1eddi gian \u0111\u1ecdc":"3 ph\u00fat"},"schema":{"@context":"https:\/\/schema.org","@graph":[{"@type":"WebPage","@id":"https:\/\/mangobayphuquoc.com\/privacy-policy\/","url":"https:\/\/mangobayphuquoc.com\/privacy-policy\/","name":"Privacy Policy - Mango Bay Resort Phu Quoc","isPartOf":{"@id":"https:\/\/mangobayphuquoc.com\/vi\/#website"},"datePublished":"2020-12-19T04:30:25+00:00","dateModified":"2021-01-20T02:33:15+00:00","description":"Mango Bay Resort is an eco-friendly resort with beachfront bungalows, nestled amidst lush greenery, perfect for a nature retreat on Phu Quoc.","breadcrumb":{"@id":"https:\/\/mangobayphuquoc.com\/privacy-policy\/#breadcrumb"},"inLanguage":"vi","potentialAction":[{"@type":"ReadAction","target":["https:\/\/mangobayphuquoc.com\/privacy-policy\/"]}]},{"@type":"BreadcrumbList","@id":"https:\/\/mangobayphuquoc.com\/privacy-policy\/#breadcrumb","itemListElement":[{"@type":"ListItem","position":1,"name":"Home","item":"https:\/\/mangobayphuquoc.com\/"},{"@type":"ListItem","position":2,"name":"Privacy Policy"}]},{"@type":"WebSite","@id":"https:\/\/mangobayphuquoc.com\/vi\/#website","url":"https:\/\/mangobayphuquoc.com\/vi\/","name":"Mango Bay Resort Phu Quoc","description":"#1 well-known Resort on Phu Quoc Island","publisher":{"@id":"https:\/\/mangobayphuquoc.com\/vi\/#organization"},"potentialAction":[{"@type":"SearchAction","target":{"@type":"EntryPoint","urlTemplate":"https:\/\/mangobayphuquoc.com\/vi\/?s={search_term_string}"},"query-input":{"@type":"PropertyValueSpecification","valueRequired":true,"valueName":"search_term_string"}}],"inLanguage":"vi"},{"@type":"Organization","@id":"https:\/\/mangobayphuquoc.com\/vi\/#organization","name":"Mango Bay Resort Phu Quoc","url":"https:\/\/mangobayphuquoc.com\/vi\/","logo":{"@type":"ImageObject","inLanguage":"vi","@id":"https:\/\/mangobayphuquoc.com\/vi\/#\/schema\/logo\/image\/","url":"https:\/\/mangobayphuquoc.com\/wp-content\/uploads\/2020\/10\/logo-white.png","contentUrl":"https:\/\/mangobayphuquoc.com\/wp-content\/uploads\/2020\/10\/logo-white.png","width":160,"height":52,"caption":"Mango Bay Resort Phu Quoc"},"image":{"@id":"https:\/\/mangobayphuquoc.com\/vi\/#\/schema\/logo\/image\/"}}]}},"_links":{"self":[{"href":"https:\/\/mangobayphuquoc.com\/vi\/wp-json\/wp\/v2\/pages\/2017","targetHints":{"allow":["GET"]}}],"collection":[{"href":"https:\/\/mangobayphuquoc.com\/vi\/wp-json\/wp\/v2\/pages"}],"about":[{"href":"https:\/\/mangobayphuquoc.com\/vi\/wp-json\/wp\/v2\/types\/page"}],"author":[{"embeddable":true,"href":"https:\/\/mangobayphuquoc.com\/vi\/wp-json\/wp\/v2\/users\/1"}],"replies":[{"embeddable":true,"href":"https:\/\/mangobayphuquoc.com\/vi\/wp-json\/wp\/v2\/comments?post=2017"}],"version-history":[{"count":12,"href":"https:\/\/mangobayphuquoc.com\/vi\/wp-json\/wp\/v2\/pages\/2017\/revisions"}],"predecessor-version":[{"id":2132,"href":"https:\/\/mangobayphuquoc.com\/vi\/wp-json\/wp\/v2\/pages\/2017\/revisions\/2132"}],"wp:attachment":[{"href":"https:\/\/mangobayphuquoc.com\/vi\/wp-json\/wp\/v2\/media?parent=2017"}],"curies":[{"name":"wp","href":"https:\/\/api.w.org\/{rel}","templated":true}]}}