{"id":2130,"date":"2021-01-20T09:29:28","date_gmt":"2021-01-20T02:29:28","guid":{"rendered":"https:\/\/mangobayphuquoc.com\/?page_id=2130"},"modified":"2024-04-01T07:57:34","modified_gmt":"2024-04-01T00:57:34","slug":"general-terms","status":"publish","type":"page","link":"https:\/\/mangobayphuquoc.com\/vi\/general-terms\/","title":{"rendered":"\u0110i\u1ec1u kho\u1ea3n chung"},"content":{"rendered":"<div class=\"wpb-content-wrapper\"><div data-vc-full-width=\"true\" data-vc-full-width-init=\"false\" class=\"vc_row wpb_row vc_row-fluid vc_custom_1611109374115 vc_row-o-full-height vc_row-o-columns-middle vc_row-flex wpex-vc_row-has-fill wpex-vc-row-stretched no-bottom-margins add-overlay-header-offset\"><div class=\"wpb_column vc_column_container vc_col-sm-3\"><div class=\"vc_column-inner\"><div class=\"wpb_wrapper\"><\/div><\/div><\/div><div class=\"wpb_column vc_column_container vc_col-sm-6\"><div class=\"vc_column-inner\"><div class=\"wpb_wrapper\"><h1 class=\"vcex-module vcex-heading wpex-text-2xl wpex-font-normal wpex-m-auto wpex-max-w-100 vcex-heading-plain wpex-block wpex-text-center  wpb_animate_when_almost_visible wpb_fadeInDown fadeInDown\" style=\"color:#ffffff;font-size:32px;text-transform:uppercase;\"><span class=\"vcex-heading-inner wpex-inline-block wpex-clr\">\u0110i\u1ec1u kho\u1ea3n chung<\/span><\/h1><div class=\"vcex-spacing wpex-w-100 wpex-clear\" style=\"height:30px\"><\/div><div class=\"vcex-module vcex-heading wpex-text-2xl wpex-font-normal wpex-m-auto wpex-max-w-100 vcex-heading-plain wpex-block wpex-text-center  wpb_animate_when_almost_visible wpb_fadeInDown fadeInDown\" style=\"color:#ffffff;font-size:12px;\"><a href=\"#explore\" class=\"wpex-no-underline local-scroll-link wpex-inherit-color wpex-hover-text-accent\"\"><span class=\"vcex-heading-inner wpex-inline-block wpex-clr\">T\u00ecm hi\u1ec3u th\u00eam<span class=\"vcex-icon-wrap wpex-ml-15\"><span class=\"ticon ticon-angle-double-down\" aria-hidden=\"true\"><\/span><\/span><\/span><\/a><\/div><\/div><\/div><\/div><div class=\"wpb_column vc_column_container vc_col-sm-3\"><div class=\"vc_column-inner\"><div class=\"wpb_wrapper\"><\/div><\/div><\/div><\/div><div class=\"vc_row-full-width vc_clearfix\"><\/div><div class=\"nk-awb  nk-awb-after-vc_row\" ><div class=\"nk-awb-wrap\" data-awb-type=\"image\" data-awb-image-background-size=\"cover\" data-awb-image-background-position=\"50% 50%\" data-awb-parallax=\"scroll\" data-awb-parallax-speed=\"0.6\" data-awb-parallax-mobile=\"false\" data-awb-mouse-parallax-size=\"60\" data-awb-mouse-parallax-speed=\"10000\"><div class=\"nk-awb-overlay\" style=\"background-color: rgba(0,0,0,0.4);\"><\/div><div  class=\"nk-awb-inner\"><img loading=\"lazy\" decoding=\"async\" width=\"2560\" height=\"1707\" src=\"https:\/\/mangobayphuquoc.com\/wp-content\/uploads\/2020\/11\/IMG_7861-2-scaled.jpg\" class=\"jarallax-img\" alt=\"\" style=\"object-position: 50% 50%;\" srcset=\"https:\/\/mangobayphuquoc.com\/wp-content\/uploads\/2020\/11\/IMG_7861-2-scaled.jpg 2560w, https:\/\/mangobayphuquoc.com\/wp-content\/uploads\/2020\/11\/IMG_7861-2-300x200.jpg 300w, https:\/\/mangobayphuquoc.com\/wp-content\/uploads\/2020\/11\/IMG_7861-2-1024x683.jpg 1024w, https:\/\/mangobayphuquoc.com\/wp-content\/uploads\/2020\/11\/IMG_7861-2-768x512.jpg 768w, https:\/\/mangobayphuquoc.com\/wp-content\/uploads\/2020\/11\/IMG_7861-2-1536x1024.jpg 1536w, https:\/\/mangobayphuquoc.com\/wp-content\/uploads\/2020\/11\/IMG_7861-2-2048x1365.jpg 2048w, https:\/\/mangobayphuquoc.com\/wp-content\/uploads\/2020\/11\/IMG_7861-2-500x333.jpg 500w, https:\/\/mangobayphuquoc.com\/wp-content\/uploads\/2020\/11\/IMG_7861-2-800x533.jpg 800w, https:\/\/mangobayphuquoc.com\/wp-content\/uploads\/2020\/11\/IMG_7861-2-1280x853.jpg 1280w, https:\/\/mangobayphuquoc.com\/wp-content\/uploads\/2020\/11\/IMG_7861-2-1920x1280.jpg 1920w\" sizes=\"auto, (max-width: 2560px) 100vw, 2560px\" \/><\/div><\/div><\/div><div data-vc-full-width=\"true\" data-vc-full-width-init=\"false\" class=\"vc_row wpb_row vc_row-fluid vc_custom_1608359869869 wpex-vc_row-has-fill wpex-vc-row-stretched no-bottom-margins\" data-ls_id=\"#explore\"><div class=\"wpb_column vc_column_container vc_col-sm-12\"><div class=\"vc_column-inner\"><div class=\"wpb_wrapper\">\n\t<div class=\"wpb_text_column wpb_content_element wpb_animate_when_almost_visible wpb_fadeInUp fadeInUp\" >\n\t\t<div class=\"wpb_wrapper\">\n\t\t\t<h2>H\u01af\u1edaNG D\u1eaaN \u0110\u1eb6T PH\u00d2NG<\/h2>\n<p>Sau khi tham kh\u1ea3o th\u00f4ng tin ph\u00f2ng do website cung c\u1ea5p \u0111\u1ec3 \u0111\u1eb7t ph\u00f2ng, Kh\u00e1ch h\u00e0ng c\u00f3 th\u1ec3 l\u00e0m theo c\u00e1c c\u00e1ch sau:<br \/>\nC\u00e1ch 1: G\u1ecdi \u0111i\u1ec7n tho\u1ea1i tr\u1ef1c ti\u1ebfp \u0111\u1ebfn s\u1ed1 \u0111i\u1ec7n tho\u1ea1i c\u1ee7a Kh\u00e1ch s\u1ea1n (+84 9696 818 20) \u0111\u1ec3 nh\u1eadn t\u01b0 v\u1ea5n nhanh h\u01a1n v\u00e0 bi\u1ebft ch\u00ednh x\u00e1c th\u00f4ng tin ph\u00f2ng c\u00f2n tr\u1ed1ng.<br \/>\nC\u00e1ch 2: \u0110\u1ebfn tr\u1ef1c ti\u1ebfp \u0111\u1ecba ch\u1ec9 kh\u00e1ch s\u1ea1n tr\u00ean website \u0111\u1ec3 \u0111\u1eb7t ph\u00f2ng.<br \/>\nL\u1ef1a ch\u1ecdn 3: G\u1eedi email \u0111\u1eb7t ph\u00f2ng c\u1ee7a b\u1ea1n \u0111\u1ebfn reservations@mangobayphuquoc.com<\/p>\n<h2>TH\u1edcI GIAN NH\u1eacN PH\u00d2NG:<\/h2>\n<p>Vi\u1ec7c nh\u1eadn ph\u00f2ng s\u1edbm t\u00f9y thu\u1ed9c v\u00e0o t\u00ecnh tr\u1ea1ng ph\u00f2ng tr\u1ed1ng c\u1ee7a Kh\u00e1ch s\u1ea1n v\u00e0 Qu\u00fd kh\u00e1ch c\u00f3 th\u1ec3 ph\u1ea3i tr\u1ea3 th\u00eam m\u1ed9t kho\u1ea3n cho y\u00eau c\u1ea7u n\u00e0y.<br \/>\nNh\u1eadn ph\u00f2ng t\u1eeb 14:00<br \/>\nTr\u1ea3 ph\u00f2ng tr\u01b0\u1edbc 12:00 tr\u01b0a.<br \/>\nPh\u00ed nh\u1eadn ph\u00f2ng s\u1edbm v\u00e0 tr\u1ea3 ph\u00f2ng mu\u1ed9n vui l\u00f2ng li\u00ean h\u1ec7 Kh\u00e1ch s\u1ea1n: reservations@mangobayphuquoc.com<br \/>\n<em><strong>*L\u01b0u \u00fd: C\u00e1c d\u1ecbch v\u1ee5 kh\u00e1c ngo\u00e0i ch\u01b0\u01a1ng tr\u00ecnh, thu ph\u00ed b\u00ecnh th\u01b0\u1eddng theo quy \u0111\u1ecbnh\/gi\u00e1 c\u1ee7a kh\u00e1ch s\u1ea1n.<\/strong><\/em><br \/>\nT\u00f9y thu\u1ed9c v\u00e0o t\u00ecnh tr\u1ea1ng ph\u00f2ng s\u1eb5n c\u00f3 v\u00e0 x\u00e1c nh\u1eadn \u0111\u1ed3ng \u00fd c\u1ee7a Mango Bay. C\u00e1c kho\u1ea3n ph\u00ed s\u1ebd ph\u1ea3i thanh to\u00e1n ngay t\u1ea1i th\u1eddi \u0111i\u1ec3m Mango Bay x\u00e1c nh\u1eadn.<\/p>\n<h2>QUY TR\u00ccNH GI\u1ea2I QUY\u1ebeT KHI\u1ebeU N\u1ea0I<\/h2>\n<p>Khi ph\u00e1t sinh tranh ch\u1ea5p (sau khi Kh\u00e1ch h\u00e0ng \u0111\u00e3 \u0111\u1eb7t ph\u00f2ng), Kh\u00e1ch h\u00e0ng c\u00f3 th\u1ec3 khi\u1ebfu n\u1ea1i v\u1edbi Ch\u00fang t\u00f4i tr\u1ef1c ti\u1ebfp t\u1ea1i Hotline c\u1ee7a kh\u00e1ch s\u1ea1n ho\u1eb7c \u0111\u1ecba ch\u1ec9 email sau \u0111\u00e2y:<br \/>\n\u0110\u01b0\u1eddng d\u00e2y n\u00f3ng: (+84) 969681820 \u2013 (+84) 297 3 981 693<br \/>\nEmail: reservations@mangobayphuquoc.com<br \/>\nKhi\u1ebfu n\u1ea1i c\u1ee7a Qu\u00fd kh\u00e1ch h\u00e0ng s\u1ebd \u0111\u01b0\u1ee3c ti\u1ebfp nh\u1eadn v\u00e0 chuy\u1ec3n \u0111\u1ebfn b\u1ed9 ph\u1eadn ph\u1ee5 tr\u00e1ch trong th\u1eddi gian 24h v\u00e0 gi\u1ea3i quy\u1ebft trong th\u1eddi gian s\u1edbm nh\u1ea5t.<\/p>\n<h2>CH\u00cdNH S\u00c1CH \u0110\u1ed4I PH\u00d2NG, \u0110\u1ed4I NG\u00c0Y NH\u1eacN TR\u1ea2 PH\u00d2NG<\/h2>\n<p>Trong tr\u01b0\u1eddng h\u1ee3p Qu\u00fd kh\u00e1ch h\u00e0ng mu\u1ed1n thay \u0111\u1ed5i ng\u00e0y nh\u1eadn\/ tr\u1ea3 ph\u00f2ng, ho\u1eb7c thay \u0111\u1ed5i h\u1ea1ng ph\u00f2ng, lo\u1ea1i ph\u00f2ng, vui l\u00f2ng li\u00ean h\u1ec7 v\u1edbi b\u1ed9 ph\u1eadn \u0111\u1eb7t ph\u00f2ng c\u1ee7a ch\u00fang t\u00f4i \u0111\u1ec3 \u0111\u01b0\u1ee3c h\u1ed7 tr\u1ee3.<\/p>\n<h2>CH\u00cdNH S\u00c1CH H\u1ee6Y PH\u00d2NG<\/h2>\n<p>T\u00f9y theo th\u1eddi \u0111i\u1ec3m, lo\u1ea1i ph\u00f2ng m\u00e0 ch\u00ednh s\u00e1ch h\u1ee7y ph\u00f2ng s\u1ebd kh\u00e1c nhau. D\u01b0\u1edbi \u0111\u00e2y l\u00e0 ch\u00ednh s\u00e1ch h\u1ee7y ph\u00f2ng c\u01a1 b\u1ea3n, \u00e1p d\u1ee5ng khi ch\u00ednh s\u00e1ch h\u1ee7y ph\u00f2ng kh\u00f4ng \u0111\u01b0\u1ee3c \u0111\u1ec1 c\u1eadp trong \u0111\u01a1n \u0111\u1eb7t ph\u00f2ng ho\u1eb7c tr\u00ean trang \u0111\u1eb7t ph\u00f2ng tr\u1ef1c tuy\u1ebfn:<br \/>\n\u2022 Tr\u01b0\u1eddng h\u1ee3p Qu\u00fd kh\u00e1ch h\u00e0ng h\u1ee7y ph\u00f2ng tr\u01b0\u1edbc 7 ng\u00e0y so v\u1edbi ng\u00e0y nh\u1eadn ph\u00f2ng \u0111\u00e3 \u0111\u1eb7t, to\u00e0n b\u1ed9 s\u1ed1 ti\u1ec1n \u0111\u00e3 thanh to\u00e1n s\u1ebd \u0111\u01b0\u1ee3c b\u1ed3i ho\u00e0n.<br \/>\n\u2022 Tr\u01b0\u1eddng h\u1ee3p Qu\u00fd kh\u00e1ch h\u00e0ng h\u1ee7y \u0111\u1eb7t ph\u00f2ng trong v\u00f2ng 7 ng\u00e0y so v\u1edbi ng\u00e0y nh\u1eadn ph\u00f2ng \u0111\u00e3 \u0111\u1eb7t, ch\u00fang t\u00f4i s\u1ebd thu ph\u00ed 1 \u0111\u00eam c\u1ee7a \u0111\u1eb7t ph\u00f2ng.<br \/>\n\u2022 Tr\u01b0\u1eddng h\u1ee3p Qu\u00fd kh\u00e1ch h\u00e0ng h\u1ee7y \u0111\u1eb7t ph\u00f2ng trong v\u00f2ng 48 gi\u1edd so v\u1edbi ng\u00e0y nh\u1eadn ph\u00f2ng \u0111\u00e3 \u0111\u1eb7t, ch\u00fang t\u00f4i s\u1ebd thu ph\u00ed ti\u1ec1n c\u1ecdc c\u1ee7a \u0111\u1eb7t ph\u00f2ng.<br \/>\n\u2022 Tr\u01b0\u1eddng h\u1ee3p kh\u00e1ch h\u00e0ng \u0111\u00e3 \u0111\u1eb7t ph\u00f2ng v\u00e0 \u0111\u00e3 thanh to\u00e1n nh\u01b0ng kh\u00f4ng \u0111\u1ebfn nh\u1eadn ph\u00f2ng, ch\u00fang t\u00f4i s\u1ebd thu ph\u00ed to\u00e0n b\u1ed9 ti\u1ec1n ph\u00f2ng.<\/p>\n<h2>CH\u00cdNH S\u00c1CH \u0110\u1ea2M B\u1ea2O HO\u00c0N TI\u1ec0N<\/h2>\n<p style=\"margin: 0cm; background: #FEFEFE; vertical-align: baseline;\"><span style=\"font-size: 11.5pt; font-family: 'Segoe UI',sans-serif; color: #3c2313; letter-spacing: .75pt;\">Trong tr\u01b0\u1eddng h\u1ee3p Kh\u00e1ch h\u00e0ng \u0111\u00e3 thanh to\u00e0n ti\u1ec1n c\u1ecdc, thanh to\u00e1n \u0111\u1ea7y \u0111\u1ee7 ti\u1ec1n \u0111\u1eb7t ph\u00f2ng. Nh\u01b0ng do \u0111i\u1ec1u ki\u1ec7n kh\u00e1ch quan n\u00ean h\u1ee7y chuy\u1ebfn \u0111i c\u1ee7a m\u00ecnh, Ch\u00fang t\u00f4i s\u1ebd xem x\u00e9t ho\u00e0n l\u1ea1i s\u1ed1 ti\u1ec1n cho Kh\u00e1ch h\u00e0ng. Vi\u1ec7c ho\u00e0n ti\u1ec1n s\u1ebd d\u1ef1a v\u00e0o quy \u0111\u1ecbnh c\u1ee7a m\u1ed7i \u0111\u01a1n \u0111\u1eb7t ph\u00f2ng kh\u00e1c nhau. Vi\u1ec7c ho\u00e0n ti\u1ec1n n\u00e0y s\u1ebd \u0111\u01b0\u1ee3c nh\u00e2n vi\u00ean c\u1ee7a Ch\u00fang t\u00f4i th\u00f4ng b\u00e1o ch\u00ednh th\u1ee9c cho Kh\u00e1ch h\u00e0ng qua email.<br \/>\n\u2022 Th\u1eddi gian ho\u00e0n ti\u1ec1n trong v\u00f2ng 7-21 ng\u00e0y l\u00e0m vi\u1ec7c t\u00f9y ng\u00e2n h\u00e0ng.<\/span><\/p>\n<p>\u2022 H\u00ecnh th\u1ee9c b\u1ed3i ho\u00e0n: b\u1ed3i ho\u00e0n t\u00e0i kho\u1ea3n ng\u00e2n h\u00e0ng \u0111\u00e3 \u0111\u01b0\u1ee3c cung c\u1ea5p ho\u1eb7c th\u1ebb \u0111\u00e3 thu ti\u1ec1n.<br \/>\n\u2022 Chi ph\u00ed b\u1ed3i ho\u00e0n: mi\u1ec5n ph\u00ed.<br \/>\n<em><strong>* L\u01b0u \u00fd:<\/strong><\/em><br \/>\nCh\u00fang t\u00f4i c\u00f3 quy\u1ec1n thay \u0111\u1ed5i \u0111i\u1ec1u ki\u1ec7n, h\u1ee7y b\u1ecf ch\u00ednh s\u00e1ch b\u1ea5t c\u1ee9 l\u00fac n\u00e0o kh\u00f4ng c\u1ea7n th\u00f4ng b\u00e1o tr\u01b0\u1edbc.<br \/>\nCh\u00fang t\u00f4i kh\u00f4ng ch\u1ecbu tr\u00e1ch nhi\u1ec7m b\u1ed3i th\u01b0\u1eddng thi\u1ec7t h\u1ea1i, thay \u0111\u1ed5i ng\u00e0y, lo\u1ea1i ph\u00f2ng\u2026 gi\u00e1n ti\u1ebfp, ng\u1eabu nhi\u00ean hay do h\u1eadu qu\u1ea3 ph\u00e1t sinh ho\u1eb7c trong tr\u01b0\u1eddng h\u1ee3p b\u1ea5t kh\u1ea3 kh\u00e1ng (thi\u00ean tai, chi\u1ebfn tranh\u2026).<\/p>\n\n\t\t<\/div>\n\t<\/div>\n<\/div><\/div><\/div><\/div><div class=\"vc_row-full-width vc_clearfix\"><\/div>\n<\/div>","protected":false},"excerpt":{"rendered":"\u0110i\u1ec1u kho\u1ea3n chung","protected":false},"author":1,"featured_media":0,"parent":0,"menu_order":14,"comment_status":"closed","ping_status":"closed","template":"","meta":{"footnotes":""},"class_list":["post-2130","page","type-page","status-publish","hentry","entry","no-media"],"yoast_head":"<!-- This site is optimized with the Yoast SEO plugin v27.2 - https:\/\/yoast.com\/product\/yoast-seo-wordpress\/ -->\n<title>General Terms - Mango Bay Resort Phu Quoc<\/title>\n<meta name=\"description\" content=\"Mango Bay Resort is an eco-friendly resort with beachfront bungalows, nestled amidst lush greenery, perfect for a nature retreat on Phu Quoc.\" \/>\n<meta name=\"robots\" content=\"index, follow, max-snippet:-1, max-image-preview:large, max-video-preview:-1\" \/>\n<link rel=\"canonical\" href=\"https:\/\/mangobayphuquoc.com\/vi\/general-terms\/\" \/>\n<meta property=\"og:locale\" content=\"vi_VN\" \/>\n<meta property=\"og:type\" content=\"article\" \/>\n<meta property=\"og:title\" content=\"General Terms - Mango Bay Resort Phu Quoc\" \/>\n<meta property=\"og:description\" content=\"Mango Bay Resort is an eco-friendly resort with beachfront bungalows, nestled amidst lush greenery, perfect for a nature retreat on Phu Quoc.\" \/>\n<meta property=\"og:url\" content=\"https:\/\/mangobayphuquoc.com\/vi\/general-terms\/\" \/>\n<meta property=\"og:site_name\" content=\"Mango Bay Resort Phu Quoc\" \/>\n<meta property=\"article:modified_time\" content=\"2024-04-01T00:57:34+00:00\" \/>\n<meta property=\"og:image\" content=\"https:\/\/mangobayphuquoc.com\/wp-content\/uploads\/2024\/08\/DAVID-MEDIA-MangoBay-Demo-4-17-1024x682.jpg\" \/>\n\t<meta property=\"og:image:width\" content=\"1024\" \/>\n\t<meta property=\"og:image:height\" content=\"682\" \/>\n\t<meta property=\"og:image:type\" content=\"image\/jpeg\" \/>\n<meta name=\"twitter:card\" content=\"summary_large_image\" \/>\n<meta name=\"twitter:label1\" content=\"\u01af\u1edbc t\u00ednh th\u1eddi gian \u0111\u1ecdc\" \/>\n\t<meta name=\"twitter:data1\" content=\"3 ph\u00fat\" \/>\n<!-- \/ Yoast SEO plugin. -->","yoast_head_json":{"title":"General Terms - Mango Bay Resort Phu Quoc","description":"Mango Bay Resort is an eco-friendly resort with beachfront bungalows, nestled amidst lush greenery, perfect for a nature retreat on Phu Quoc.","robots":{"index":"index","follow":"follow","max-snippet":"max-snippet:-1","max-image-preview":"max-image-preview:large","max-video-preview":"max-video-preview:-1"},"canonical":"https:\/\/mangobayphuquoc.com\/vi\/general-terms\/","og_locale":"vi_VN","og_type":"article","og_title":"General Terms - Mango Bay Resort Phu Quoc","og_description":"Mango Bay Resort is an eco-friendly resort with beachfront bungalows, nestled amidst lush greenery, perfect for a nature retreat on Phu Quoc.","og_url":"https:\/\/mangobayphuquoc.com\/vi\/general-terms\/","og_site_name":"Mango Bay Resort Phu Quoc","article_modified_time":"2024-04-01T00:57:34+00:00","og_image":[{"width":1024,"height":682,"url":"https:\/\/mangobayphuquoc.com\/wp-content\/uploads\/2024\/08\/DAVID-MEDIA-MangoBay-Demo-4-17-1024x682.jpg","type":"image\/jpeg"}],"twitter_card":"summary_large_image","twitter_misc":{"\u01af\u1edbc t\u00ednh th\u1eddi gian \u0111\u1ecdc":"3 ph\u00fat"},"schema":{"@context":"https:\/\/schema.org","@graph":[{"@type":"WebPage","@id":"https:\/\/mangobayphuquoc.com\/general-terms\/","url":"https:\/\/mangobayphuquoc.com\/general-terms\/","name":"General Terms - Mango Bay Resort Phu Quoc","isPartOf":{"@id":"https:\/\/mangobayphuquoc.com\/vi\/#website"},"datePublished":"2021-01-20T02:29:28+00:00","dateModified":"2024-04-01T00:57:34+00:00","description":"Mango Bay Resort is an eco-friendly resort with beachfront bungalows, nestled amidst lush greenery, perfect for a nature retreat on Phu Quoc.","breadcrumb":{"@id":"https:\/\/mangobayphuquoc.com\/general-terms\/#breadcrumb"},"inLanguage":"vi","potentialAction":[{"@type":"ReadAction","target":["https:\/\/mangobayphuquoc.com\/general-terms\/"]}]},{"@type":"BreadcrumbList","@id":"https:\/\/mangobayphuquoc.com\/general-terms\/#breadcrumb","itemListElement":[{"@type":"ListItem","position":1,"name":"Home","item":"https:\/\/mangobayphuquoc.com\/"},{"@type":"ListItem","position":2,"name":"General Terms"}]},{"@type":"WebSite","@id":"https:\/\/mangobayphuquoc.com\/vi\/#website","url":"https:\/\/mangobayphuquoc.com\/vi\/","name":"Mango Bay Resort Phu Quoc","description":"#1 well-known Resort on Phu Quoc Island","publisher":{"@id":"https:\/\/mangobayphuquoc.com\/vi\/#organization"},"potentialAction":[{"@type":"SearchAction","target":{"@type":"EntryPoint","urlTemplate":"https:\/\/mangobayphuquoc.com\/vi\/?s={search_term_string}"},"query-input":{"@type":"PropertyValueSpecification","valueRequired":true,"valueName":"search_term_string"}}],"inLanguage":"vi"},{"@type":"Organization","@id":"https:\/\/mangobayphuquoc.com\/vi\/#organization","name":"Mango Bay Resort Phu Quoc","url":"https:\/\/mangobayphuquoc.com\/vi\/","logo":{"@type":"ImageObject","inLanguage":"vi","@id":"https:\/\/mangobayphuquoc.com\/vi\/#\/schema\/logo\/image\/","url":"https:\/\/mangobayphuquoc.com\/wp-content\/uploads\/2020\/10\/logo-white.png","contentUrl":"https:\/\/mangobayphuquoc.com\/wp-content\/uploads\/2020\/10\/logo-white.png","width":160,"height":52,"caption":"Mango Bay Resort Phu Quoc"},"image":{"@id":"https:\/\/mangobayphuquoc.com\/vi\/#\/schema\/logo\/image\/"}}]}},"_links":{"self":[{"href":"https:\/\/mangobayphuquoc.com\/vi\/wp-json\/wp\/v2\/pages\/2130","targetHints":{"allow":["GET"]}}],"collection":[{"href":"https:\/\/mangobayphuquoc.com\/vi\/wp-json\/wp\/v2\/pages"}],"about":[{"href":"https:\/\/mangobayphuquoc.com\/vi\/wp-json\/wp\/v2\/types\/page"}],"author":[{"embeddable":true,"href":"https:\/\/mangobayphuquoc.com\/vi\/wp-json\/wp\/v2\/users\/1"}],"replies":[{"embeddable":true,"href":"https:\/\/mangobayphuquoc.com\/vi\/wp-json\/wp\/v2\/comments?post=2130"}],"version-history":[{"count":2,"href":"https:\/\/mangobayphuquoc.com\/vi\/wp-json\/wp\/v2\/pages\/2130\/revisions"}],"predecessor-version":[{"id":2633,"href":"https:\/\/mangobayphuquoc.com\/vi\/wp-json\/wp\/v2\/pages\/2130\/revisions\/2633"}],"wp:attachment":[{"href":"https:\/\/mangobayphuquoc.com\/vi\/wp-json\/wp\/v2\/media?parent=2130"}],"curies":[{"name":"wp","href":"https:\/\/api.w.org\/{rel}","templated":true}]}}