{"id":2576,"date":"2023-12-04T12:01:52","date_gmt":"2023-12-04T05:01:52","guid":{"rendered":"https:\/\/mangobayphuquoc.com\/?page_id=2576"},"modified":"2025-11-22T14:04:51","modified_gmt":"2025-11-22T07:04:51","slug":"day-pass-landing-page","status":"publish","type":"page","link":"https:\/\/mangobayphuquoc.com\/vi\/day-pass-landing-page\/","title":{"rendered":"Ng\u00e0y V\u00e9"},"content":{"rendered":"<div class=\"wpb-content-wrapper\"><div data-vc-full-width=\"true\" data-vc-full-width-init=\"false\" class=\"vc_row wpb_row vc_row-fluid vc_custom_1763795086527 vc_row-o-full-height vc_row-o-columns-middle vc_row-flex wpex-vc_row-has-fill wpex-vc-row-stretched no-bottom-margins add-overlay-header-offset\"><div class=\"wpb_column vc_column_container vc_col-sm-3\"><div class=\"vc_column-inner\"><div class=\"wpb_wrapper\"><\/div><\/div><\/div><div class=\"wpb_column vc_column_container vc_col-sm-6\"><div class=\"vc_column-inner\"><div class=\"wpb_wrapper\"><h1 class=\"vcex-module vcex-heading wpex-text-2xl wpex-font-normal wpex-m-auto wpex-max-w-100 vcex-heading-plain wpex-block wpex-text-center  wpb_animate_when_almost_visible wpb_fadeInDown fadeInDown\" style=\"color:#ffffff;font-size:32px;text-transform:uppercase;\"><span class=\"vcex-heading-inner wpex-inline-block wpex-clr\">LAZY LUNCH DAY PASS<br \/>\n\u1edf Mango Beach Bar &amp; Restaurant<\/span><\/h1><div class=\"vcex-spacing wpex-w-100 wpex-clear\" style=\"height:30px\"><\/div><div class=\"vcex-module vcex-heading wpex-text-2xl wpex-font-normal wpex-m-auto wpex-max-w-100 vcex-heading-plain wpex-block wpex-text-center  wpb_animate_when_almost_visible wpb_fadeInDown fadeInDown\" style=\"color:#ffffff;font-size:12px;\"><a href=\"#explore\" class=\"wpex-no-underline local-scroll-link wpex-inherit-color wpex-hover-text-accent\"\"><span class=\"vcex-heading-inner wpex-inline-block wpex-clr\">T\u00ecm hi\u1ec3u th\u00eam<span class=\"vcex-icon-wrap wpex-ml-15\"><span class=\"ticon ticon-angle-double-down\" aria-hidden=\"true\"><\/span><\/span><\/span><\/a><\/div><\/div><\/div><\/div><div class=\"wpb_column vc_column_container vc_col-sm-3\"><div class=\"vc_column-inner\"><div class=\"wpb_wrapper\"><\/div><\/div><\/div><\/div><div class=\"vc_row-full-width vc_clearfix\"><\/div><div class=\"nk-awb  nk-awb-after-vc_row\" ><div class=\"nk-awb-wrap\" data-awb-type=\"image\" data-awb-image-background-size=\"cover\" data-awb-image-background-position=\"50% 50%\" data-awb-parallax=\"scroll\" data-awb-parallax-speed=\"0.6\" data-awb-parallax-mobile=\"false\" data-awb-mouse-parallax-size=\"60\" data-awb-mouse-parallax-speed=\"10000\"><div class=\"nk-awb-overlay\" style=\"background-color: rgba(0,0,0,0.4);\"><\/div><div  class=\"nk-awb-inner\"><img loading=\"lazy\" decoding=\"async\" width=\"2560\" height=\"1705\" src=\"https:\/\/mangobayphuquoc.com\/wp-content\/uploads\/2025\/11\/MANGOBAY-BEACH.jpg\" class=\"jarallax-img\" alt=\"\" style=\"object-position: 50% 50%;\" srcset=\"https:\/\/mangobayphuquoc.com\/wp-content\/uploads\/2025\/11\/MANGOBAY-BEACH.jpg 2560w, https:\/\/mangobayphuquoc.com\/wp-content\/uploads\/2025\/11\/MANGOBAY-BEACH-300x200.jpg 300w, https:\/\/mangobayphuquoc.com\/wp-content\/uploads\/2025\/11\/MANGOBAY-BEACH-1024x682.jpg 1024w, https:\/\/mangobayphuquoc.com\/wp-content\/uploads\/2025\/11\/MANGOBAY-BEACH-768x512.jpg 768w, https:\/\/mangobayphuquoc.com\/wp-content\/uploads\/2025\/11\/MANGOBAY-BEACH-1536x1023.jpg 1536w, https:\/\/mangobayphuquoc.com\/wp-content\/uploads\/2025\/11\/MANGOBAY-BEACH-2048x1364.jpg 2048w, https:\/\/mangobayphuquoc.com\/wp-content\/uploads\/2025\/11\/MANGOBAY-BEACH-18x12.jpg 18w, https:\/\/mangobayphuquoc.com\/wp-content\/uploads\/2025\/11\/MANGOBAY-BEACH-500x333.jpg 500w, https:\/\/mangobayphuquoc.com\/wp-content\/uploads\/2025\/11\/MANGOBAY-BEACH-800x533.jpg 800w, https:\/\/mangobayphuquoc.com\/wp-content\/uploads\/2025\/11\/MANGOBAY-BEACH-1280x853.jpg 1280w, https:\/\/mangobayphuquoc.com\/wp-content\/uploads\/2025\/11\/MANGOBAY-BEACH-1920x1279.jpg 1920w\" sizes=\"auto, (max-width: 2560px) 100vw, 2560px\" \/><\/div><\/div><\/div><div data-vc-full-width=\"true\" data-vc-full-width-init=\"false\" class=\"vc_row wpb_row vc_row-fluid vc_custom_1701666455019 vc_row-o-content-middle vc_row-flex wpex-vc_row-has-fill wpex-vc-row-stretched no-bottom-margins\" data-ls_id=\"#explore\"><div class=\"wpb_column vc_column_container vc_col-sm-6\"><div class=\"vc_column-inner\"><div class=\"wpb_wrapper\">\n\t<div class=\"wpb_text_column wpb_content_element wpb_animate_when_almost_visible wpb_fadeInUp fadeInUp\" >\n\t\t<div class=\"wpb_wrapper\">\n\t\t\t<p><strong>GI\u00c1: 500,000 VND\/NG\u01af\u1edcI<\/strong><\/p>\n<p><strong>\u0110I\u1ec0U KHO\u1ea2N &amp; \u0110I\u1ec0U KI\u1ec6N S\u1eec D\u1ee4NG:<\/strong><\/p>\n<ul>\n<li role=\"presentation\">Phi\u1ebfu qu\u00e0 t\u1eb7ng tr\u1ecb gi\u00e1 500.000 VND \u0111\u01b0\u1ee3c s\u1eed d\u1ee5ng cho b\u1eefa tr\u01b0a v\u1edbi c\u00e1c m\u00f3n \u0103n t\u01b0\u01a1i ngon v\u00e0 cocktail t\u1ea1i Mango Beach Bar &amp; Restaurant.<\/li>\n<li role=\"presentation\">Phi\u1ebfu qu\u00e0 t\u1eb7ng bao g\u1ed3m quy\u1ec1n s\u1eed d\u1ee5ng mi\u1ec5n ph\u00ed b\u00e3i bi\u1ec3n ri\u00eang c\u1ee7a Mango Bay Resort, gh\u1ebf t\u1eafm n\u1eafng v\u00e0 c\u00e1c thi\u1ebft b\u1ecb h\u1ed7 tr\u1ee3 cho c\u00e1c ho\u1ea1t \u0111\u1ed9ng vui ch\u01a1i tr\u00ean bi\u1ec3n.<\/li>\n<li role=\"presentation\">Phi\u1ebfu qu\u00e0 t\u1eb7ng ch\u1ec9 c\u00f3 gi\u00e1 tr\u1ecb s\u1eed d\u1ee5ng t\u1ea1i Mango Bay Resort. Qu\u00fd kh\u00e1ch vui l\u00f2ng xu\u1ea5t tr\u00ecnh b\u1ea3n g\u1ed1c c\u1ee7a phi\u1ebfu khi thanh to\u00e1n.<\/li>\n<li role=\"presentation\">Phi\u1ebfu qu\u00e0 t\u1eb7ng kh\u00f4ng c\u00f3 gi\u00e1 tr\u1ecb quy \u0111\u1ed5i th\u00e0nh ti\u1ec1n m\u1eb7t.<\/li>\n<li role=\"presentation\">Phi\u1ebfu qu\u00e0 t\u1eb7ng c\u00f3 th\u1ec3 \u0111\u01b0\u1ee3c s\u1eed d\u1ee5ng c\u00f9ng c\u00e1c ch\u01b0\u01a1ng tr\u00ecnh khuy\u1ebfn m\u00e3i ho\u1eb7c \u01b0u \u0111\u00e3i kh\u00e1c. Trong tr\u01b0\u1eddng h\u1ee3p ph\u00e1t sinh tranh ch\u1ea5p, Mango Bay Resort gi\u1eef quy\u1ec1n \u0111\u01b0a ra quy\u1ebft \u0111\u1ecbnh cu\u1ed1i c\u00f9ng.<\/li>\n<\/ul>\n<p><em><strong>Qu\u00fd kh\u00e1ch vui l\u00f2ng mua v\u00e9 tr\u1ef1c ti\u1ebfp t\u1ea1i qu\u1ea7y l\u1ec5 t\u00e2n!<\/strong><\/em><\/p>\n\n\t\t<\/div>\n\t<\/div>\n<\/div><\/div><\/div><div class=\"wpb_column vc_column_container vc_col-sm-6\"><div class=\"vc_column-inner\"><div class=\"wpb_wrapper\"><div class=\"wpex-slider-preloaderimg\"><img loading=\"lazy\" decoding=\"async\" data-no-lazy=\"1\" class=\"skip-lazy\" src=\"https:\/\/mangobayphuquoc.com\/wp-content\/uploads\/2025\/11\/DAVID-MEDIA-MANGOBAY-02.-HQ-2-scaled-600x600.jpg\" alt=\"\" width=\"600\" height=\"600\" \/><\/div><div class=\"vcex-module wpex-slider slider-pro vcex-image-slider wpex-clr wpex-lightbox-group\" data-auto-play-delay=\"5000\" data-animation-speed=\"600\" data-height-animation-duration=\"500\" data-thumbnail-height=\"70\" data-thumbnail-width=\"70\" data-show_title=\"false\"><div class=\"wpex-slider-slides sp-slides\"><div class=\"wpex-slider-slide sp-slide\"><div class=\"wpex-slider-media\"><a href=\"https:\/\/mangobayphuquoc.com\/wp-content\/uploads\/2025\/11\/DAVID-MEDIA-MANGOBAY-02.-HQ-2-scaled.jpg\" class=\"vcex-flexslider-entry-img wpex-slider-media-link wpex-lightbox-group-item\"><img loading=\"lazy\" decoding=\"async\" data-no-lazy=\"1\" class=\"skip-lazy\" src=\"https:\/\/mangobayphuquoc.com\/wp-content\/uploads\/2025\/11\/DAVID-MEDIA-MANGOBAY-02.-HQ-2-scaled-600x600.jpg\" alt=\"\" width=\"600\" height=\"600\" \/><\/a><\/div><\/div><div class=\"wpex-slider-slide sp-slide\"><div class=\"wpex-slider-media\"><a href=\"https:\/\/mangobayphuquoc.com\/wp-content\/uploads\/2025\/11\/DAVID-MEDIA-MANGOBAY-02-HQ-11-scaled.jpg\" class=\"vcex-flexslider-entry-img wpex-slider-media-link wpex-lightbox-group-item\"><img loading=\"lazy\" decoding=\"async\" data-no-lazy=\"1\" class=\"skip-lazy\" src=\"https:\/\/mangobayphuquoc.com\/wp-content\/uploads\/2025\/11\/DAVID-MEDIA-MANGOBAY-02-HQ-11-scaled-600x600.jpg\" alt=\"\" width=\"600\" height=\"600\" \/><\/a><\/div><\/div><div class=\"wpex-slider-slide sp-slide\"><div class=\"wpex-slider-media\"><a href=\"https:\/\/mangobayphuquoc.com\/wp-content\/uploads\/2025\/11\/DAVID-MEDIA-MANGOBAY-02-HQ-17-scaled.jpg\" class=\"vcex-flexslider-entry-img wpex-slider-media-link wpex-lightbox-group-item\"><img loading=\"lazy\" decoding=\"async\" data-no-lazy=\"1\" class=\"skip-lazy\" src=\"https:\/\/mangobayphuquoc.com\/wp-content\/uploads\/2025\/11\/DAVID-MEDIA-MANGOBAY-02-HQ-17-scaled-600x600.jpg\" alt=\"\" width=\"600\" height=\"600\" \/><\/a><\/div><\/div><div class=\"wpex-slider-slide sp-slide\"><div class=\"wpex-slider-media\"><a href=\"https:\/\/mangobayphuquoc.com\/wp-content\/uploads\/2025\/11\/DAVID-MEDIA-MANGOBAY-02-HQ-4-scaled.jpg\" class=\"vcex-flexslider-entry-img wpex-slider-media-link wpex-lightbox-group-item\"><img loading=\"lazy\" decoding=\"async\" data-no-lazy=\"1\" class=\"skip-lazy\" src=\"https:\/\/mangobayphuquoc.com\/wp-content\/uploads\/2025\/11\/DAVID-MEDIA-MANGOBAY-02-HQ-4-scaled-600x600.jpg\" alt=\"\" width=\"600\" height=\"600\" \/><\/a><\/div><\/div><div class=\"wpex-slider-slide sp-slide\"><div class=\"wpex-slider-media\"><a href=\"https:\/\/mangobayphuquoc.com\/wp-content\/uploads\/2025\/11\/DAVID-MEDIA-MANGOBAY-02-HQ-19-scaled.jpg\" class=\"vcex-flexslider-entry-img wpex-slider-media-link wpex-lightbox-group-item\"><img loading=\"lazy\" decoding=\"async\" data-no-lazy=\"1\" class=\"skip-lazy\" src=\"https:\/\/mangobayphuquoc.com\/wp-content\/uploads\/2025\/11\/DAVID-MEDIA-MANGOBAY-02-HQ-19-scaled-600x600.jpg\" alt=\"\" width=\"600\" height=\"600\" \/><\/a><\/div><\/div><div class=\"wpex-slider-slide sp-slide\"><div class=\"wpex-slider-media\"><a href=\"https:\/\/mangobayphuquoc.com\/wp-content\/uploads\/2025\/11\/Thiet-ke-chua-co-ten-23-scaled.png\" class=\"vcex-flexslider-entry-img wpex-slider-media-link wpex-lightbox-group-item\"><img loading=\"lazy\" decoding=\"async\" data-no-lazy=\"1\" class=\"skip-lazy\" src=\"https:\/\/mangobayphuquoc.com\/wp-content\/uploads\/2025\/11\/Thiet-ke-chua-co-ten-23-scaled-600x600.png\" alt=\"\" width=\"600\" height=\"600\" \/><\/a><\/div><\/div><div class=\"wpex-slider-slide sp-slide\"><div class=\"wpex-slider-media\"><a href=\"https:\/\/mangobayphuquoc.com\/wp-content\/uploads\/2025\/11\/Thiet-ke-chua-co-ten-22-scaled.png\" class=\"vcex-flexslider-entry-img wpex-slider-media-link wpex-lightbox-group-item\"><img loading=\"lazy\" decoding=\"async\" data-no-lazy=\"1\" class=\"skip-lazy\" src=\"https:\/\/mangobayphuquoc.com\/wp-content\/uploads\/2025\/11\/Thiet-ke-chua-co-ten-22-scaled-600x600.png\" alt=\"\" width=\"600\" height=\"600\" \/><\/a><\/div><\/div><div class=\"wpex-slider-slide sp-slide\"><div class=\"wpex-slider-media\"><a href=\"https:\/\/mangobayphuquoc.com\/wp-content\/uploads\/2025\/11\/DAVID-MEDIA-MANGOBAY-02-HQ-7-scaled.jpg\" class=\"vcex-flexslider-entry-img wpex-slider-media-link wpex-lightbox-group-item\"><img loading=\"lazy\" decoding=\"async\" data-no-lazy=\"1\" class=\"skip-lazy\" src=\"https:\/\/mangobayphuquoc.com\/wp-content\/uploads\/2025\/11\/DAVID-MEDIA-MANGOBAY-02-HQ-7-scaled-600x600.jpg\" alt=\"\" width=\"600\" height=\"600\" \/><\/a><\/div><\/div><div class=\"wpex-slider-slide sp-slide\"><div class=\"wpex-slider-media\"><a href=\"https:\/\/mangobayphuquoc.com\/wp-content\/uploads\/2025\/11\/DAVID-MEDIA-MANGOBAY-02-HQ-28-scaled.jpg\" class=\"vcex-flexslider-entry-img wpex-slider-media-link wpex-lightbox-group-item\"><img loading=\"lazy\" decoding=\"async\" data-no-lazy=\"1\" class=\"skip-lazy\" src=\"https:\/\/mangobayphuquoc.com\/wp-content\/uploads\/2025\/11\/DAVID-MEDIA-MANGOBAY-02-HQ-28-scaled-600x600.jpg\" alt=\"\" width=\"600\" height=\"600\" \/><\/a><\/div><\/div><div class=\"wpex-slider-slide sp-slide\"><div class=\"wpex-slider-media\"><a href=\"https:\/\/mangobayphuquoc.com\/wp-content\/uploads\/2025\/11\/DAVID-MEDIA-MANGOBAY-02-HQ-27-scaled.jpg\" class=\"vcex-flexslider-entry-img wpex-slider-media-link wpex-lightbox-group-item\"><img loading=\"lazy\" decoding=\"async\" data-no-lazy=\"1\" class=\"skip-lazy\" src=\"https:\/\/mangobayphuquoc.com\/wp-content\/uploads\/2025\/11\/DAVID-MEDIA-MANGOBAY-02-HQ-27-scaled-600x600.jpg\" alt=\"\" width=\"600\" height=\"600\" \/><\/a><\/div><\/div><div class=\"wpex-slider-slide sp-slide\"><div class=\"wpex-slider-media\"><a href=\"https:\/\/mangobayphuquoc.com\/wp-content\/uploads\/2025\/11\/DAVID-MEDIA-MANGOBAY-02.-HQ-3-scaled.jpg\" class=\"vcex-flexslider-entry-img wpex-slider-media-link wpex-lightbox-group-item\"><img loading=\"lazy\" decoding=\"async\" data-no-lazy=\"1\" class=\"skip-lazy\" src=\"https:\/\/mangobayphuquoc.com\/wp-content\/uploads\/2025\/11\/DAVID-MEDIA-MANGOBAY-02.-HQ-3-scaled-600x600.jpg\" alt=\"\" width=\"600\" height=\"600\" \/><\/a><\/div><\/div><\/div><\/div><\/div><\/div><\/div><\/div><div class=\"vc_row-full-width vc_clearfix\"><\/div>\n<\/div>","protected":false},"excerpt":{"rendered":"LAZY LUNCH DAY PASS at Mango Beach Bar &amp; Restaurant","protected":false},"author":1,"featured_media":0,"parent":0,"menu_order":15,"comment_status":"closed","ping_status":"closed","template":"","meta":{"footnotes":""},"class_list":["post-2576","page","type-page","status-publish","hentry","entry","no-media"],"yoast_head":"<!-- This site is optimized with the Yoast SEO plugin v27.2 - https:\/\/yoast.com\/product\/yoast-seo-wordpress\/ -->\n<title>Day Pass - Mango Bay Resort Phu Quoc<\/title>\n<meta name=\"description\" content=\"Mango Bay Resort is an eco-friendly resort with beachfront bungalows, nestled amidst lush greenery, perfect for a nature retreat on Phu Quoc.\" \/>\n<meta name=\"robots\" content=\"index, follow, max-snippet:-1, max-image-preview:large, max-video-preview:-1\" \/>\n<link rel=\"canonical\" href=\"https:\/\/mangobayphuquoc.com\/vi\/day-pass-landing-page\/\" \/>\n<meta property=\"og:locale\" content=\"vi_VN\" \/>\n<meta property=\"og:type\" content=\"article\" \/>\n<meta property=\"og:title\" content=\"Day Pass - Mango Bay Resort Phu Quoc\" \/>\n<meta property=\"og:description\" content=\"Mango Bay Resort is an eco-friendly resort with beachfront bungalows, nestled amidst lush greenery, perfect for a nature retreat on Phu Quoc.\" \/>\n<meta property=\"og:url\" content=\"https:\/\/mangobayphuquoc.com\/vi\/day-pass-landing-page\/\" \/>\n<meta property=\"og:site_name\" content=\"Mango Bay Resort Phu Quoc\" \/>\n<meta property=\"article:modified_time\" content=\"2025-11-22T07:04:51+00:00\" \/>\n<meta property=\"og:image\" content=\"https:\/\/mangobayphuquoc.com\/wp-content\/uploads\/2024\/08\/DAVID-MEDIA-MangoBay-Demo-4-17-1024x682.jpg\" \/>\n\t<meta property=\"og:image:width\" content=\"1024\" \/>\n\t<meta property=\"og:image:height\" content=\"682\" \/>\n\t<meta property=\"og:image:type\" content=\"image\/jpeg\" \/>\n<meta name=\"twitter:card\" content=\"summary_large_image\" \/>\n<meta name=\"twitter:label1\" content=\"\u01af\u1edbc t\u00ednh th\u1eddi gian \u0111\u1ecdc\" \/>\n\t<meta name=\"twitter:data1\" content=\"1 ph\u00fat\" \/>\n<!-- \/ Yoast SEO plugin. -->","yoast_head_json":{"title":"Day Pass - Mango Bay Resort Phu Quoc","description":"Mango Bay Resort is an eco-friendly resort with beachfront bungalows, nestled amidst lush greenery, perfect for a nature retreat on Phu Quoc.","robots":{"index":"index","follow":"follow","max-snippet":"max-snippet:-1","max-image-preview":"max-image-preview:large","max-video-preview":"max-video-preview:-1"},"canonical":"https:\/\/mangobayphuquoc.com\/vi\/day-pass-landing-page\/","og_locale":"vi_VN","og_type":"article","og_title":"Day Pass - Mango Bay Resort Phu Quoc","og_description":"Mango Bay Resort is an eco-friendly resort with beachfront bungalows, nestled amidst lush greenery, perfect for a nature retreat on Phu Quoc.","og_url":"https:\/\/mangobayphuquoc.com\/vi\/day-pass-landing-page\/","og_site_name":"Mango Bay Resort Phu Quoc","article_modified_time":"2025-11-22T07:04:51+00:00","og_image":[{"width":1024,"height":682,"url":"https:\/\/mangobayphuquoc.com\/wp-content\/uploads\/2024\/08\/DAVID-MEDIA-MangoBay-Demo-4-17-1024x682.jpg","type":"image\/jpeg"}],"twitter_card":"summary_large_image","twitter_misc":{"\u01af\u1edbc t\u00ednh th\u1eddi gian \u0111\u1ecdc":"1 ph\u00fat"},"schema":{"@context":"https:\/\/schema.org","@graph":[{"@type":"WebPage","@id":"https:\/\/mangobayphuquoc.com\/day-pass-landing-page\/","url":"https:\/\/mangobayphuquoc.com\/day-pass-landing-page\/","name":"Day Pass - Mango Bay Resort Phu Quoc","isPartOf":{"@id":"https:\/\/mangobayphuquoc.com\/vi\/#website"},"datePublished":"2023-12-04T05:01:52+00:00","dateModified":"2025-11-22T07:04:51+00:00","description":"Mango Bay Resort is an eco-friendly resort with beachfront bungalows, nestled amidst lush greenery, perfect for a nature retreat on Phu Quoc.","breadcrumb":{"@id":"https:\/\/mangobayphuquoc.com\/day-pass-landing-page\/#breadcrumb"},"inLanguage":"vi","potentialAction":[{"@type":"ReadAction","target":["https:\/\/mangobayphuquoc.com\/day-pass-landing-page\/"]}]},{"@type":"BreadcrumbList","@id":"https:\/\/mangobayphuquoc.com\/day-pass-landing-page\/#breadcrumb","itemListElement":[{"@type":"ListItem","position":1,"name":"Home","item":"https:\/\/mangobayphuquoc.com\/"},{"@type":"ListItem","position":2,"name":"Day Pass"}]},{"@type":"WebSite","@id":"https:\/\/mangobayphuquoc.com\/vi\/#website","url":"https:\/\/mangobayphuquoc.com\/vi\/","name":"Mango Bay Resort Phu Quoc","description":"#1 well-known Resort on Phu Quoc Island","publisher":{"@id":"https:\/\/mangobayphuquoc.com\/vi\/#organization"},"potentialAction":[{"@type":"SearchAction","target":{"@type":"EntryPoint","urlTemplate":"https:\/\/mangobayphuquoc.com\/vi\/?s={search_term_string}"},"query-input":{"@type":"PropertyValueSpecification","valueRequired":true,"valueName":"search_term_string"}}],"inLanguage":"vi"},{"@type":"Organization","@id":"https:\/\/mangobayphuquoc.com\/vi\/#organization","name":"Mango Bay Resort Phu Quoc","url":"https:\/\/mangobayphuquoc.com\/vi\/","logo":{"@type":"ImageObject","inLanguage":"vi","@id":"https:\/\/mangobayphuquoc.com\/vi\/#\/schema\/logo\/image\/","url":"https:\/\/mangobayphuquoc.com\/wp-content\/uploads\/2020\/10\/logo-white.png","contentUrl":"https:\/\/mangobayphuquoc.com\/wp-content\/uploads\/2020\/10\/logo-white.png","width":160,"height":52,"caption":"Mango Bay Resort Phu Quoc"},"image":{"@id":"https:\/\/mangobayphuquoc.com\/vi\/#\/schema\/logo\/image\/"}}]}},"_links":{"self":[{"href":"https:\/\/mangobayphuquoc.com\/vi\/wp-json\/wp\/v2\/pages\/2576","targetHints":{"allow":["GET"]}}],"collection":[{"href":"https:\/\/mangobayphuquoc.com\/vi\/wp-json\/wp\/v2\/pages"}],"about":[{"href":"https:\/\/mangobayphuquoc.com\/vi\/wp-json\/wp\/v2\/types\/page"}],"author":[{"embeddable":true,"href":"https:\/\/mangobayphuquoc.com\/vi\/wp-json\/wp\/v2\/users\/1"}],"replies":[{"embeddable":true,"href":"https:\/\/mangobayphuquoc.com\/vi\/wp-json\/wp\/v2\/comments?post=2576"}],"version-history":[{"count":9,"href":"https:\/\/mangobayphuquoc.com\/vi\/wp-json\/wp\/v2\/pages\/2576\/revisions"}],"predecessor-version":[{"id":2940,"href":"https:\/\/mangobayphuquoc.com\/vi\/wp-json\/wp\/v2\/pages\/2576\/revisions\/2940"}],"wp:attachment":[{"href":"https:\/\/mangobayphuquoc.com\/vi\/wp-json\/wp\/v2\/media?parent=2576"}],"curies":[{"name":"wp","href":"https:\/\/api.w.org\/{rel}","templated":true}]}}