{"id":357,"date":"2020-10-23T08:39:18","date_gmt":"2020-10-23T01:39:18","guid":{"rendered":"http:\/\/mangobay.wamvietnam.com\/?page_id=357"},"modified":"2022-04-19T19:17:07","modified_gmt":"2022-04-19T12:17:07","slug":"weddings-events","status":"publish","type":"page","link":"https:\/\/mangobayphuquoc.com\/vi\/weddings-events\/","title":{"rendered":"Ti\u1ec7c c\u01b0\u1edbi &amp; S\u1ef1 ki\u1ec7n"},"content":{"rendered":"<div class=\"wpb-content-wrapper\"><div data-vc-full-width=\"true\" data-vc-full-width-init=\"false\" data-vc-stretch-content=\"true\" class=\"vc_row wpb_row vc_row-fluid vc_custom_1607654320858 vc_row-o-full-height vc_row-o-columns-bottom vc_row-flex wpex-vc_row-has-fill wpex-vc-row-stretched no-bottom-margins add-overlay-header-offset\"><div class=\"wpb_column vc_column_container vc_col-sm-3\"><div class=\"vc_column-inner\"><div class=\"wpb_wrapper\"><\/div><\/div><\/div><div class=\"wpb_column vc_column_container vc_col-sm-6\"><div class=\"vc_column-inner\"><div class=\"wpb_wrapper\"><h1 class=\"vcex-module vcex-heading wpex-text-2xl wpex-font-normal wpex-m-auto wpex-max-w-100 vcex-heading-plain wpex-block wpex-text-center  wpb_animate_when_almost_visible wpb_fadeInUp fadeInUp\" style=\"color:#ffffff;font-size:32px;text-transform:uppercase;\"><span class=\"vcex-heading-inner wpex-inline-block wpex-clr\">TI\u1ec6C C\u01af\u1edaI V\u00c0 S\u1ef0 KI\u1ec6N<\/span><\/h1><div class=\"vcex-spacing wpex-w-100 wpex-clear\" style=\"height:30px\"><\/div><div class=\"vcex-module vcex-heading wpex-text-2xl wpex-font-normal wpex-m-auto wpex-max-w-100 vcex-heading-plain wpex-block wpex-text-center  wpb_animate_when_almost_visible wpb_fadeInUp fadeInUp\" style=\"color:#ffffff;font-size:12px;\"><a href=\"#explore\" class=\"wpex-no-underline local-scroll-link wpex-inherit-color wpex-hover-text-accent\"\"><span class=\"vcex-heading-inner wpex-inline-block wpex-clr\">T\u00ecm hi\u1ec3u th\u00eam<span class=\"vcex-icon-wrap wpex-ml-15\"><span class=\"ticon ticon-angle-double-down\" aria-hidden=\"true\"><\/span><\/span><\/span><\/a><\/div><div class=\"vcex-spacing wpex-w-100 wpex-clear\" style=\"height:100px\"><\/div><\/div><\/div><\/div><div class=\"wpb_column vc_column_container vc_col-sm-3\"><div class=\"vc_column-inner\"><div class=\"wpb_wrapper\"><\/div><\/div><\/div><\/div><div class=\"vc_row-full-width vc_clearfix\"><\/div><div class=\"nk-awb  nk-awb-after-vc_row\" ><div class=\"nk-awb-wrap\" data-awb-type=\"yt_vm_video\" data-awb-image-background-size=\"cover\" data-awb-image-background-position=\"50% 50%\" data-awb-video=\"https:\/\/www.youtube.com\/watch?v=l3Wcqr5muyU\" data-awb-video-start-time=\"01\" data-awb-video-end-time=\"0\" data-awb-video-volume=\"0\" data-awb-video-always-play=\"true\" data-awb-video-mobile=\"1\" data-awb-parallax=\"scroll\" data-awb-parallax-speed=\"0.6\" data-awb-parallax-mobile=\"false\" data-awb-mouse-parallax-size=\"60\" data-awb-mouse-parallax-speed=\"10000\"><div  class=\"nk-awb-inner\"><img loading=\"lazy\" decoding=\"async\" width=\"2560\" height=\"1706\" src=\"https:\/\/mangobayphuquoc.com\/wp-content\/uploads\/2020\/11\/DSC09002-scaled.jpg\" class=\"jarallax-img\" alt=\"\" style=\"object-position: 50% 50%;\" srcset=\"https:\/\/mangobayphuquoc.com\/wp-content\/uploads\/2020\/11\/DSC09002-scaled.jpg 2560w, https:\/\/mangobayphuquoc.com\/wp-content\/uploads\/2020\/11\/DSC09002-1024x682.jpg 1024w, https:\/\/mangobayphuquoc.com\/wp-content\/uploads\/2020\/11\/DSC09002-768x512.jpg 768w, https:\/\/mangobayphuquoc.com\/wp-content\/uploads\/2020\/11\/DSC09002-1536x1023.jpg 1536w, https:\/\/mangobayphuquoc.com\/wp-content\/uploads\/2020\/11\/DSC09002-2048x1365.jpg 2048w, https:\/\/mangobayphuquoc.com\/wp-content\/uploads\/2020\/11\/DSC09002-500x333.jpg 500w, https:\/\/mangobayphuquoc.com\/wp-content\/uploads\/2020\/11\/DSC09002-800x533.jpg 800w, https:\/\/mangobayphuquoc.com\/wp-content\/uploads\/2020\/11\/DSC09002-1280x853.jpg 1280w, https:\/\/mangobayphuquoc.com\/wp-content\/uploads\/2020\/11\/DSC09002-1920x1279.jpg 1920w\" sizes=\"auto, (max-width: 2560px) 100vw, 2560px\" \/><\/div><\/div><\/div><div data-vc-full-width=\"true\" data-vc-full-width-init=\"false\" data-vc-stretch-content=\"true\" class=\"vc_row wpb_row vc_row-fluid vc_custom_1605417993719 wpex-vc_row-has-fill wpex-vc-row-stretched no-bottom-margins\" data-ls_id=\"#explore\"><div class=\"wpb_column vc_column_container vc_col-sm-3\"><div class=\"vc_column-inner\"><div class=\"wpb_wrapper\"><\/div><\/div><\/div><div class=\"wpb_column vc_column_container vc_col-sm-6\"><div class=\"vc_column-inner\"><div class=\"wpb_wrapper\">\n\t<div class=\"wpb_text_column wpb_content_element wpb_animate_when_almost_visible wpb_fadeInUp fadeInUp\" >\n\t\t<div class=\"wpb_wrapper\">\n\t\t\t<p style=\"text-align: center;\">L\u00e0 m\u1ed9t trong nh\u1eefng \u0111\u1ecba \u0111i\u1ec3m \u0111\u1eb9p nh\u1ea5t cho ti\u1ec7c c\u01b0\u1edbi v\u00e0 c\u00e1c cu\u1ed9c h\u1ecdp m\u1eb7t nh\u1ecf tr\u00ean b\u1edd bi\u1ec3n, Mango Bay mang \u0111\u1ebfn cho b\u1ea1n c\u1ea3m gi\u00e1c t\u1ef1 nhi\u00ean, \u0111\u00e1ng nh\u1edb v\u00e0 th\u1eadt s\u1ef1 \u0111\u1ed9c \u0111\u00e1o.<\/p>\n\n\t\t<\/div>\n\t<\/div>\n<div class=\"vcex-spacing wpex-w-100 wpex-clear\" style=\"height:30px\"><\/div><div class=\"textcenter theme-button-block-wrap wpex-block wpex-clear theme-button-wrap wpex-clr\"><a href=\"#\" class=\"vcex-button theme-button minimal-border small align-center block  wpb_animate_when_almost_visible wpb_fadeInRight fadeInRight wpex-lightbox-gallery\" style=\"width:230px;\" data-gallery=\"[{&quot;src&quot;:&quot;https:\\\/\\\/mangobayphuquoc.com\\\/wp-content\\\/uploads\\\/2022\\\/04\\\/event.png&quot;}]\"><span class=\"theme-button-inner\">G\u00f3i Ti\u1ec7c c\u01b0\u1edbi v\u00e0 S\u1ef1 ki\u1ec7n<\/span><\/a><\/div> <\/div><\/div><\/div><div class=\"wpb_column vc_column_container vc_col-sm-3\"><div class=\"vc_column-inner\"><div class=\"wpb_wrapper\"><\/div><\/div><\/div><\/div><div class=\"vc_row-full-width vc_clearfix\"><\/div><div data-vc-full-width=\"true\" data-vc-full-width-init=\"false\" class=\"vc_row wpb_row vc_row-fluid about vc_custom_1605418005412 wpex-vc_row-has-fill wpex-vc-row-stretched wpex-vc-has-custom-column-spacing wpex-vc-column-spacing-0px no-bottom-margins\"><div class=\"wpb_column vc_column_container vc_col-sm-12\"><div class=\"vc_column-inner\"><div class=\"wpb_wrapper\"><div class=\"vc_row wpb_row vc_inner vc_row-fluid vc_custom_1603438880319 vc_row-o-equal-height vc_row-o-content-middle vc_row-flex no-bottom-margins\"><div class=\"wpb_column vc_column_container vc_col-sm-6\"><div class=\"vc_column-inner vc_custom_1603438695832\"><div class=\"wpb_wrapper\">\n\t<div  class=\"wpb_single_image wpb_content_element vc_align_center wpb_content_element wpb_animate_when_almost_visible wpb_fadeInLeft fadeInLeft\">\n\t\t\n\t\t<figure class=\"wpb_wrapper vc_figure\">\n\t\t\t<div class=\"vc_single_image-wrapper wpex-image-hover opacity   vc_box_border_grey\"><img decoding=\"async\" class=\"vc_single_image-img\" src=\"https:\/\/mangobayphuquoc.com\/wp-content\/uploads\/2020\/10\/DSC09002-scaled-600x600.jpg\" width=\"600\" height=\"600\" alt=\"DSC09002\" title=\"DSC09002\" loading=\"lazy\" \/><\/div>\n\t\t<\/figure>\n\t<\/div>\n<\/div><\/div><\/div><div class=\"wpb_column vc_column_container vc_col-sm-6 wpex-vc_col-has-fill\"><div class=\"vc_column-inner vc_custom_1603438706599\"><div class=\"wpb_wrapper\"><div class=\"vcex-spacing wpex-w-100 wpex-clear\" style=\"height:30px\"><\/div><h1 class=\"vcex-module vcex-heading wpex-text-2xl wpex-font-normal wpex-m-auto wpex-max-w-100 vcex-heading-plain wpex-block wpex-text-center  wpb_animate_when_almost_visible wpb_fadeInRight fadeInRight\" style=\"text-transform:uppercase;\"><span class=\"vcex-heading-inner wpex-inline-block wpex-clr\">Ti\u1ec7c c\u01b0\u1edbi t\u1ea1i Mango Bay<\/span><\/h1><div class=\"vcex-spacing wpex-w-100 wpex-clear\" style=\"height:30px\"><\/div>\n\t<div style=\"width:80%;\" class=\"wpb_text_column wpex-max-w-100 wpex-mx-auto wpb_content_element wpb_animate_when_almost_visible wpb_fadeInRight fadeInRight text-last-center\" >\n\t\t<div class=\"wpb_wrapper\">\n\t\t\t<p style=\"text-align: justify;\">Mango Bay l\u00e0 n\u01a1i k\u1ebft h\u1ee3p gi\u1eefa s\u1ef1 \u0111\u01a1n gi\u1ea3n v\u00e0 ch\u00e2n th\u1ef1c. \u0110\u1ed1i v\u1edbi nh\u1eefng bu\u1ed5i h\u1ecdp m\u1eb7t th\u00e2n m\u1eadt t\u1eeb 2 \u0111\u1ebfn 80 ng\u01b0\u1eddi tham d\u1ef1, \u0111\u00e2y l\u00e0 b\u00e3i bi\u1ec3n t\u1ef1 nhi\u00ean ho\u00e0n h\u1ea3o \u0111\u1ec3 b\u1ea1n (ho\u1eb7c ch\u00fang t\u00f4i) l\u00ean k\u1ebf ho\u1ea1ch cho \u0111\u00e1m c\u01b0\u1edbi c\u1ee7a m\u00ecnh. \u0110\u1ea7u b\u1ebfp c\u1ee7a Mango Bay s\u1ebd s\u00e1ng t\u1ea1o nh\u1eefng th\u1ef1c \u0111\u01a1n \u0111\u1eb7c bi\u1ec7t, \u0111\u1ec3 nh\u1eefng th\u1ef1c kh\u00e1ch c\u00f3 th\u1ec3 th\u01b0\u1edfng th\u1ee9c gi\u1eefa nh\u1eefng c\u00e2y hoa lan v\u00e0 hoa l\u00e0i, khi kh\u00f4ng kh\u00ed nhi\u1ec7t \u0111\u1edbi \u1ea5m \u00e1p v\u1ed7 v\u1ec1 cho \u0111\u1ebfn t\u1eadn \u0111\u00eam.<\/p>\n\n\t\t<\/div>\n\t<\/div>\n<div class=\"vcex-spacing wpex-w-100 wpex-clear\" style=\"height:30px\"><\/div><div class=\"textcenter theme-button-block-wrap wpex-block wpex-clear theme-button-wrap wpex-clr\"><a href=\"#\" class=\"vcex-button theme-button minimal-border small align-center block  wpb_animate_when_almost_visible wpb_fadeInRight fadeInRight wpex-lightbox-gallery\" style=\"width:230px;\" data-gallery=\"[{&quot;src&quot;:&quot;https:\\\/\\\/mangobayphuquoc.com\\\/wp-content\\\/uploads\\\/2020\\\/11\\\/DSC09002-scaled.jpg&quot;},{&quot;src&quot;:&quot;https:\\\/\\\/mangobayphuquoc.com\\\/wp-content\\\/uploads\\\/2020\\\/11\\\/DSC09179-scaled.jpg&quot;},{&quot;src&quot;:&quot;https:\\\/\\\/mangobayphuquoc.com\\\/wp-content\\\/uploads\\\/2020\\\/11\\\/DSC09007-scaled.jpg&quot;},{&quot;src&quot;:&quot;https:\\\/\\\/mangobayphuquoc.com\\\/wp-content\\\/uploads\\\/2020\\\/11\\\/DSC09035-scaled.jpg&quot;},{&quot;src&quot;:&quot;https:\\\/\\\/mangobayphuquoc.com\\\/wp-content\\\/uploads\\\/2020\\\/11\\\/DSC09060-scaled.jpg&quot;},{&quot;src&quot;:&quot;https:\\\/\\\/mangobayphuquoc.com\\\/wp-content\\\/uploads\\\/2020\\\/11\\\/DSC09391-1-scaled.jpg&quot;},{&quot;src&quot;:&quot;https:\\\/\\\/mangobayphuquoc.com\\\/wp-content\\\/uploads\\\/2020\\\/11\\\/DSC09392-scaled.jpg&quot;},{&quot;src&quot;:&quot;https:\\\/\\\/mangobayphuquoc.com\\\/wp-content\\\/uploads\\\/2020\\\/11\\\/DSC09190-scaled.jpg&quot;},{&quot;src&quot;:&quot;https:\\\/\\\/mangobayphuquoc.com\\\/wp-content\\\/uploads\\\/2020\\\/11\\\/DSC09201-scaled.jpg&quot;},{&quot;src&quot;:&quot;https:\\\/\\\/mangobayphuquoc.com\\\/wp-content\\\/uploads\\\/2020\\\/11\\\/DSC09330-1-scaled.jpg&quot;},{&quot;src&quot;:&quot;https:\\\/\\\/mangobayphuquoc.com\\\/wp-content\\\/uploads\\\/2020\\\/11\\\/DSC09297-scaled.jpg&quot;},{&quot;src&quot;:&quot;https:\\\/\\\/mangobayphuquoc.com\\\/wp-content\\\/uploads\\\/2020\\\/11\\\/DSC09279-scaled.jpg&quot;},{&quot;src&quot;:&quot;https:\\\/\\\/mangobayphuquoc.com\\\/wp-content\\\/uploads\\\/2020\\\/11\\\/DSC09403-scaled.jpg&quot;}]\"><span class=\"theme-button-inner\">XEM H\u00ccNH \u1ea2NH<\/span><\/a><\/div> <div class=\"vcex-spacing wpex-w-100 wpex-clear\" style=\"height:30px\"><\/div><\/div><\/div><\/div><\/div><div class=\"vc_row wpb_row vc_inner vc_row-fluid vc_custom_1605503751974 vc_row-o-equal-height vc_row-o-content-middle vc_row-flex no-bottom-margins wpex-cols-right\"><div class=\"wpb_column vc_column_container vc_col-sm-6\"><div class=\"vc_column-inner vc_custom_1605503698919\"><div class=\"wpb_wrapper\">\n\t<div  class=\"wpb_single_image wpb_content_element vc_align_center wpb_content_element wpb_animate_when_almost_visible wpb_fadeInRight fadeInRight\">\n\t\t\n\t\t<figure class=\"wpb_wrapper vc_figure\">\n\t\t\t<div class=\"vc_single_image-wrapper wpex-image-hover opacity   vc_box_border_grey\"><img decoding=\"async\" class=\"vc_single_image-img\" src=\"https:\/\/mangobayphuquoc.com\/wp-content\/uploads\/2020\/10\/DSC09403-scaled-600x600.jpg\" width=\"600\" height=\"600\" alt=\"DSC09403\" title=\"DSC09403\" loading=\"lazy\" \/><\/div>\n\t\t<\/figure>\n\t<\/div>\n<\/div><\/div><\/div><div class=\"wpb_column vc_column_container vc_col-sm-6 wpex-vc_col-has-fill\"><div class=\"vc_column-inner vc_custom_1605503721518\"><div class=\"wpb_wrapper\"><div class=\"vcex-spacing wpex-w-100 wpex-clear\" style=\"height:30px\"><\/div><h1 class=\"vcex-module vcex-heading wpex-text-2xl wpex-font-normal wpex-m-auto wpex-max-w-100 vcex-heading-plain wpex-block wpex-text-center  wpb_animate_when_almost_visible wpb_fadeInLeft fadeInLeft\" style=\"text-transform:uppercase;\"><span class=\"vcex-heading-inner wpex-inline-block wpex-clr\">S\u1ef0 KI\u1ec6N<\/span><\/h1><div class=\"vcex-spacing wpex-w-100 wpex-clear\" style=\"height:30px\"><\/div>\n\t<div style=\"width:80%;\" class=\"wpb_text_column wpex-max-w-100 wpex-mx-auto wpb_content_element wpb_animate_when_almost_visible wpb_fadeInLeft fadeInLeft text-last-center\" >\n\t\t<div class=\"wpb_wrapper\">\n\t\t\t<p style=\"text-align: justify;\">T\u1ea1o n\u00ean nh\u1eefng k\u1ec9 ni\u1ec7m kh\u00f3 qu\u00ean cho s\u1ef1 ki\u1ec7n c\u1ee7a b\u1ea1n t\u1ea1i Mango Bay. C\u00e1c b\u1eefa ti\u1ec7c sinh nh\u1eadt, c\u00e1c chuy\u1ebfn \u0111i x\u00e2y d\u1ef1ng tinh th\u1ea7n \u0111\u1ed9i nh\u00f3m c\u1ee7a c\u00f4ng ty, \u0111\u00e1m c\u01b0\u1edbi v\u00e0 c\u00e1c ng\u00e0y k\u1ef7 ni\u1ec7m ho\u1eb7c c\u00e1c kh\u00f3a  ngh\u1ec9 d\u01b0\u1ee1ng k\u1ebft h\u1ee3p v\u1edbi yoga,... Mango Bay s\u1ebd s\u00e1ng t\u1ea1o v\u00e0 thi\u1ebft k\u1ebf cho b\u1ea1n nh\u1eefng tr\u1ea3i nghi\u1ec7m ho\u00e0n h\u1ea3o.<\/p>\n\n\t\t<\/div>\n\t<\/div>\n<div class=\"vcex-spacing wpex-w-100 wpex-clear\" style=\"height:30px\"><\/div><div class=\"textcenter theme-button-block-wrap wpex-block wpex-clear theme-button-wrap wpex-clr\"><a href=\"#\" class=\"vcex-button theme-button minimal-border small align-center block  wpb_animate_when_almost_visible wpb_fadeInRight fadeInRight wpex-lightbox-gallery\" style=\"width:230px;\" data-gallery=\"[{&quot;src&quot;:&quot;https:\\\/\\\/mangobayphuquoc.com\\\/wp-content\\\/uploads\\\/2020\\\/12\\\/DSC05417-1-scaled.jpg&quot;},{&quot;src&quot;:&quot;https:\\\/\\\/mangobayphuquoc.com\\\/wp-content\\\/uploads\\\/2020\\\/12\\\/DSC05421-1-copy-scaled.jpg&quot;},{&quot;src&quot;:&quot;https:\\\/\\\/mangobayphuquoc.com\\\/wp-content\\\/uploads\\\/2020\\\/12\\\/DSC05426-1-copy-scaled.jpg&quot;},{&quot;src&quot;:&quot;https:\\\/\\\/mangobayphuquoc.com\\\/wp-content\\\/uploads\\\/2020\\\/12\\\/DSC05471-1-copy-scaled.jpg&quot;},{&quot;src&quot;:&quot;https:\\\/\\\/mangobayphuquoc.com\\\/wp-content\\\/uploads\\\/2020\\\/12\\\/DSC06106-1-copy-scaled.jpg&quot;},{&quot;src&quot;:&quot;https:\\\/\\\/mangobayphuquoc.com\\\/wp-content\\\/uploads\\\/2020\\\/12\\\/DSC06190-1-copy-scaled.jpg&quot;},{&quot;src&quot;:&quot;https:\\\/\\\/mangobayphuquoc.com\\\/wp-content\\\/uploads\\\/2020\\\/12\\\/DSC06108-1-copy-scaled.jpg&quot;},{&quot;src&quot;:&quot;https:\\\/\\\/mangobayphuquoc.com\\\/wp-content\\\/uploads\\\/2020\\\/12\\\/DSC06123-1-scaled.jpg&quot;},{&quot;src&quot;:&quot;https:\\\/\\\/mangobayphuquoc.com\\\/wp-content\\\/uploads\\\/2020\\\/12\\\/DSC06207-1-copy-scaled.jpg&quot;},{&quot;src&quot;:&quot;https:\\\/\\\/mangobayphuquoc.com\\\/wp-content\\\/uploads\\\/2020\\\/12\\\/DSC06228-1-copy-scaled.jpg&quot;},{&quot;src&quot;:&quot;https:\\\/\\\/mangobayphuquoc.com\\\/wp-content\\\/uploads\\\/2020\\\/12\\\/DSC06240-1-copy-scaled.jpg&quot;}]\"><span class=\"theme-button-inner\">XEM H\u00ccNH \u1ea2NH<\/span><\/a><\/div> <div class=\"vcex-spacing wpex-w-100 wpex-clear\" style=\"height:30px\"><\/div><\/div><\/div><\/div><\/div><\/div><\/div><\/div><\/div><div class=\"vc_row-full-width vc_clearfix\"><\/div>\n<\/div>","protected":false},"excerpt":{"rendered":"TI\u1ec6C C\u01af\u1edaI V\u00c0 S\u1ef0 KI\u1ec6N","protected":false},"author":1,"featured_media":0,"parent":0,"menu_order":6,"comment_status":"closed","ping_status":"closed","template":"","meta":{"footnotes":""},"class_list":["post-357","page","type-page","status-publish","hentry","entry","no-media"],"yoast_head":"<!-- This site is optimized with the Yoast SEO plugin v27.2 - https:\/\/yoast.com\/product\/yoast-seo-wordpress\/ -->\n<title>Weddings &amp; Events - Mango Bay Resort Phu Quoc<\/title>\n<meta name=\"description\" content=\"Mango Bay Resort is an eco-friendly resort with beachfront bungalows, nestled amidst lush greenery, perfect for a nature retreat on Phu Quoc.\" \/>\n<meta name=\"robots\" content=\"index, follow, max-snippet:-1, max-image-preview:large, max-video-preview:-1\" \/>\n<link rel=\"canonical\" href=\"https:\/\/mangobayphuquoc.com\/vi\/weddings-events\/\" \/>\n<meta property=\"og:locale\" content=\"vi_VN\" \/>\n<meta property=\"og:type\" content=\"article\" \/>\n<meta property=\"og:title\" content=\"Weddings &amp; Events - Mango Bay Resort Phu Quoc\" \/>\n<meta property=\"og:description\" content=\"Mango Bay Resort is an eco-friendly resort with beachfront bungalows, nestled amidst lush greenery, perfect for a nature retreat on Phu Quoc.\" \/>\n<meta property=\"og:url\" content=\"https:\/\/mangobayphuquoc.com\/vi\/weddings-events\/\" \/>\n<meta property=\"og:site_name\" content=\"Mango Bay Resort Phu Quoc\" \/>\n<meta property=\"article:modified_time\" content=\"2022-04-19T12:17:07+00:00\" \/>\n<meta property=\"og:image\" content=\"https:\/\/mangobayphuquoc.com\/wp-content\/uploads\/2024\/08\/DAVID-MEDIA-MangoBay-Demo-4-17-1024x682.jpg\" \/>\n\t<meta property=\"og:image:width\" content=\"1024\" \/>\n\t<meta property=\"og:image:height\" content=\"682\" \/>\n\t<meta property=\"og:image:type\" content=\"image\/jpeg\" \/>\n<meta name=\"twitter:card\" content=\"summary_large_image\" \/>\n<meta name=\"twitter:label1\" content=\"\u01af\u1edbc t\u00ednh th\u1eddi gian \u0111\u1ecdc\" \/>\n\t<meta name=\"twitter:data1\" content=\"3 ph\u00fat\" \/>\n<!-- \/ Yoast SEO plugin. -->","yoast_head_json":{"title":"Weddings & Events - Mango Bay Resort Phu Quoc","description":"Mango Bay Resort is an eco-friendly resort with beachfront bungalows, nestled amidst lush greenery, perfect for a nature retreat on Phu Quoc.","robots":{"index":"index","follow":"follow","max-snippet":"max-snippet:-1","max-image-preview":"max-image-preview:large","max-video-preview":"max-video-preview:-1"},"canonical":"https:\/\/mangobayphuquoc.com\/vi\/weddings-events\/","og_locale":"vi_VN","og_type":"article","og_title":"Weddings & Events - Mango Bay Resort Phu Quoc","og_description":"Mango Bay Resort is an eco-friendly resort with beachfront bungalows, nestled amidst lush greenery, perfect for a nature retreat on Phu Quoc.","og_url":"https:\/\/mangobayphuquoc.com\/vi\/weddings-events\/","og_site_name":"Mango Bay Resort Phu Quoc","article_modified_time":"2022-04-19T12:17:07+00:00","og_image":[{"width":1024,"height":682,"url":"https:\/\/mangobayphuquoc.com\/wp-content\/uploads\/2024\/08\/DAVID-MEDIA-MangoBay-Demo-4-17-1024x682.jpg","type":"image\/jpeg"}],"twitter_card":"summary_large_image","twitter_misc":{"\u01af\u1edbc t\u00ednh th\u1eddi gian \u0111\u1ecdc":"3 ph\u00fat"},"schema":{"@context":"https:\/\/schema.org","@graph":[{"@type":"WebPage","@id":"https:\/\/mangobayphuquoc.com\/weddings-events\/","url":"https:\/\/mangobayphuquoc.com\/weddings-events\/","name":"Weddings & Events - Mango Bay Resort Phu Quoc","isPartOf":{"@id":"https:\/\/mangobayphuquoc.com\/vi\/#website"},"datePublished":"2020-10-23T01:39:18+00:00","dateModified":"2022-04-19T12:17:07+00:00","description":"Mango Bay Resort is an eco-friendly resort with beachfront bungalows, nestled amidst lush greenery, perfect for a nature retreat on Phu Quoc.","breadcrumb":{"@id":"https:\/\/mangobayphuquoc.com\/weddings-events\/#breadcrumb"},"inLanguage":"vi","potentialAction":[{"@type":"ReadAction","target":["https:\/\/mangobayphuquoc.com\/weddings-events\/"]}]},{"@type":"BreadcrumbList","@id":"https:\/\/mangobayphuquoc.com\/weddings-events\/#breadcrumb","itemListElement":[{"@type":"ListItem","position":1,"name":"Home","item":"https:\/\/mangobayphuquoc.com\/"},{"@type":"ListItem","position":2,"name":"Weddings &#038; Events"}]},{"@type":"WebSite","@id":"https:\/\/mangobayphuquoc.com\/vi\/#website","url":"https:\/\/mangobayphuquoc.com\/vi\/","name":"Mango Bay Resort Phu Quoc","description":"#1 well-known Resort on Phu Quoc Island","publisher":{"@id":"https:\/\/mangobayphuquoc.com\/vi\/#organization"},"potentialAction":[{"@type":"SearchAction","target":{"@type":"EntryPoint","urlTemplate":"https:\/\/mangobayphuquoc.com\/vi\/?s={search_term_string}"},"query-input":{"@type":"PropertyValueSpecification","valueRequired":true,"valueName":"search_term_string"}}],"inLanguage":"vi"},{"@type":"Organization","@id":"https:\/\/mangobayphuquoc.com\/vi\/#organization","name":"Mango Bay Resort Phu Quoc","url":"https:\/\/mangobayphuquoc.com\/vi\/","logo":{"@type":"ImageObject","inLanguage":"vi","@id":"https:\/\/mangobayphuquoc.com\/vi\/#\/schema\/logo\/image\/","url":"https:\/\/mangobayphuquoc.com\/wp-content\/uploads\/2020\/10\/logo-white.png","contentUrl":"https:\/\/mangobayphuquoc.com\/wp-content\/uploads\/2020\/10\/logo-white.png","width":160,"height":52,"caption":"Mango Bay Resort Phu Quoc"},"image":{"@id":"https:\/\/mangobayphuquoc.com\/vi\/#\/schema\/logo\/image\/"}}]}},"_links":{"self":[{"href":"https:\/\/mangobayphuquoc.com\/vi\/wp-json\/wp\/v2\/pages\/357","targetHints":{"allow":["GET"]}}],"collection":[{"href":"https:\/\/mangobayphuquoc.com\/vi\/wp-json\/wp\/v2\/pages"}],"about":[{"href":"https:\/\/mangobayphuquoc.com\/vi\/wp-json\/wp\/v2\/types\/page"}],"author":[{"embeddable":true,"href":"https:\/\/mangobayphuquoc.com\/vi\/wp-json\/wp\/v2\/users\/1"}],"replies":[{"embeddable":true,"href":"https:\/\/mangobayphuquoc.com\/vi\/wp-json\/wp\/v2\/comments?post=357"}],"version-history":[{"count":32,"href":"https:\/\/mangobayphuquoc.com\/vi\/wp-json\/wp\/v2\/pages\/357\/revisions"}],"predecessor-version":[{"id":2321,"href":"https:\/\/mangobayphuquoc.com\/vi\/wp-json\/wp\/v2\/pages\/357\/revisions\/2321"}],"wp:attachment":[{"href":"https:\/\/mangobayphuquoc.com\/vi\/wp-json\/wp\/v2\/media?parent=357"}],"curies":[{"name":"wp","href":"https:\/\/api.w.org\/{rel}","templated":true}]}}