{"id":367,"date":"2020-10-23T08:50:30","date_gmt":"2020-10-23T01:50:30","guid":{"rendered":"http:\/\/mangobay.wamvietnam.com\/?page_id=367"},"modified":"2025-11-22T14:00:39","modified_gmt":"2025-11-22T07:00:39","slug":"offers","status":"publish","type":"page","link":"https:\/\/mangobayphuquoc.com\/vi\/offers\/","title":{"rendered":"\u01afu \u0111\u00e3i \u0111\u1eb7c bi\u1ec7t"},"content":{"rendered":"<div class=\"wpb-content-wrapper\"><div data-vc-full-width=\"true\" data-vc-full-width-init=\"false\" data-vc-stretch-content=\"true\" class=\"vc_row wpb_row vc_row-fluid vc_custom_1604887122142 vc_row-o-full-height vc_row-o-columns-middle vc_row-flex wpex-vc_row-has-fill wpex-vc-row-stretched add-overlay-header-offset\"><div class=\"wpb_column vc_column_container vc_col-sm-3\"><div class=\"vc_column-inner\"><div class=\"wpb_wrapper\"><\/div><\/div><\/div><div class=\"wpb_column vc_column_container vc_col-sm-6\"><div class=\"vc_column-inner\"><div class=\"wpb_wrapper\"><h1 class=\"vcex-module vcex-heading wpex-text-2xl wpex-font-normal wpex-m-auto wpex-max-w-100 vcex-heading-plain wpex-block wpex-text-center  wpb_animate_when_almost_visible wpb_fadeInDown fadeInDown\" style=\"color:#ffffff;font-size:32px;font-weight:400;text-transform:uppercase;\"><span class=\"vcex-heading-inner wpex-inline-block wpex-clr\">\u01afU \u0110\u00c3I \u0110\u1eb6C BI\u1ec6T<\/span><\/h1><div class=\"vcex-spacing wpex-w-100 wpex-clear\" style=\"height:30px\"><\/div><div class=\"vcex-module vcex-heading wpex-text-2xl wpex-font-normal wpex-m-auto wpex-max-w-100 vcex-heading-plain wpex-block wpex-text-center  wpb_animate_when_almost_visible wpb_fadeInDown fadeInDown\" style=\"color:#ffffff;font-size:12px;\"><a href=\"#explore\" class=\"wpex-no-underline local-scroll-link wpex-inherit-color wpex-hover-text-accent\"\"><span class=\"vcex-heading-inner wpex-inline-block wpex-clr\">T\u00ecm hi\u1ec3u th\u00eam<span class=\"vcex-icon-wrap wpex-ml-15\"><span class=\"ticon ticon-angle-double-down\" aria-hidden=\"true\"><\/span><\/span><\/span><\/a><\/div><\/div><\/div><\/div><div class=\"wpb_column vc_column_container vc_col-sm-3\"><div class=\"vc_column-inner\"><div class=\"wpb_wrapper\"><\/div><\/div><\/div><\/div><div class=\"vc_row-full-width vc_clearfix\"><\/div><div class=\"nk-awb  nk-awb-after-vc_row\" ><div class=\"nk-awb-wrap\" data-awb-type=\"image\" data-awb-image-background-size=\"cover\" data-awb-image-background-position=\"50% 50%\" data-awb-parallax=\"scroll\" data-awb-parallax-speed=\"0.6\" data-awb-parallax-mobile=\"false\" data-awb-mouse-parallax-size=\"60\" data-awb-mouse-parallax-speed=\"10000\"><div class=\"nk-awb-overlay\" style=\"background-color: rgba(0,0,0,0.5);\"><\/div><div  class=\"nk-awb-inner\"><img loading=\"lazy\" decoding=\"async\" width=\"1920\" height=\"1080\" src=\"https:\/\/mangobayphuquoc.com\/wp-content\/uploads\/2020\/10\/room3.jpg\" class=\"jarallax-img\" alt=\"\" style=\"object-position: 50% 50%;\" srcset=\"https:\/\/mangobayphuquoc.com\/wp-content\/uploads\/2020\/10\/room3.jpg 1920w, https:\/\/mangobayphuquoc.com\/wp-content\/uploads\/2020\/10\/room3-1024x576.jpg 1024w, https:\/\/mangobayphuquoc.com\/wp-content\/uploads\/2020\/10\/room3-768x432.jpg 768w, https:\/\/mangobayphuquoc.com\/wp-content\/uploads\/2020\/10\/room3-1536x864.jpg 1536w, https:\/\/mangobayphuquoc.com\/wp-content\/uploads\/2020\/10\/room3-500x281.jpg 500w, https:\/\/mangobayphuquoc.com\/wp-content\/uploads\/2020\/10\/room3-800x450.jpg 800w, https:\/\/mangobayphuquoc.com\/wp-content\/uploads\/2020\/10\/room3-1280x720.jpg 1280w\" sizes=\"auto, (max-width: 1920px) 100vw, 1920px\" \/><\/div><\/div><\/div><div data-vc-full-width=\"true\" data-vc-full-width-init=\"false\" data-vc-stretch-content=\"true\" class=\"vc_row wpb_row vc_row-fluid vc_custom_1605417818003 wpex-vc_row-has-fill wpex-vc-row-stretched no-bottom-margins\" data-ls_id=\"#explore\"><div class=\"wpb_column vc_column_container vc_col-sm-3\"><div class=\"vc_column-inner\"><div class=\"wpb_wrapper\"><\/div><\/div><\/div><div class=\"wpb_column vc_column_container vc_col-sm-6\"><div class=\"vc_column-inner\"><div class=\"wpb_wrapper\">\n\t<div class=\"wpb_text_column wpb_content_element wpb_animate_when_almost_visible wpb_fadeInUp fadeInUp\" >\n\t\t<div class=\"wpb_wrapper\">\n\t\t\t<p style=\"text-align: center;\">Ch\u00fang t\u00f4i th\u01b0\u1eddng xuy\u00ean c\u00f3 c\u00e1c g\u00f3i \u01b0u \u0111\u00e3i d\u00e0nh cho b\u1ea1n khi \u0111\u1eb7t tr\u1ef1c ti\u1ebfp t\u1ea1i website c\u1ee7a Mango Bay. Vui l\u00f2ng c\u1eadp nh\u1eadt \u01b0u \u0111\u00e3i theo t\u1eebng th\u1eddi \u0111i\u1ec3m t\u1ea1i \u0111\u00e2y. \u0110\u00e2y ch\u00ednh l\u00e0 m\u00f3n qu\u00e0 m\u00e0 ch\u00fang t\u00f4i mu\u1ed1n thay l\u1eddi c\u1ea3m \u01a1n t\u1edbi b\u1ea1n.<\/p>\n\n\t\t<\/div>\n\t<\/div>\n<\/div><\/div><\/div><div class=\"wpb_column vc_column_container vc_col-sm-3\"><div class=\"vc_column-inner\"><div class=\"wpb_wrapper\"><\/div><\/div><\/div><\/div><div class=\"vc_row-full-width vc_clearfix\"><\/div><div data-vc-full-width=\"true\" data-vc-full-width-init=\"false\" data-vc-stretch-content=\"true\" class=\"vc_row wpb_row vc_row-fluid vc_custom_1605417828780 wpex-vc_row-has-fill wpex-vc-row-stretched no-bottom-margins\"><div class=\"wpb_column vc_column_container vc_col-sm-12\"><div class=\"vc_column-inner\"><div class=\"wpb_wrapper\"><div class=\"vcex-spacing wpex-w-100 wpex-clear\" style=\"height:50px\"><\/div><div class=\"vc_row wpb_row vc_inner vc_row-fluid row shortwidth text-center vc_column-gap-20 vc_row-o-equal-height vc_row-flex no-bottom-margins\"><div class=\"wpb_column vc_column_container vc_col-sm-4 wpex-vc_col-has-fill\"><div class=\"vc_column-inner vc_custom_1604895138279\"><div class=\"wpb_wrapper\">\n\t<div  class=\"wpb_single_image wpb_content_element vc_align_center wpb_content_element\">\n\t\t\n\t\t<figure class=\"wpb_wrapper vc_figure\">\n\t\t\t<div class=\"vc_single_image-wrapper wpex-image-hover opacity   vc_box_border_grey\"><img decoding=\"async\" class=\"vc_single_image-img\" src=\"https:\/\/mangobayphuquoc.com\/wp-content\/uploads\/2024\/03\/3.-DAVID-MEDIA-MangoBay--600x600.jpg\" width=\"600\" height=\"600\" alt=\"Rooms nestled in nature at Mango Bay\" title=\"\u01afu \u0111\u00e3i \u0111\u1eb7t ph\u00f2ng\" loading=\"lazy\" \/><\/div>\n\t\t<\/figure>\n\t<\/div>\n<div class=\"vcex-spacing wpex-w-100 wpex-clear\" style=\"height:50px\"><\/div><div class=\"vcex-module vcex-heading wpex-text-2xl wpex-font-normal wpex-m-auto wpex-max-w-100 vcex-heading-plain wpex-block wpex-text-center  wpb_animate_when_almost_visible wpb_fadeInUp fadeInUp\" style=\"font-size:1.3em;font-weight:600;width:95%;\"><span class=\"vcex-heading-inner wpex-inline-block wpex-clr\">\u01afU \u0110\u00c3I \u0110\u1eb6T PH\u00d2NG TR\u1ef0C TI\u1ebeP<\/span><\/div><div class=\"vcex-spacing wpex-w-100 wpex-clear\" style=\"height:30px\"><\/div>\n\t<div style=\"width:88%;\" class=\"wpb_text_column wpex-max-w-100 wpex-mx-auto wpb_content_element wpb_animate_when_almost_visible wpb_fadeInUp fadeInUp offer-text\" >\n\t\t<div class=\"wpb_wrapper\">\n\t\t\t<p style=\"text-align: center;\"><strong>20% off<\/strong> F&amp;B and Spa services<\/p>\n<p style=\"text-align: center;\">Mi\u1ec5n ph\u00ed xe \u0111\u01b0a \u0111\u00f3n s\u00e2n bay Ph\u00fa Qu\u1ed1c<\/p>\n<p style=\"text-align: center;\">\u0110\u1ed3 u\u1ed1ng ch\u00e0o m\u1eebng<\/p>\n<p style=\"text-align: center;\">Mi\u1ec5n ph\u00ed nhi\u1ec1u ho\u1ea1t \u0111\u1ed9ng gi\u1ea3i tr\u00ed (yoga, kayak, v\u00e0 nhi\u1ec1u h\u01a1n n\u1eefa)<\/p>\n<p style=\"text-align: center;\">*\u00c1p d\u1ee5ng t\u1eeb ng\u00e0y 1 th\u00e1ng 11 \u0111\u1ebfn ng\u00e0y 30 th\u00e1ng 11<\/p>\n\n\t\t<\/div>\n\t<\/div>\n<div class=\"vcex-spacing wpex-w-100 wpex-clear\" style=\"height:30px\"><\/div><div class=\"textcenter theme-button-block-wrap wpex-block wpex-clear theme-button-wrap wpex-clr\"><a href=\"https:\/\/www.1hotelrez.com\/hotelbookings2\/?MPage=1&#038;HotelID=WBE-VN-2018-09-00002&#038;ChainID=WBG-VN-2018-09-00002\" class=\"vcex-button theme-button small align-center block  wpb_animate_when_almost_visible wpb_fadeInUp fadeInUp\" style=\"background:#c2a058;width:230px;\"><span class=\"theme-button-inner\">\u0110\u1eb6T PH\u00d2NG NGAY<\/span><\/a><\/div> <div class=\"vcex-spacing wpex-w-100 wpex-clear\" style=\"height:50px\"><\/div><\/div><\/div><\/div><div class=\"wpb_column vc_column_container vc_col-sm-4 wpex-vc_col-has-fill\"><div class=\"vc_column-inner vc_custom_1701665868380\"><div class=\"wpb_wrapper\">\n\t<div  class=\"wpb_single_image wpb_content_element vc_align_center wpb_content_element\">\n\t\t\n\t\t<figure class=\"wpb_wrapper vc_figure\">\n\t\t\t<div class=\"vc_single_image-wrapper wpex-image-hover opacity   vc_box_border_grey\"><img decoding=\"async\" class=\"vc_single_image-img\" src=\"https:\/\/mangobayphuquoc.com\/wp-content\/uploads\/2025\/11\/DAVID-MEDIA-MANGOBAY-02-HQ-3-scaled-600x600.jpg\" width=\"600\" height=\"600\" alt=\"DAVID MEDIA - MANGOBAY - 02 - HQ-3\" title=\"DAVID MEDIA - MANGOBAY - 02 - HQ-3\" loading=\"lazy\" \/><\/div>\n\t\t<\/figure>\n\t<\/div>\n<div class=\"vcex-spacing wpex-w-100 wpex-clear\" style=\"height:50px\"><\/div><div class=\"vcex-module vcex-heading wpex-text-2xl wpex-font-normal wpex-m-auto wpex-max-w-100 vcex-heading-plain wpex-block wpex-text-center  wpb_animate_when_almost_visible wpb_fadeInUp fadeInUp\" style=\"font-size:1.3em;font-weight:600;width:95%;\"><span class=\"vcex-heading-inner wpex-inline-block wpex-clr\">LAZY LUNCH DAY PASS<br \/>\n\u1ede MANGO BEACH BAR &amp; RESTAURANT<\/span><\/div><div class=\"vcex-spacing wpex-w-100 wpex-clear\" style=\"height:30px\"><\/div>\n\t<div style=\"width:88%;\" class=\"wpb_text_column wpex-max-w-100 wpex-mx-auto wpb_content_element wpb_animate_when_almost_visible wpb_fadeInUp fadeInUp offer-text\" >\n\t\t<div class=\"wpb_wrapper\">\n\t\t\t<p style=\"text-align: center;\"><strong>500,000 VND\/NG\u01af\u1edcI<\/strong><\/p>\n<p style=\"text-align: center;\"><span data-olk-copy-source=\"MessageBody\">T\u1eadn h\u01b0\u1edfng bu\u1ed5i tr\u01b0a th\u01b0 th\u00e1i v\u1edbi Lazy Lunch Day Pass, bao g\u1ed3m phi\u1ebfu \u0103n tr\u01b0a tr\u1ecb gi\u00e1 500.000 VND d\u00f9ng t\u1ea1i Mango Beach Bar &amp; Restaurant, c\u00f9ng quy\u1ec1n s\u1eed d\u1ee5ng mi\u1ec5n ph\u00ed b\u00e3i bi\u1ec3n ri\u00eang, gh\u1ebf t\u1eafm n\u1eafng v\u00e0 c\u00e1c thi\u1ebft b\u1ecb vui ch\u01a1i tr\u00ean bi\u1ec3n.<\/span><\/p>\n<p style=\"text-align: center;\"><span style=\"font-weight: 400;\">Qu\u00fd kh\u00e1ch vui l\u00f2ng mua v\u00e9 tr\u1ef1c ti\u1ebfp t\u1ea1i qu\u1ea7y l\u1ec5 t\u00e2n!<\/span><\/p>\n\n\t\t<\/div>\n\t<\/div>\n<div class=\"vcex-spacing wpex-w-100 wpex-clear\" style=\"height:30px\"><\/div><div class=\"textcenter theme-button-block-wrap wpex-block wpex-clear theme-button-wrap wpex-clr\"><a href=\"https:\/\/mangobayphuquoc.com\/vi\/day-pass-landing-page\/\" class=\"vcex-button theme-button small align-center block  wpb_animate_when_almost_visible wpb_fadeInUp fadeInUp\" style=\"background:#c2a058;width:230px;\"><span class=\"theme-button-inner\">XEM CHI TI\u1ebeT<\/span><\/a><\/div> <div class=\"vcex-spacing wpex-w-100 wpex-clear\" style=\"height:50px\"><\/div><\/div><\/div><\/div><div class=\"wpb_column vc_column_container vc_col-sm-4 wpex-vc_col-has-fill\"><div class=\"vc_column-inner vc_custom_1710314674313\"><div class=\"wpb_wrapper\">\n\t<div  class=\"wpb_single_image wpb_content_element vc_align_center wpb_content_element\">\n\t\t\n\t\t<figure class=\"wpb_wrapper vc_figure\">\n\t\t\t<div class=\"vc_single_image-wrapper wpex-image-hover opacity   vc_box_border_grey\"><img decoding=\"async\" class=\"vc_single_image-img\" src=\"https:\/\/mangobayphuquoc.com\/wp-content\/uploads\/2023\/12\/Ads-05-scaled-600x600.jpg\" width=\"600\" height=\"600\" alt=\"A therapist giving a massage to a guest at Mango Bay Spa\" title=\"Khuy\u1ebfn m\u00e3i Spa\" loading=\"lazy\" \/><\/div>\n\t\t<\/figure>\n\t<\/div>\n<div class=\"vcex-spacing wpex-w-100 wpex-clear\" style=\"height:50px\"><\/div><div class=\"vcex-module vcex-heading wpex-text-2xl wpex-font-normal wpex-m-auto wpex-max-w-100 vcex-heading-plain wpex-block wpex-text-center  wpb_animate_when_almost_visible wpb_fadeInUp fadeInUp\" style=\"font-size:1.3em;font-weight:600;width:95%;\"><span class=\"vcex-heading-inner wpex-inline-block wpex-clr\">\u01afU \u0110\u00c3I MASSAGE GI\u1edc V\u00c0NG<\/span><\/div><div class=\"vcex-spacing wpex-w-100 wpex-clear\" style=\"height:30px\"><\/div>\n\t<div style=\"width:88%;\" class=\"wpb_text_column wpex-max-w-100 wpex-mx-auto wpb_content_element wpb_animate_when_almost_visible wpb_fadeInUp fadeInUp offer-text\" >\n\t\t<div class=\"wpb_wrapper\">\n\t\t\t<p style=\"text-align: center;\"><span style=\"font-weight: 400;\"><strong>Gi\u1ea3m 15%<\/strong><\/span><\/p>\n<p style=\"text-align: center;\"><span style=\"font-weight: 400;\">T\u1ea5t c\u1ea3 d\u1ecbch v\u1ee5 spa<\/span><\/p>\n<p style=\"text-align: center;\"><span style=\"font-weight: 400;\">T\u1eeb 10:00 \u0111\u1ebfn 15:00 h\u1eb1ng ng\u00e0y<\/span><\/p>\n\n\t\t<\/div>\n\t<\/div>\n<div class=\"vcex-spacing wpex-w-100 wpex-clear\" style=\"height:30px\"><\/div><div class=\"textcenter theme-button-block-wrap wpex-block wpex-clear theme-button-wrap wpex-clr\"><a href=\"https:\/\/bit.ly\/mangobayspa?fbclid=IwAR3kCHY78ZORi7O1xyYI4BcOQzpGzVJUzUUIbqmXY45nlRoivpi3wgZi3HQ\" class=\"vcex-button theme-button small align-center block  wpb_animate_when_almost_visible wpb_fadeInUp fadeInUp\" style=\"background:#c2a058;width:230px;\"><span class=\"theme-button-inner\">\u0110\u1eb6T PH\u00d2NG NGAY<\/span><\/a><\/div> <div class=\"vcex-spacing wpex-w-100 wpex-clear\" style=\"height:50px\"><\/div><\/div><\/div><\/div><\/div><div class=\"vc_row wpb_row vc_inner vc_row-fluid row shortwidth text-center vc_column-gap-20 vc_row-o-equal-height vc_row-flex no-bottom-margins\"><div class=\"wpb_column vc_column_container vc_col-sm-4 wpex-vc_col-has-fill\"><div class=\"vc_column-inner vc_custom_1604895138279\"><div class=\"wpb_wrapper\">\n\t<div  class=\"wpb_single_image wpb_content_element vc_align_center wpb_content_element\">\n\t\t\n\t\t<figure class=\"wpb_wrapper vc_figure\">\n\t\t\t<div class=\"vc_single_image-wrapper wpex-image-hover opacity   vc_box_border_grey\"><img decoding=\"async\" class=\"vc_single_image-img\" src=\"https:\/\/mangobayphuquoc.com\/wp-content\/uploads\/2020\/11\/a-49-scaled-600x600.jpg\" width=\"600\" height=\"600\" alt=\"Aerial view of Mango Bay Spa in Phu Quoc\" title=\"Mango Bay Spa\" loading=\"lazy\" \/><\/div>\n\t\t<\/figure>\n\t<\/div>\n<div class=\"vcex-spacing wpex-w-100 wpex-clear\" style=\"height:50px\"><\/div><div class=\"vcex-module vcex-heading wpex-text-2xl wpex-font-normal wpex-m-auto wpex-max-w-100 vcex-heading-plain wpex-block wpex-text-center  wpb_animate_when_almost_visible wpb_fadeInUp fadeInUp\" style=\"font-size:1.3em;font-weight:600;width:95%;\"><span class=\"vcex-heading-inner wpex-inline-block wpex-clr\">G\u00d3I THANH L\u1eccC C\u01a0 TH\u1ec2<\/span><\/div><div class=\"vcex-spacing wpex-w-100 wpex-clear\" style=\"height:30px\"><\/div>\n\t<div style=\"width:88%;\" class=\"wpb_text_column wpex-max-w-100 wpex-mx-auto wpb_content_element wpb_animate_when_almost_visible wpb_fadeInUp fadeInUp offer-text\" >\n\t\t<div class=\"wpb_wrapper\">\n\t\t\t<p style=\"text-align: center;\"><strong>2.400.000 VND \/ 2 kh\u00e1ch <\/strong><\/p>\n<p style=\"text-align: center;\"><em>(Gi\u1ea3m gi\u00e1 15% trong Gi\u1edd V\u00e0ng \u2013 t\u1eeb 10:00 s\u00e1ng \u0111\u1ebfn 3:00 chi\u1ec1u)<\/em><\/p>\n<p style=\"text-align: center;\">\u00a080 ph\u00fat Couple\u2019s Massage d\u00e0nh cho 2 kh\u00e1ch:<\/p>\n<p style=\"text-align: center;\">Ch\u1ea3 gi\u00f2<\/p>\n<p style=\"text-align: center;\">2 ly n\u01b0\u1edbc tr\u00e1i c\u00e2y thanh l\u1ecdc<\/p>\n\n\t\t<\/div>\n\t<\/div>\n<div class=\"vcex-spacing wpex-w-100 wpex-clear\" style=\"height:30px\"><\/div><div class=\"textcenter theme-button-block-wrap wpex-block wpex-clear theme-button-wrap wpex-clr\"><a href=\"https:\/\/bit.ly\/mangobayspa\" class=\"vcex-button theme-button small align-center block  wpb_animate_when_almost_visible wpb_fadeInUp fadeInUp\" style=\"background:#c2a058;width:230px;\"><span class=\"theme-button-inner\">\u0110\u1eb6T PH\u00d2NG NGAY<\/span><\/a><\/div> <div class=\"vcex-spacing wpex-w-100 wpex-clear\" style=\"height:50px\"><\/div><\/div><\/div><\/div><\/div><\/div><\/div><\/div><\/div><div class=\"vc_row-full-width vc_clearfix\"><\/div>\n<\/div>","protected":false},"excerpt":{"rendered":"\u01afU \u0110\u00c3I \u0110\u1eb6C BI\u1ec6T","protected":false},"author":1,"featured_media":0,"parent":0,"menu_order":8,"comment_status":"closed","ping_status":"closed","template":"","meta":{"footnotes":""},"class_list":["post-367","page","type-page","status-publish","hentry","entry","no-media"],"yoast_head":"<!-- This site is optimized with the Yoast SEO plugin v27.2 - https:\/\/yoast.com\/product\/yoast-seo-wordpress\/ -->\n<title>Offers - Mango Bay Resort Phu Quoc<\/title>\n<meta name=\"description\" content=\"Mango Bay Resort is an eco-friendly resort with beachfront bungalows, nestled amidst lush greenery, perfect for a nature retreat on Phu Quoc.\" \/>\n<meta name=\"robots\" content=\"index, follow, max-snippet:-1, max-image-preview:large, max-video-preview:-1\" \/>\n<link rel=\"canonical\" href=\"https:\/\/mangobayphuquoc.com\/vi\/offers\/\" \/>\n<meta property=\"og:locale\" content=\"vi_VN\" \/>\n<meta property=\"og:type\" content=\"article\" \/>\n<meta property=\"og:title\" content=\"Offers - Mango Bay Resort Phu Quoc\" \/>\n<meta property=\"og:description\" content=\"Mango Bay Resort is an eco-friendly resort with beachfront bungalows, nestled amidst lush greenery, perfect for a nature retreat on Phu Quoc.\" \/>\n<meta property=\"og:url\" content=\"https:\/\/mangobayphuquoc.com\/vi\/offers\/\" \/>\n<meta property=\"og:site_name\" content=\"Mango Bay Resort Phu Quoc\" \/>\n<meta property=\"article:modified_time\" content=\"2025-11-22T07:00:39+00:00\" \/>\n<meta property=\"og:image\" content=\"https:\/\/mangobayphuquoc.com\/wp-content\/uploads\/2024\/08\/DAVID-MEDIA-MangoBay-Demo-4-17-1024x682.jpg\" \/>\n\t<meta property=\"og:image:width\" content=\"1024\" \/>\n\t<meta property=\"og:image:height\" content=\"682\" \/>\n\t<meta property=\"og:image:type\" content=\"image\/jpeg\" \/>\n<meta name=\"twitter:card\" content=\"summary_large_image\" \/>\n<meta name=\"twitter:label1\" content=\"\u01af\u1edbc t\u00ednh th\u1eddi gian \u0111\u1ecdc\" \/>\n\t<meta name=\"twitter:data1\" content=\"3 ph\u00fat\" \/>\n<!-- \/ Yoast SEO plugin. -->","yoast_head_json":{"title":"Offers - Mango Bay Resort Phu Quoc","description":"Mango Bay Resort is an eco-friendly resort with beachfront bungalows, nestled amidst lush greenery, perfect for a nature retreat on Phu Quoc.","robots":{"index":"index","follow":"follow","max-snippet":"max-snippet:-1","max-image-preview":"max-image-preview:large","max-video-preview":"max-video-preview:-1"},"canonical":"https:\/\/mangobayphuquoc.com\/vi\/offers\/","og_locale":"vi_VN","og_type":"article","og_title":"Offers - Mango Bay Resort Phu Quoc","og_description":"Mango Bay Resort is an eco-friendly resort with beachfront bungalows, nestled amidst lush greenery, perfect for a nature retreat on Phu Quoc.","og_url":"https:\/\/mangobayphuquoc.com\/vi\/offers\/","og_site_name":"Mango Bay Resort Phu Quoc","article_modified_time":"2025-11-22T07:00:39+00:00","og_image":[{"width":1024,"height":682,"url":"https:\/\/mangobayphuquoc.com\/wp-content\/uploads\/2024\/08\/DAVID-MEDIA-MangoBay-Demo-4-17-1024x682.jpg","type":"image\/jpeg"}],"twitter_card":"summary_large_image","twitter_misc":{"\u01af\u1edbc t\u00ednh th\u1eddi gian \u0111\u1ecdc":"3 ph\u00fat"},"schema":{"@context":"https:\/\/schema.org","@graph":[{"@type":"WebPage","@id":"https:\/\/mangobayphuquoc.com\/offers\/","url":"https:\/\/mangobayphuquoc.com\/offers\/","name":"Offers - Mango Bay Resort Phu Quoc","isPartOf":{"@id":"https:\/\/mangobayphuquoc.com\/vi\/#website"},"datePublished":"2020-10-23T01:50:30+00:00","dateModified":"2025-11-22T07:00:39+00:00","description":"Mango Bay Resort is an eco-friendly resort with beachfront bungalows, nestled amidst lush greenery, perfect for a nature retreat on Phu Quoc.","breadcrumb":{"@id":"https:\/\/mangobayphuquoc.com\/offers\/#breadcrumb"},"inLanguage":"vi","potentialAction":[{"@type":"ReadAction","target":["https:\/\/mangobayphuquoc.com\/offers\/"]}]},{"@type":"BreadcrumbList","@id":"https:\/\/mangobayphuquoc.com\/offers\/#breadcrumb","itemListElement":[{"@type":"ListItem","position":1,"name":"Home","item":"https:\/\/mangobayphuquoc.com\/"},{"@type":"ListItem","position":2,"name":"Offers"}]},{"@type":"WebSite","@id":"https:\/\/mangobayphuquoc.com\/vi\/#website","url":"https:\/\/mangobayphuquoc.com\/vi\/","name":"Mango Bay Resort Phu Quoc","description":"#1 well-known Resort on Phu Quoc Island","publisher":{"@id":"https:\/\/mangobayphuquoc.com\/vi\/#organization"},"potentialAction":[{"@type":"SearchAction","target":{"@type":"EntryPoint","urlTemplate":"https:\/\/mangobayphuquoc.com\/vi\/?s={search_term_string}"},"query-input":{"@type":"PropertyValueSpecification","valueRequired":true,"valueName":"search_term_string"}}],"inLanguage":"vi"},{"@type":"Organization","@id":"https:\/\/mangobayphuquoc.com\/vi\/#organization","name":"Mango Bay Resort Phu Quoc","url":"https:\/\/mangobayphuquoc.com\/vi\/","logo":{"@type":"ImageObject","inLanguage":"vi","@id":"https:\/\/mangobayphuquoc.com\/vi\/#\/schema\/logo\/image\/","url":"https:\/\/mangobayphuquoc.com\/wp-content\/uploads\/2020\/10\/logo-white.png","contentUrl":"https:\/\/mangobayphuquoc.com\/wp-content\/uploads\/2020\/10\/logo-white.png","width":160,"height":52,"caption":"Mango Bay Resort Phu Quoc"},"image":{"@id":"https:\/\/mangobayphuquoc.com\/vi\/#\/schema\/logo\/image\/"}}]}},"_links":{"self":[{"href":"https:\/\/mangobayphuquoc.com\/vi\/wp-json\/wp\/v2\/pages\/367","targetHints":{"allow":["GET"]}}],"collection":[{"href":"https:\/\/mangobayphuquoc.com\/vi\/wp-json\/wp\/v2\/pages"}],"about":[{"href":"https:\/\/mangobayphuquoc.com\/vi\/wp-json\/wp\/v2\/types\/page"}],"author":[{"embeddable":true,"href":"https:\/\/mangobayphuquoc.com\/vi\/wp-json\/wp\/v2\/users\/1"}],"replies":[{"embeddable":true,"href":"https:\/\/mangobayphuquoc.com\/vi\/wp-json\/wp\/v2\/comments?post=367"}],"version-history":[{"count":107,"href":"https:\/\/mangobayphuquoc.com\/vi\/wp-json\/wp\/v2\/pages\/367\/revisions"}],"predecessor-version":[{"id":2937,"href":"https:\/\/mangobayphuquoc.com\/vi\/wp-json\/wp\/v2\/pages\/367\/revisions\/2937"}],"wp:attachment":[{"href":"https:\/\/mangobayphuquoc.com\/vi\/wp-json\/wp\/v2\/media?parent=367"}],"curies":[{"name":"wp","href":"https:\/\/api.w.org\/{rel}","templated":true}]}}