{"id":810,"date":"2020-10-30T23:39:16","date_gmt":"2020-10-30T23:39:16","guid":{"rendered":"http:\/\/mangobay.wamvietnam.com\/?page_id=810"},"modified":"2025-10-22T15:30:29","modified_gmt":"2025-10-22T08:30:29","slug":"deluxe-seaview-reef-house","status":"publish","type":"page","link":"https:\/\/mangobayphuquoc.com\/vi\/accommodation\/deluxe-seaview-reef-house\/","title":{"rendered":"Nh\u00e0 R\u1ea1n San H\u00f4 Deluxe Seaview"},"content":{"rendered":"<div class=\"wpb-content-wrapper\"><div class=\"vc_row wpb_row vc_row-fluid vc_custom_1604099005061\"><div class=\"wpb_column vc_column_container vc_col-sm-12\"><div class=\"vc_column-inner\"><div class=\"wpb_wrapper\"><div class=\"wpex-slider-preloaderimg\"><img loading=\"lazy\" decoding=\"async\" data-no-lazy=\"1\" class=\"skip-lazy\" src=\"https:\/\/mangobayphuquoc.com\/wp-content\/uploads\/2025\/10\/Copy-of-DSC02732-1-copy-scaled-1280x680.jpg\" alt=\"\" width=\"1280\" height=\"680\" \/><\/div><div class=\"vcex-module wpex-slider slider-pro vcex-image-slider wpex-clr\"  data-loop=\"true\"  data-counter=\"true\" data-auto-play-delay=\"3000\" data-fade-arrows=\"false\" data-animation-speed=\"600\" data-height-animation-duration=\"500\" data-thumbnail-height=\"70\" data-thumbnail-width=\"70\"><div class=\"wpex-slider-slides sp-slides\"><div class=\"wpex-slider-slide sp-slide\"><div class=\"wpex-slider-media\"><img loading=\"lazy\" decoding=\"async\" data-no-lazy=\"1\" class=\"skip-lazy\" src=\"https:\/\/mangobayphuquoc.com\/wp-content\/uploads\/2025\/10\/Copy-of-DSC02732-1-copy-scaled-1280x680.jpg\" alt=\"\" width=\"1280\" height=\"680\" \/><\/div><\/div><div class=\"wpex-slider-slide sp-slide\"><div class=\"wpex-slider-media\"><img loading=\"lazy\" decoding=\"async\" data-no-lazy=\"1\" class=\"skip-lazy\" src=\"https:\/\/mangobayphuquoc.com\/wp-content\/uploads\/2025\/10\/Copy-of-DSC02736-1-copy-scaled-1280x680.jpg\" alt=\"\" width=\"1280\" height=\"680\" \/><\/div><\/div><div class=\"wpex-slider-slide sp-slide\"><div class=\"wpex-slider-media\"><img loading=\"lazy\" decoding=\"async\" data-no-lazy=\"1\" class=\"skip-lazy\" src=\"https:\/\/mangobayphuquoc.com\/wp-content\/uploads\/2025\/10\/Copy-of-DSC02701-1-copy-scaled-1280x680.jpg\" alt=\"\" width=\"1280\" height=\"680\" \/><\/div><\/div><div class=\"wpex-slider-slide sp-slide\"><div class=\"wpex-slider-media\"><img loading=\"lazy\" decoding=\"async\" data-no-lazy=\"1\" class=\"skip-lazy\" src=\"https:\/\/mangobayphuquoc.com\/wp-content\/uploads\/2025\/10\/Copy-of-DSC02752-1-copy-scaled-1280x680.jpg\" alt=\"\" width=\"1280\" height=\"680\" \/><\/div><\/div><div class=\"wpex-slider-slide sp-slide\"><div class=\"wpex-slider-media\"><img loading=\"lazy\" decoding=\"async\" data-no-lazy=\"1\" class=\"skip-lazy\" src=\"https:\/\/mangobayphuquoc.com\/wp-content\/uploads\/2025\/10\/Copy-of-DSC02707-1-copy-scaled-1280x680.jpg\" alt=\"\" width=\"1280\" height=\"680\" \/><\/div><\/div><div class=\"wpex-slider-slide sp-slide\"><div class=\"wpex-slider-media\"><img loading=\"lazy\" decoding=\"async\" data-no-lazy=\"1\" class=\"skip-lazy\" src=\"https:\/\/mangobayphuquoc.com\/wp-content\/uploads\/2025\/10\/Copy-of-DSC02718-1-copy-scaled-1280x680.jpg\" alt=\"\" width=\"1280\" height=\"680\" \/><\/div><\/div><div class=\"wpex-slider-slide sp-slide\"><div class=\"wpex-slider-media\"><img loading=\"lazy\" decoding=\"async\" data-no-lazy=\"1\" class=\"skip-lazy\" src=\"https:\/\/mangobayphuquoc.com\/wp-content\/uploads\/2025\/10\/Copy-of-DSC02719-1-copy-scaled-1280x680.jpg\" alt=\"\" width=\"1280\" height=\"680\" \/><\/div><\/div><div class=\"wpex-slider-slide sp-slide\"><div class=\"wpex-slider-media\"><img loading=\"lazy\" decoding=\"async\" data-no-lazy=\"1\" class=\"skip-lazy\" src=\"https:\/\/mangobayphuquoc.com\/wp-content\/uploads\/2025\/10\/Copy-of-DSC02770-1-copy-scaled-1280x680.jpg\" alt=\"\" width=\"1280\" height=\"680\" \/><\/div><\/div><div class=\"wpex-slider-slide sp-slide\"><div class=\"wpex-slider-media\"><img loading=\"lazy\" decoding=\"async\" data-no-lazy=\"1\" class=\"skip-lazy\" src=\"https:\/\/mangobayphuquoc.com\/wp-content\/uploads\/2025\/10\/Copy-of-DSC02806-1-copy-scaled-1280x680.jpg\" alt=\"\" width=\"1280\" height=\"680\" \/><\/div><\/div><div class=\"wpex-slider-slide sp-slide\"><div class=\"wpex-slider-media\"><img loading=\"lazy\" decoding=\"async\" data-no-lazy=\"1\" class=\"skip-lazy\" src=\"https:\/\/mangobayphuquoc.com\/wp-content\/uploads\/2025\/10\/Copy-of-DJI_0880-1-copy-scaled-1280x680.jpg\" alt=\"\" width=\"1280\" height=\"680\" \/><\/div><\/div><\/div><\/div><div class=\"vcex-spacing wpex-w-100 wpex-clear\" style=\"height:30px\"><\/div><div class=\"vcex-module vcex-heading wpex-text-2xl wpex-font-normal wpex-m-auto wpex-max-w-100 vcex-heading-plain wpex-block\" style=\"font-size:32px;font-weight:600;\"><span class=\"vcex-heading-inner wpex-inline-block wpex-clr\">Nh\u00e0 R\u1ea1n San H\u00f4 Deluxe Seaview<\/span><\/div><div class=\"vcex-spacing wpex-w-100 wpex-clear\" style=\"height:30px\"><\/div><div class=\"vc_row wpb_row vc_inner vc_row-fluid vc_row-o-equal-height vc_row-flex\"><div class=\"wpb_column vc_column_container vc_col-sm-4 wpex-vc_col-has-fill\"><div class=\"vc_column-inner vc_custom_1604097360100\"><div class=\"wpb_wrapper\"><div class=\"vcex-module vcex-heading wpex-text-2xl wpex-font-normal wpex-m-auto wpex-max-w-100 vcex-heading-plain wpex-block\"><span class=\"vcex-heading-inner wpex-inline-block wpex-clr\">Gi\u01b0\u1eddng \u0111\u00f4i<\/span><\/div><div class=\"vcex-spacing wpex-w-100 wpex-clear\" style=\"height:15px\"><\/div>\n\t<div class=\"wpb_text_column wpb_content_element\" >\n\t\t<div class=\"wpb_wrapper\">\n\t\t\t<p>H\u01b0\u1edbng<br \/>\n<strong>Bi\u1ec3n<\/strong><\/p>\n<p>Gi\u01b0\u1eddng<br \/>\n<strong>Gi\u01b0\u1eddng Queen 4 c\u1ecdc<\/strong><\/p>\n<p>S\u1ee9c ch\u1ee9a t\u1ed1i \u0111a<br \/>\n<strong>C\u00f3 th\u1ec3 ch\u1ee9a t\u1ed1i \u0111a 4 ng\u01b0\u1eddi l\u1edbn (t\u1ed1i \u0111a 2 gi\u01b0\u1eddng ph\u1ee5)<\/strong><\/p>\n<p>K\u00edch c\u1ee1<br \/>\n<strong>120 m\u00e9t vu\u00f4ng<\/strong><\/p>\n\n\t\t<\/div>\n\t<\/div>\n<div class=\"vcex-spacing wpex-w-100 wpex-clear\" style=\"height:15px\"><\/div><div class=\"theme-button-expanded-wrap theme-button-wrap wpex-clr\"><a href=\"https:\/\/www.1hotelrez.com\/hotelbookings2\/?MPage=1&#038;HotelID=WBE-VN-2018-09-00002&#038;ChainID=WBG-VN-2018-09-00002\" class=\"vcex-button theme-button expanded expanded\" target=\"_blank\" rel=\"noopener noreferrer\"><span class=\"theme-button-inner\">\u0110\u1eb6T PH\u00d2NG NGAY<\/span><\/a><\/div> <\/div><\/div><\/div><div class=\"wpb_column vc_column_container vc_col-sm-8\"><div class=\"vc_column-inner\"><div class=\"wpb_wrapper\">\n\t<div class=\"wpb_text_column wpb_content_element\" >\n\t\t<div class=\"wpb_wrapper\">\n\t\t\t<p>Reef House l\u00e0 l\u1ef1a ch\u1ecdn ho\u00e0n h\u1ea3o cho nh\u00f3m gia \u0111\u00ecnh hay b\u1ea1n b\u00e8 t\u1ee5 h\u1ecdp \u0111\u1ec3 d\u00e0nh th\u1eddi gian b\u00ean nhau. V\u1edbi kh\u00f4ng gian sinh ho\u1ea1t v\u00e0 ph\u00f2ng \u0103n b\u1ed1 tr\u00ed theo l\u1ed1i kho\u00e1ng \u0111\u1ea1t, \u0111\u00e2y l\u00e0 ng\u00f4i nh\u00e0 ven bi\u1ec3n cho k\u1ef3 ngh\u1ec9 \u0111\u1eb7c bi\u1ec7t c\u1ee7a ri\u00eang b\u1ea1n v\u00e0 nh\u1eefng ng\u01b0\u1eddi th\u00e2n y\u00eau.<\/p>\n\n\t\t<\/div>\n\t<\/div>\n<div class=\"vcex-spacing wpex-w-100 wpex-clear\" style=\"height:15px\"><\/div><div class=\"vcex-module vcex-heading wpex-text-2xl wpex-font-normal wpex-m-auto wpex-max-w-100 vcex-heading-plain wpex-block\"><span class=\"vcex-heading-inner wpex-inline-block wpex-clr\">M\u00f4 t\u1ea3<\/span><\/div><div class=\"vcex-spacing wpex-w-100 wpex-clear\" style=\"height:15px\"><\/div>\n\t<div class=\"wpb_text_column wpb_content_element\" >\n\t\t<div class=\"wpb_wrapper\">\n\t\t\t<div class=\"vc_row wpb_row vc_row-fluid\">\n<div class=\"wpb_column vc_column_container vc_col-sm-4\">\n<div class=\"vc_column-inner\">\n<div class=\"wpb_wrapper\">\n<div class=\"vcex-module vcex-bullets vcex-bullets-gray\">\n<ul>\n<li>\u0110i\u1ec1u h\u00f2a AC Evening Breeze\u00ae<\/li>\n<li>Ga gi\u01b0\u1eddng 100% cotton<\/li>\n<li>Hi\u00ean chung v\u1edbi gh\u1ebf th\u01b0 gi\u00e3n v\u00e0 b\u00e0n<\/li>\n<li>K\u00e9t an to\u00e0n trong ph\u00f2ng<\/li>\n<li>Ph\u00f2ng t\u1eafm k\u00edn \u0111\u00e1o<\/li>\n<li>Qu\u1ea7y bar mini<\/li>\n<\/ul>\n<\/div>\n<\/div>\n<\/div>\n<\/div>\n<div class=\"wpb_column vc_column_container vc_col-sm-4\">\n<div class=\"vc_column-inner\">\n<div class=\"wpb_wrapper\">\n<div class=\"vcex-module vcex-bullets vcex-bullets-gray\">\n<ul>\n<li>S\u1eefa t\u1eafm, d\u1ea7u g\u1ed9i, kem d\u01b0\u1ee1ng th\u1ec3 thi\u00ean nhi\u00ean 100% t\u1eeb Azial<\/li>\n<li>Kh\u0103n t\u1eafm &amp; Kh\u0103n \u0111i bi\u1ec3n<\/li>\n<li>B\u00ecnh n\u01b0\u1edbc v\u00e0 ph\u00edch gi\u1eef nhi\u1ec7t<\/li>\n<li>Tr\u00e0 &amp; cafe<\/li>\n<li>T\u00fai \u0111i bi\u1ec3n<\/li>\n<\/ul>\n<\/div>\n<\/div>\n<\/div>\n<\/div>\n<div class=\"wpb_column vc_column_container vc_col-sm-4\">\n<div class=\"vc_column-inner\">\n<div class=\"wpb_wrapper\">\n<div class=\"vcex-module vcex-bullets vcex-bullets-gray\">\n<ul>\n<li>D\u00e9p x\u1ecf ng\u00f3n<\/li>\n<li>M\u00e0n ch\u1ed1ng mu\u1ed7i<\/li>\n<li>B\u1ea3n \u0111\u1ed3 \u0111\u1ea3o<\/li>\n<li>\u00d4 (d\u00f9)<\/li>\n<li>Nhang &amp; x\u1ecbt ch\u1ed1ng mu\u1ed7i<\/li>\n<li>Qu\u1ea1t<\/li>\n<\/ul>\n<\/div>\n<\/div>\n<\/div>\n<\/div>\n<\/div>\n\n\t\t<\/div>\n\t<\/div>\n<\/div><\/div><\/div><\/div><\/div><\/div><\/div><\/div>\n<\/div>","protected":false},"excerpt":{"rendered":"Ph\u00f2ng Deluxe Seaview Reef House Gi\u01b0\u1eddng \u0111\u00f4i nh\u00ecn ra \u0111\u1ea1i d\u01b0\u01a1ng Gi\u01b0\u1eddng b\u1ed1n c\u1ecdc c\u1ee1 Queen S\u1ee9c ch\u1ee9a t\u1ed1i \u0111a 4 ng\u01b0\u1eddi l\u1edbn (t\u1ed1i \u0111a 2 gi\u01b0\u1eddng ph\u1ee5) Di\u1ec7n t\u00edch 120 m2 \u0110\u1eb6T NGAY Reef House ch\u00ednh l\u00e0 n\u01a1i l\u00fd t\u01b0\u1edfng cho m\u1ed9t gia \u0111\u00ecnh\u2026","protected":false},"author":1,"featured_media":0,"parent":298,"menu_order":9,"comment_status":"closed","ping_status":"closed","template":"","meta":{"footnotes":""},"class_list":["post-810","page","type-page","status-publish","hentry","entry","no-media"],"yoast_head":"<!-- This site is optimized with the Yoast SEO plugin v27.2 - https:\/\/yoast.com\/product\/yoast-seo-wordpress\/ -->\n<title>Deluxe Seaview Reef House - Mango Bay Resort Phu Quoc<\/title>\n<meta name=\"description\" content=\"Mango Bay Resort is an eco-friendly resort with beachfront bungalows, nestled amidst lush greenery, perfect for a nature retreat on Phu Quoc.\" \/>\n<meta name=\"robots\" content=\"index, follow, max-snippet:-1, max-image-preview:large, max-video-preview:-1\" \/>\n<link rel=\"canonical\" href=\"https:\/\/mangobayphuquoc.com\/vi\/accommodation\/deluxe-seaview-reef-house\/\" \/>\n<meta property=\"og:locale\" content=\"vi_VN\" \/>\n<meta property=\"og:type\" content=\"article\" \/>\n<meta property=\"og:title\" content=\"Deluxe Seaview Reef House - Mango Bay Resort Phu Quoc\" \/>\n<meta property=\"og:description\" content=\"Mango Bay Resort is an eco-friendly resort with beachfront bungalows, nestled amidst lush greenery, perfect for a nature retreat on Phu Quoc.\" \/>\n<meta property=\"og:url\" content=\"https:\/\/mangobayphuquoc.com\/vi\/accommodation\/deluxe-seaview-reef-house\/\" \/>\n<meta property=\"og:site_name\" content=\"Mango Bay Resort Phu Quoc\" \/>\n<meta property=\"article:modified_time\" content=\"2025-10-22T08:30:29+00:00\" \/>\n<meta property=\"og:image\" content=\"https:\/\/mangobayphuquoc.com\/wp-content\/uploads\/2024\/08\/DAVID-MEDIA-MangoBay-Demo-4-17-1024x682.jpg\" \/>\n\t<meta property=\"og:image:width\" content=\"1024\" \/>\n\t<meta property=\"og:image:height\" content=\"682\" \/>\n\t<meta property=\"og:image:type\" content=\"image\/jpeg\" \/>\n<meta name=\"twitter:card\" content=\"summary_large_image\" \/>\n<meta name=\"twitter:label1\" content=\"\u01af\u1edbc t\u00ednh th\u1eddi gian \u0111\u1ecdc\" \/>\n\t<meta name=\"twitter:data1\" content=\"1 ph\u00fat\" \/>\n<!-- \/ Yoast SEO plugin. -->","yoast_head_json":{"title":"Deluxe Seaview Reef House - Mango Bay Resort Phu Quoc","description":"Mango Bay Resort is an eco-friendly resort with beachfront bungalows, nestled amidst lush greenery, perfect for a nature retreat on Phu Quoc.","robots":{"index":"index","follow":"follow","max-snippet":"max-snippet:-1","max-image-preview":"max-image-preview:large","max-video-preview":"max-video-preview:-1"},"canonical":"https:\/\/mangobayphuquoc.com\/vi\/accommodation\/deluxe-seaview-reef-house\/","og_locale":"vi_VN","og_type":"article","og_title":"Deluxe Seaview Reef House - Mango Bay Resort Phu Quoc","og_description":"Mango Bay Resort is an eco-friendly resort with beachfront bungalows, nestled amidst lush greenery, perfect for a nature retreat on Phu Quoc.","og_url":"https:\/\/mangobayphuquoc.com\/vi\/accommodation\/deluxe-seaview-reef-house\/","og_site_name":"Mango Bay Resort Phu Quoc","article_modified_time":"2025-10-22T08:30:29+00:00","og_image":[{"width":1024,"height":682,"url":"https:\/\/mangobayphuquoc.com\/wp-content\/uploads\/2024\/08\/DAVID-MEDIA-MangoBay-Demo-4-17-1024x682.jpg","type":"image\/jpeg"}],"twitter_card":"summary_large_image","twitter_misc":{"\u01af\u1edbc t\u00ednh th\u1eddi gian \u0111\u1ecdc":"1 ph\u00fat"},"schema":{"@context":"https:\/\/schema.org","@graph":[{"@type":"WebPage","@id":"https:\/\/mangobayphuquoc.com\/accommodation\/deluxe-seaview-reef-house\/","url":"https:\/\/mangobayphuquoc.com\/accommodation\/deluxe-seaview-reef-house\/","name":"Deluxe Seaview Reef House - Mango Bay Resort Phu Quoc","isPartOf":{"@id":"https:\/\/mangobayphuquoc.com\/vi\/#website"},"datePublished":"2020-10-30T23:39:16+00:00","dateModified":"2025-10-22T08:30:29+00:00","description":"Mango Bay Resort is an eco-friendly resort with beachfront bungalows, nestled amidst lush greenery, perfect for a nature retreat on Phu Quoc.","breadcrumb":{"@id":"https:\/\/mangobayphuquoc.com\/accommodation\/deluxe-seaview-reef-house\/#breadcrumb"},"inLanguage":"vi","potentialAction":[{"@type":"ReadAction","target":["https:\/\/mangobayphuquoc.com\/accommodation\/deluxe-seaview-reef-house\/"]}]},{"@type":"BreadcrumbList","@id":"https:\/\/mangobayphuquoc.com\/accommodation\/deluxe-seaview-reef-house\/#breadcrumb","itemListElement":[{"@type":"ListItem","position":1,"name":"Home","item":"https:\/\/mangobayphuquoc.com\/"},{"@type":"ListItem","position":2,"name":"Accommodation","item":"https:\/\/mangobayphuquoc.com\/accommodation\/"},{"@type":"ListItem","position":3,"name":"Deluxe Seaview Reef House"}]},{"@type":"WebSite","@id":"https:\/\/mangobayphuquoc.com\/vi\/#website","url":"https:\/\/mangobayphuquoc.com\/vi\/","name":"Mango Bay Resort Phu Quoc","description":"#1 well-known Resort on Phu Quoc Island","publisher":{"@id":"https:\/\/mangobayphuquoc.com\/vi\/#organization"},"potentialAction":[{"@type":"SearchAction","target":{"@type":"EntryPoint","urlTemplate":"https:\/\/mangobayphuquoc.com\/vi\/?s={search_term_string}"},"query-input":{"@type":"PropertyValueSpecification","valueRequired":true,"valueName":"search_term_string"}}],"inLanguage":"vi"},{"@type":"Organization","@id":"https:\/\/mangobayphuquoc.com\/vi\/#organization","name":"Mango Bay Resort Phu Quoc","url":"https:\/\/mangobayphuquoc.com\/vi\/","logo":{"@type":"ImageObject","inLanguage":"vi","@id":"https:\/\/mangobayphuquoc.com\/vi\/#\/schema\/logo\/image\/","url":"https:\/\/mangobayphuquoc.com\/wp-content\/uploads\/2020\/10\/logo-white.png","contentUrl":"https:\/\/mangobayphuquoc.com\/wp-content\/uploads\/2020\/10\/logo-white.png","width":160,"height":52,"caption":"Mango Bay Resort Phu Quoc"},"image":{"@id":"https:\/\/mangobayphuquoc.com\/vi\/#\/schema\/logo\/image\/"}}]}},"_links":{"self":[{"href":"https:\/\/mangobayphuquoc.com\/vi\/wp-json\/wp\/v2\/pages\/810","targetHints":{"allow":["GET"]}}],"collection":[{"href":"https:\/\/mangobayphuquoc.com\/vi\/wp-json\/wp\/v2\/pages"}],"about":[{"href":"https:\/\/mangobayphuquoc.com\/vi\/wp-json\/wp\/v2\/types\/page"}],"author":[{"embeddable":true,"href":"https:\/\/mangobayphuquoc.com\/vi\/wp-json\/wp\/v2\/users\/1"}],"replies":[{"embeddable":true,"href":"https:\/\/mangobayphuquoc.com\/vi\/wp-json\/wp\/v2\/comments?post=810"}],"version-history":[{"count":11,"href":"https:\/\/mangobayphuquoc.com\/vi\/wp-json\/wp\/v2\/pages\/810\/revisions"}],"predecessor-version":[{"id":2876,"href":"https:\/\/mangobayphuquoc.com\/vi\/wp-json\/wp\/v2\/pages\/810\/revisions\/2876"}],"up":[{"embeddable":true,"href":"https:\/\/mangobayphuquoc.com\/vi\/wp-json\/wp\/v2\/pages\/298"}],"wp:attachment":[{"href":"https:\/\/mangobayphuquoc.com\/vi\/wp-json\/wp\/v2\/media?parent=810"}],"curies":[{"name":"wp","href":"https:\/\/api.w.org\/{rel}","templated":true}]}}