{"id":818,"date":"2020-10-30T23:54:50","date_gmt":"2020-10-30T23:54:50","guid":{"rendered":"http:\/\/mangobay.wamvietnam.com\/?page_id=818"},"modified":"2020-10-30T23:56:54","modified_gmt":"2020-10-30T23:56:54","slug":"spa-menu","status":"publish","type":"page","link":"https:\/\/mangobayphuquoc.com\/vi\/spa\/spa-menu\/","title":{"rendered":"Th\u1ef1c \u0111\u01a1n Spa"},"content":{"rendered":"<div class=\"wpb-content-wrapper\"><div class=\"vc_row wpb_row vc_row-fluid vc_custom_1604099005061\"><div class=\"wpb_column vc_column_container vc_col-sm-12\"><div class=\"vc_column-inner\"><div class=\"wpb_wrapper\"><div class=\"vcex-module vcex-heading wpex-text-2xl wpex-font-normal wpex-m-auto wpex-max-w-100 vcex-heading-plain wpex-block wpex-text-center\" style=\"font-size:32px;font-weight:600;\"><span class=\"vcex-heading-inner wpex-inline-block wpex-clr\">TH\u1ef0C \u0110\u01a0N SPA<\/span><\/div><div class=\"vcex-spacing wpex-w-100 wpex-clear\" style=\"height:30px\"><\/div><div class=\"vc_row wpb_row vc_inner vc_row-fluid vc_row-o-equal-height vc_row-flex\"><div class=\"wpb_column vc_column_container vc_col-sm-12 wpex-vc_col-has-fill\"><div class=\"vc_column-inner vc_custom_1604102210567\"><div class=\"wpb_wrapper\">\n\t<div class=\"wpb_text_column wpb_content_element\" >\n\t\t<div class=\"wpb_wrapper\">\n\t\t\t<p style=\"text-align: center;\"><span style=\"color: #800000;\"><strong>G\u00d3I SPA<\/strong><\/span><br \/>\n<strong>Tr\u1ebb h\u00f3a to\u00e0n di\u1ec7n<\/strong><br \/>\n<strong>2h \/ 1.430.000 VND<\/strong><br \/>\nCh\u0103m s\u00f3c t\u1eeb \u0111\u1ea7u \u0111\u1ebfn ch\u00e2n bao g\u1ed3m m\u00e1t-xa \u0111\u1ea7u, sau \u0111\u00f3 l\u00e0<br \/>\nm\u1ed9t bu\u1ed5i m\u00e1t-xa b\u1eb1ng li\u1ec7u ph\u00e1p h\u01b0\u01a1ng th\u01a1m v\u00e0 k\u1ebft th\u00fac b\u1eb1ng li\u1ec7u ph\u00e1p b\u1ea5m huy\u1ec7t b\u00e0n ch\u00e2n.<br \/>\n<strong>S\u1ef1 th\u01b0 gi\u00e3n ho\u00e0n h\u1ea3o<\/strong><br \/>\n<strong>2h 30m \/ 2.025.000 VND<\/strong><br \/>\nT\u1ea9y t\u1ebf b\u00e0o ch\u1ebft to\u00e0n th\u00e2n sau \u0111\u00f3 massage l\u01b0ng v\u00e0 c\u1ed5 v\u00e0 k\u1ebft th\u00fac<br \/>\nb\u1eb1ng ph\u01b0\u01a1ng ph\u00e1p ch\u0103m s\u00f3c da m\u1eb7t theo l\u1ef1a ch\u1ecdn c\u1ee7a b\u1ea1n.<br \/>\n<strong>G\u00f3i k\u1ebft h\u1ee3p Ch\u00e2u \u00c1<\/strong><br \/>\n<strong>2h 10m \/ 1.430.000 VND<\/strong><br \/>\nS\u1ef1 k\u1ebft h\u1ee3p c\u1ee7a 70 ph\u00fat yoga nh\u01b0 massage Th\u00e1i k\u00e9o gi\u00e3n,<br \/>\n20 ph\u00fat m\u00e1t-xa tay v\u00e0 40 ph\u00fat b\u1ea5m huy\u1ec7t ch\u00e2n.<br \/>\n<strong>G\u00f3i Solo Treat<\/strong><br \/>\n<strong>2h 20m \/ 1.770.000 VND<\/strong><br \/>\nM\u1ed9t bu\u1ed5i m\u00e1t-xa to\u00e0n th\u00e2n th\u01b0 gi\u00e3n \u0111\u1eb7c tr\u01b0ng k\u00e9o d\u00e0i 80 ph\u00fat \u0111\u00e3 k\u1ebft th\u00fac<br \/>\nb\u1eb1ng c\u00e1ch ch\u0103m s\u00f3c da m\u1eb7t theo l\u1ef1a ch\u1ecdn c\u1ee7a b\u1ea1n v\u00e0 m\u00e1t-xa da \u0111\u1ea7u.<\/p>\n<p style=\"text-align: center;\"><span style=\"color: #800000;\"><strong>CH\u0102M S\u00d3C M\u00d3NG TAY<\/strong><\/span><br \/>\n<strong>L\u00e0m m\u00f3ng tay c\u1ed5 \u0111i\u1ec3n<\/strong><br \/>\n<strong>30 ph\u00fat \/ 345.000 VND<\/strong><br \/>\nBao g\u1ed3m vi\u1ec7c t\u1ea1o h\u00ecnh m\u00f3ng, c\u1eaft l\u1edbp bi\u1ec3u b\u00ec v\u00e0 s\u01a1n m\u00f3ng tay theo \u00fd mu\u1ed1n c\u1ee7a b\u1ea1n.<br \/>\n<strong>Ch\u0103m s\u00f3c ch\u00e2n b\u1eb1ng Spa<\/strong><br \/>\n<strong>50 ph\u00fat \/ 620.000 VND<\/strong><br \/>\nM\u00f3ng ch\u00e2n c\u1ee7a b\u1ea1n s\u1ebd \u0111\u01b0\u1ee3c \u0111\u1ecbnh h\u00ecnh, l\u00e0m s\u1ea1ch l\u1edbp bi\u1ec3u b\u00ec v\u00e0 lo\u1ea1i b\u1ecf v\u1ebft chai. Sau \u0111\u00f3, b\u00e0n ch\u00e2n v\u00e0 n\u1eeda ch\u00e2n c\u1ee7a b\u1ea1n s\u1ebd \u0111\u01b0\u1ee3c t\u1ea9y t\u1ebf b\u00e0o ch\u1ebft nh\u1eb9 b\u1eb1ng mu\u1ed1i bi\u1ec3n, sau \u0111\u00f3 thoa kem l\u00e0m m\u1ec1m da v\u00e0 s\u01a1n m\u00f3ng tay theo l\u1ef1a ch\u1ecdn c\u1ee7a b\u1ea1n.<\/p>\n<p style=\"text-align: center;\"><span style=\"color: #800000;\"><strong>CH\u0102M S\u00d3C DA M\u1eb6T<\/strong><\/span><br \/>\n(R\u1eeda m\u1eb7t, t\u1ea9y t\u1ebf b\u00e0o ch\u1ebft. Massage m\u1eb7t, ng\u1ef1c v\u00e0 vai, \u0110\u1eafp m\u1eb7t n\u1ea1 v\u00e0 k\u1ebft th\u00fac b\u1eb1ng vi\u1ec7c thoa kem d\u01b0\u1ee1ng da m\u1eb7t)<br \/>\n<strong>th\u1ea3i \u0111\u1ed9c da m\u1eb7t<\/strong><br \/>\n<strong>50 ph\u00fat \/ 920.000 VND<\/strong><br \/>\nD\u00e0nh cho da d\u1ea7u. C\u00e1c s\u1ea3n ph\u1ea9m ch\u0103m s\u00f3c da m\u1eb7t n\u00e0y gi\u00fap c\u00e2n b\u1eb1ng da, b\u1ea3o v\u1ec7 da d\u1ec5 b\u1ecb d\u1ea7u.<br \/>\nS\u1ea3n ph\u1ea9m \u0111\u01b0\u1ee3c thi\u1ebft k\u1ebf \u0111\u1ec3 mang l\u1ea1i s\u1ef1 t\u01b0\u01a1i m\u1edbi, s\u1ee9c s\u1ed1ng v\u00e0 r\u1ea1ng r\u1ee1.<br \/>\n<strong>L\u00e0m m\u1edbi khu\u00f4n m\u1eb7t<\/strong><br \/>\n<strong>50 ph\u00fat \/ 920.000 VND<\/strong><br \/>\nD\u00e0nh cho da th\u01b0\u1eddng ho\u1eb7c da h\u1ed7n h\u1ee3p. C\u00e1c s\u1ea3n ph\u1ea9m ch\u0103m s\u00f3c da m\u1eb7t gi\u00fap da duy tr\u00ec \u0111\u1ed9 \u1ea9m t\u1ef1 nhi\u00ean. Gi\u00fap da tr\u1ebb trung v\u00e0 c\u1ea3i thi\u1ec7n l\u00e0n da, gi\u00fap da s\u0103n ch\u1eafc, m\u1ecbn m\u00e0ng v\u00e0 r\u1ea1ng r\u1ee1.<br \/>\n<strong>Tr\u1ebb h\u00f3a da m\u1eb7t<\/strong><br \/>\n<strong>50 ph\u00fat \/ 920.000 VND<\/strong><br \/>\nD\u00e0nh cho da kh\u00f4. S\u1ea3n ph\u1ea9m d\u01b0\u1ee1ng \u1ea9m v\u00e0 nu\u00f4i d\u01b0\u1ee1ng da m\u1eb7t \u0111\u1eb7c bi\u1ec7t c\u00f3 l\u1ee3i cho k\u1ebft c\u1ea5u da kh\u00f4 v\u00e0 da l\u00e3o h\u00f3a, \u0111\u1ed3ng th\u1eddi th\u00fac \u0111\u1ea9y s\u1ef1 m\u1ecbn m\u00e0ng. Ph\u01b0\u01a1ng ph\u00e1p ch\u0103m s\u00f3c da m\u1eb7t n\u00e0y gi\u00fap da m\u1ec1m m\u1ea1i, t\u01b0\u01a1i tr\u1ebb v\u00e0 tr\u1ebb trung h\u01a1n.<\/p>\n<p style=\"text-align: center;\"><span style=\"color: #800000;\"><strong>LI\u1ec6U PH\u00c1P DALI\u1ec6U PH\u00c1P DA<\/strong><\/span><br \/>\n<strong>T\u1ea9y t\u1ebf b\u00e0o ch\u1ebft to\u00e0n th\u00e2n Oceanic<\/strong><br \/>\n<strong>50 ph\u00fat \/ 970.000 VND<\/strong><br \/>\nTinh d\u1ea7u s\u1ea3 v\u00e0 mu\u1ed1i bi\u1ec3n gi\u00fap \u0111\u00e1nh th\u1ee9c tu\u1ea7n ho\u00e0n m\u00e1u \u0111\u1ed3ng th\u1eddi lo\u1ea1i b\u1ecf da kh\u00f4, x\u1ec9n m\u00e0u v\u00e0 t\u1ea1p ch\u1ea5t.<br \/>\nL\u00e0n da tr\u1edf n\u00ean m\u1ecbn m\u00e0ng, s\u00e1ng b\u00f3ng v\u00e0 t\u01b0\u01a1i tr\u1ebb h\u01a1n, mang l\u1ea1i v\u1ebb r\u1ea1ng r\u1ee1 t\u01b0\u01a1i m\u1edbi.<br \/>\n<strong>T\u1ea9y t\u1ebf b\u00e0o ch\u1ebft to\u00e0n th\u00e2n t\u01b0\u01a1i m\u00e1t<\/strong><br \/>\n<strong>50 ph\u00fat \/ 970.000 VND<\/strong><br \/>\nChi\u1ebft xu\u1ea5t rong bi\u1ec3n, tr\u00e0 xanh v\u00e0 c\u00e1c tinh th\u1ec3 \u0111\u01b0\u1eddng nh\u1ecf gi\u00fap nh\u1eb9 nh\u00e0ng lo\u1ea1i b\u1ecf da kh\u00f4,<br \/>\nv\u00ec n\u00f3 gi\u00fap ph\u1ee5c h\u1ed3i v\u1ebb r\u1ea1ng r\u1ee1 t\u01b0\u01a1i m\u1edbi v\u00e0 k\u1ebft c\u1ea5u m\u1ecbn m\u00e0ng cho l\u00e0n da c\u1ee7a b\u1ea1n.<br \/>\n<strong>\u0110i\u1ec1u tr\u1ecb l\u00e0m d\u1ecbu ch\u00e1y n\u1eafng<\/strong><br \/>\n<strong>50 ph\u00fat \/ 970.000 VND<\/strong><br \/>\nPh\u01b0\u01a1ng ph\u00e1p \u0111i\u1ec1u tr\u1ecb l\u00e0m d\u1ecbu t\u1eadp trung v\u00e0o v\u00f9ng da b\u1ecb \u1ea3nh h\u01b0\u1edfng b\u1eb1ng c\u00e1ch s\u1eed d\u1ee5ng l\u00f4 h\u1ed9i t\u01b0\u01a1i v\u00e0 d\u01b0a chu\u1ed9t, nh\u1eb9 nh\u00e0ng ch\u00e0 x\u00e1t l\u00ean da \u0111\u1ec3 l\u00e0m m\u00e1t, l\u00e0m d\u1ecbu v\u00e0 gi\u1ea3m m\u1ea9n \u0111\u1ecf do ch\u00e1y n\u1eafng.<\/p>\n<p style=\"text-align: center;\"><strong><span style=\"color: #800000;\">C\u00c1C LI\u1ec6U PH\u00c1P MASSAGE C\u00c1C LI\u1ec6U PH\u00c1P MASSAGE<\/span><\/strong><br \/>\n<strong>Massage \u0111\u1ea7u<\/strong><br \/>\n<strong>30 ph\u00fat \/ 510.000 VND<\/strong><br \/>\nLi\u1ec7u ph\u00e1p m\u00e1t-xa t\u1eadp trung v\u00e0o \u0111\u1ea7u v\u00e0 vai \u0111\u01b0\u1ee3c cho l\u00e0 c\u00f3 t\u00e1c d\u1ee5ng c\u00e2n b\u1eb1ng n\u0103ng l\u01b0\u1ee3ng.<br \/>\nN\u00f3 th\u00fac \u0111\u1ea9y s\u1ef1 th\u01b0 gi\u00e3n v\u00e0 tr\u1ebb h\u00f3a t\u00e2m tr\u00ed v\u00e0 c\u01a1 th\u1ec3 c\u1ee7a b\u1ea1n.<br \/>\n<strong>Massage l\u01b0ng v\u00e0 c\u1ed5<\/strong><br \/>\n<strong>30 ph\u00fat \/ 510.000 VND<\/strong><br \/>\n<strong>50 ph\u00fat \/ 740.000 VND<\/strong><br \/>\nB\u00e0i t\u1eadp n\u00e0y \u0111\u01b0\u1ee3c t\u1ea1o ra \u0111\u1ec3 l\u00e0m gi\u1ea3m c\u0103ng th\u1eb3ng nghi\u00eam tr\u1ecdng \u1edf c\u00e1c c\u01a1 v\u00e0 m\u00f4 li\u00ean k\u1ebft \u1edf l\u01b0ng d\u01b0\u1edbi v\u00e0 vai c\u1ee7a b\u1ea1n. B\u00e0i t\u1eadp n\u00e0y t\u1eadp trung v\u00e0o c\u00e1c c\u01a1 n\u1eb1m b\u00ean d\u01b0\u1edbi b\u1ec1 m\u1eb7t c\u1ee7a c\u00e1c c\u01a1 tr\u00ean c\u00f9ng.<br \/>\n<strong>Ph\u1ea3n x\u1ea1 h\u1ecdc b\u00e0n ch\u00e2n<\/strong><br \/>\n<strong>30 ph\u00fat \/ 390.000 VND<\/strong><br \/>\n<strong>50 ph\u00fat \/ 620.000 VND<\/strong><br \/>\nK\u00edch th\u00edch v\u00e0 \u0111\u01b0a c\u00e1c c\u01a1 quan n\u1ed9i t\u1ea1ng c\u1ee7a c\u01a1 th\u1ec3 tr\u1edf l\u1ea1i tr\u1ea1ng th\u00e1i kh\u1ecfe m\u1ea1nh v\u00e0 l\u00e0 m\u1ed9t c\u00e1ch hi\u1ec7u qu\u1ea3 \u0111\u1ec3 l\u00e0m d\u1ecbu v\u00e0 ph\u1ee5c h\u1ed3i s\u1ef1 c\u00e2n b\u1eb1ng t\u1ef1 nhi\u00ean v\u00e0 s\u1ee9c kh\u1ecfe. G\u1eady \u0111\u01b0\u1ee3c \u1ea5n v\u00e0o c\u00e1c \u0111i\u1ec3m c\u1ee5 th\u1ec3 tr\u00ean b\u00e0n ch\u00e2n \u0111\u1ec3 gi\u1ea3i t\u1ecfa c\u0103ng th\u1eb3ng v\u00e0 gi\u00fap c\u1ea3i thi\u1ec7n l\u01b0u th\u00f4ng m\u00e1u.<br \/>\n<strong>Massage \u0111\u00e1 n\u00f3ng<\/strong><br \/>\n<strong>60 ph\u00fat \/ 970.000 VND<\/strong><br \/>\nBao g\u1ed3m vi\u1ec7c s\u1eed d\u1ee5ng \u0111\u00e1 n\u00f3ng m\u1ecbn, gi\u00fap th\u01b0 gi\u00e3n v\u00e0 l\u00e0m d\u1ecbu c\u00e1c m\u00f4 c\u01a1 m\u1ec1m b\u1ecb c\u0103ng th\u1eb3ng v\u00e0 t\u1ed5n th\u01b0\u01a1ng tr\u00ean kh\u1eafp c\u01a1 th\u1ec3 b\u1ea1n. C\u00e1c k\u1ef9 thu\u1eadt massage c\u01a1 th\u1ec3 th\u00f4ng th\u01b0\u1eddng c\u0169ng \u0111ang \u0111\u01b0\u1ee3c \u00e1p d\u1ee5ng.<br \/>\n<strong>Massage h\u01b0\u01a1ng li\u1ec7u<\/strong><br \/>\n<strong>50 ph\u00fat \/ 740.000 VND<\/strong><br \/>\n<strong>80 ph\u00fat \/ 1.105.000 VND<\/strong><br \/>\nLi\u1ec7u ph\u00e1p massage to\u00e0n th\u00e2n v\u1edbi \u0111\u1ed9ng t\u00e1c vu\u1ed1t d\u00e0i ch\u1eadm r\u00e3i, nh\u1ecbp nh\u00e0ng, d\u00f9ng l\u00f2ng b\u00e0n tay v\u00e0 ng\u00f3n tay c\u00e1i \u0111\u1ec3 nh\u00e0o.<br \/>\nPh\u01b0\u01a1ng ph\u00e1p massage n\u00e0y c\u00f3 t\u00e1c d\u1ee5ng gi\u1ea3m \u0111au v\u00e0 c\u1ea3i thi\u1ec7n t\u00ecnh tr\u1ea1ng l\u01b0u th\u00f4ng m\u00e1u k\u00e9m.<br \/>\n<strong>Massage Th\u00e1i<\/strong><br \/>\n<strong>50 ph\u00fat \/ 740.000 VND<\/strong><br \/>\n<strong>80 ph\u00fat \/ 1.105.000 VND<\/strong><br \/>\nPh\u01b0\u01a1ng ph\u00e1p n\u00e0y s\u1eed d\u1ee5ng \u0111\u1ed9ng t\u00e1c k\u00e9o gi\u00e3n th\u1ee5 \u0111\u1ed9ng gi\u1ed1ng nh\u01b0 yoga v\u00e0 \u1ea5n nh\u1eb9 l\u00f2ng b\u00e0n tay d\u1ecdc theo c\u00e1c \u0111\u01b0\u1eddng n\u0103ng l\u01b0\u1ee3ng c\u1ee7a c\u01a1 th\u1ec3 \u0111\u1ec3 t\u0103ng t\u00ednh linh ho\u1ea1t, gi\u1ea3m c\u0103ng th\u1eb3ng cho c\u01a1 v\u00e0 kh\u1edbp v\u00e0 c\u00e2n b\u1eb1ng kinh tuy\u1ebfn n\u0103ng l\u01b0\u1ee3ng c\u1ee7a c\u01a1 th\u1ec3. Ph\u01b0\u01a1ng ph\u00e1p massage n\u00e0y t\u1eadp trung nhi\u1ec1u h\u01a1n v\u00e0o c\u00e1c chi d\u01b0\u1edbi.<br \/>\n<strong>Massage \u0111\u1eb7c tr\u01b0ng Mango Bay<\/strong><br \/>\n<strong>80 ph\u00fat \/ 1.105.000 VND<\/strong><br \/>\nS\u1eed d\u1ee5ng c\u00e1c \u0111\u1ed9ng t\u00e1c vu\u1ed1t ch\u1eadm s\u00e2u \u0111\u1ec3 nh\u1eafm v\u00e0o c\u00e1c l\u1edbp b\u00ean trong c\u1ee7a c\u01a1, gi\u00fap l\u00e0m gi\u1ea3m \u0111au c\u01a1 m\u00e3n t\u00ednh. Bao g\u1ed3m m\u1ed9t ch\u00fat k\u00e9o gi\u00e3n l\u01b0ng d\u01b0\u1edbi \u0111\u1ec3 l\u00e0m gi\u1ea3m chu\u1ed9t r\u00fat c\u01a1 v\u00e0 t\u0103ng t\u00ednh linh ho\u1ea1t, b\u1ea5m huy\u1ec7t \u0111\u1ec3 gi\u1ea3i ph\u00f3ng t\u1eafc ngh\u1ebdn trong kinh m\u1ea1ch n\u0103ng l\u01b0\u1ee3ng.<br \/>\n<span style=\"color: #800000;\"><strong>(T\u1ea5t c\u1ea3 gi\u00e1 c\u1ee7a ch\u00fang t\u00f4i bao g\u1ed3m 10% VAT v\u00e0 5% Ph\u00ed d\u1ecbch v\u1ee5)<\/strong><\/span><\/p>\n\n\t\t<\/div>\n\t<\/div>\n<\/div><\/div><\/div><\/div><\/div><\/div><\/div><\/div>\n<\/div>","protected":false},"excerpt":{"rendered":"MENU SPA C\u00c1C G\u00d3I SPA Tr\u1ebb h\u00f3a to\u00e0n di\u1ec7n 2h \/ 1.430.000 VND Ch\u0103m s\u00f3c t\u1eeb \u0111\u1ea7u \u0111\u1ebfn ch\u00e2n bao g\u1ed3m massage \u0111\u1ea7u, sau \u0111\u00f3 l\u00e0 massage h\u01b0\u01a1ng li\u1ec7u v\u00e0 k\u1ebft th\u00fac b\u1eb1ng li\u1ec7u ph\u00e1p ph\u1ea3n x\u1ea1 b\u00e0n ch\u00e2n. Th\u01b0 gi\u00e3n ho\u00e0n h\u1ea3o 2h 30 ph\u00fat \/ 2.025.000 VND T\u1ea9y t\u1ebf b\u00e0o ch\u1ebft to\u00e0n th\u00e2n\u2026","protected":false},"author":1,"featured_media":0,"parent":342,"menu_order":1,"comment_status":"closed","ping_status":"closed","template":"","meta":{"footnotes":""},"class_list":["post-818","page","type-page","status-publish","hentry","entry","no-media"],"yoast_head":"<!-- This site is optimized with the Yoast SEO plugin v27.2 - https:\/\/yoast.com\/product\/yoast-seo-wordpress\/ -->\n<title>Spa Menu - Mango Bay Resort Phu Quoc<\/title>\n<meta name=\"description\" content=\"Mango Bay Resort is an eco-friendly resort with beachfront bungalows, nestled amidst lush greenery, perfect for a nature retreat on Phu Quoc.\" \/>\n<meta name=\"robots\" content=\"index, follow, max-snippet:-1, max-image-preview:large, max-video-preview:-1\" \/>\n<link rel=\"canonical\" href=\"https:\/\/mangobayphuquoc.com\/vi\/spa\/spa-menu\/\" \/>\n<meta property=\"og:locale\" content=\"vi_VN\" \/>\n<meta property=\"og:type\" content=\"article\" \/>\n<meta property=\"og:title\" content=\"Spa Menu - Mango Bay Resort Phu Quoc\" \/>\n<meta property=\"og:description\" content=\"Mango Bay Resort is an eco-friendly resort with beachfront bungalows, nestled amidst lush greenery, perfect for a nature retreat on Phu Quoc.\" \/>\n<meta property=\"og:url\" content=\"https:\/\/mangobayphuquoc.com\/vi\/spa\/spa-menu\/\" \/>\n<meta property=\"og:site_name\" content=\"Mango Bay Resort Phu Quoc\" \/>\n<meta property=\"article:modified_time\" content=\"2020-10-30T23:56:54+00:00\" \/>\n<meta property=\"og:image\" content=\"https:\/\/mangobayphuquoc.com\/wp-content\/uploads\/2024\/08\/DAVID-MEDIA-MangoBay-Demo-4-17-1024x682.jpg\" \/>\n\t<meta property=\"og:image:width\" content=\"1024\" \/>\n\t<meta property=\"og:image:height\" content=\"682\" \/>\n\t<meta property=\"og:image:type\" content=\"image\/jpeg\" \/>\n<meta name=\"twitter:card\" content=\"summary_large_image\" \/>\n<meta name=\"twitter:label1\" content=\"\u01af\u1edbc t\u00ednh th\u1eddi gian \u0111\u1ecdc\" \/>\n\t<meta name=\"twitter:data1\" content=\"4 ph\u00fat\" \/>\n<!-- \/ Yoast SEO plugin. -->","yoast_head_json":{"title":"Spa Menu - Mango Bay Resort Phu Quoc","description":"Mango Bay Resort is an eco-friendly resort with beachfront bungalows, nestled amidst lush greenery, perfect for a nature retreat on Phu Quoc.","robots":{"index":"index","follow":"follow","max-snippet":"max-snippet:-1","max-image-preview":"max-image-preview:large","max-video-preview":"max-video-preview:-1"},"canonical":"https:\/\/mangobayphuquoc.com\/vi\/spa\/spa-menu\/","og_locale":"vi_VN","og_type":"article","og_title":"Spa Menu - Mango Bay Resort Phu Quoc","og_description":"Mango Bay Resort is an eco-friendly resort with beachfront bungalows, nestled amidst lush greenery, perfect for a nature retreat on Phu Quoc.","og_url":"https:\/\/mangobayphuquoc.com\/vi\/spa\/spa-menu\/","og_site_name":"Mango Bay Resort Phu Quoc","article_modified_time":"2020-10-30T23:56:54+00:00","og_image":[{"width":1024,"height":682,"url":"https:\/\/mangobayphuquoc.com\/wp-content\/uploads\/2024\/08\/DAVID-MEDIA-MangoBay-Demo-4-17-1024x682.jpg","type":"image\/jpeg"}],"twitter_card":"summary_large_image","twitter_misc":{"\u01af\u1edbc t\u00ednh th\u1eddi gian \u0111\u1ecdc":"4 ph\u00fat"},"schema":{"@context":"https:\/\/schema.org","@graph":[{"@type":"WebPage","@id":"https:\/\/mangobayphuquoc.com\/spa\/spa-menu\/","url":"https:\/\/mangobayphuquoc.com\/spa\/spa-menu\/","name":"Spa Menu - Mango Bay Resort Phu Quoc","isPartOf":{"@id":"https:\/\/mangobayphuquoc.com\/vi\/#website"},"datePublished":"2020-10-30T23:54:50+00:00","dateModified":"2020-10-30T23:56:54+00:00","description":"Mango Bay Resort is an eco-friendly resort with beachfront bungalows, nestled amidst lush greenery, perfect for a nature retreat on Phu Quoc.","breadcrumb":{"@id":"https:\/\/mangobayphuquoc.com\/spa\/spa-menu\/#breadcrumb"},"inLanguage":"vi","potentialAction":[{"@type":"ReadAction","target":["https:\/\/mangobayphuquoc.com\/spa\/spa-menu\/"]}]},{"@type":"BreadcrumbList","@id":"https:\/\/mangobayphuquoc.com\/spa\/spa-menu\/#breadcrumb","itemListElement":[{"@type":"ListItem","position":1,"name":"Home","item":"https:\/\/mangobayphuquoc.com\/"},{"@type":"ListItem","position":2,"name":"Mango Bay Spa","item":"https:\/\/mangobayphuquoc.com\/spa\/"},{"@type":"ListItem","position":3,"name":"Spa Menu"}]},{"@type":"WebSite","@id":"https:\/\/mangobayphuquoc.com\/vi\/#website","url":"https:\/\/mangobayphuquoc.com\/vi\/","name":"Mango Bay Resort Phu Quoc","description":"#1 well-known Resort on Phu Quoc Island","publisher":{"@id":"https:\/\/mangobayphuquoc.com\/vi\/#organization"},"potentialAction":[{"@type":"SearchAction","target":{"@type":"EntryPoint","urlTemplate":"https:\/\/mangobayphuquoc.com\/vi\/?s={search_term_string}"},"query-input":{"@type":"PropertyValueSpecification","valueRequired":true,"valueName":"search_term_string"}}],"inLanguage":"vi"},{"@type":"Organization","@id":"https:\/\/mangobayphuquoc.com\/vi\/#organization","name":"Mango Bay Resort Phu Quoc","url":"https:\/\/mangobayphuquoc.com\/vi\/","logo":{"@type":"ImageObject","inLanguage":"vi","@id":"https:\/\/mangobayphuquoc.com\/vi\/#\/schema\/logo\/image\/","url":"https:\/\/mangobayphuquoc.com\/wp-content\/uploads\/2020\/10\/logo-white.png","contentUrl":"https:\/\/mangobayphuquoc.com\/wp-content\/uploads\/2020\/10\/logo-white.png","width":160,"height":52,"caption":"Mango Bay Resort Phu Quoc"},"image":{"@id":"https:\/\/mangobayphuquoc.com\/vi\/#\/schema\/logo\/image\/"}}]}},"_links":{"self":[{"href":"https:\/\/mangobayphuquoc.com\/vi\/wp-json\/wp\/v2\/pages\/818","targetHints":{"allow":["GET"]}}],"collection":[{"href":"https:\/\/mangobayphuquoc.com\/vi\/wp-json\/wp\/v2\/pages"}],"about":[{"href":"https:\/\/mangobayphuquoc.com\/vi\/wp-json\/wp\/v2\/types\/page"}],"author":[{"embeddable":true,"href":"https:\/\/mangobayphuquoc.com\/vi\/wp-json\/wp\/v2\/users\/1"}],"replies":[{"embeddable":true,"href":"https:\/\/mangobayphuquoc.com\/vi\/wp-json\/wp\/v2\/comments?post=818"}],"version-history":[{"count":4,"href":"https:\/\/mangobayphuquoc.com\/vi\/wp-json\/wp\/v2\/pages\/818\/revisions"}],"predecessor-version":[{"id":822,"href":"https:\/\/mangobayphuquoc.com\/vi\/wp-json\/wp\/v2\/pages\/818\/revisions\/822"}],"up":[{"embeddable":true,"href":"https:\/\/mangobayphuquoc.com\/vi\/wp-json\/wp\/v2\/pages\/342"}],"wp:attachment":[{"href":"https:\/\/mangobayphuquoc.com\/vi\/wp-json\/wp\/v2\/media?parent=818"}],"curies":[{"name":"wp","href":"https:\/\/api.w.org\/{rel}","templated":true}]}}